{"id":11787,"date":"2025-08-18T12:29:42","date_gmt":"2025-08-18T12:29:42","guid":{"rendered":"https:\/\/newhometr.com\/store\/?post_type=product&#038;p=11787"},"modified":"2025-08-18T12:29:43","modified_gmt":"2025-08-18T12:29:43","slug":"demirdokum-atron-condense-yogusmali-kombi-p24-dg","status":"publish","type":"product","link":"https:\/\/newhometr.com\/store\/product\/demirdokum-atron-condense-yogusmali-kombi-p24-dg\/","title":{"rendered":"Demird\u00f6k\u00fcm Atron Condense Yo\u011fu\u015fmal\u0131 Kombi P24 (DG)"},"content":{"rendered":"<p>\u2022 ekonomik mod<br \/>\n\u2022 d\u00fc\u015f\u00fck ses seviyesi<br \/>\n\u2022 ak\u0131ll\u0131 \u0131s\u0131tma sistemi<br \/>\n\u2022 geni\u015f lcd ekran<\/p>\n","protected":false},"excerpt":{"rendered":"<p>\u2022 ekonomik mod \u2022 d\u00fc\u015f\u00fck ses seviyesi \u2022 ak\u0131ll\u0131 \u0131s\u0131tma sistemi \u2022 geni\u015f lcd ekran<\/p>\n","protected":false},"featured_media":11788,"comment_status":"open","ping_status":"closed","template":"","meta":[],"product_brand":[],"product_cat":[486,43],"product_tag":[],"class_list":{"0":"post-11787","1":"product","2":"type-product","3":"status-publish","4":"has-post-thumbnail","6":"product_cat-electrical-appliances","7":"product_cat-electrical","10":"instock","11":"shipping-taxable","12":"purchasable","13":"product-type-simple"},"_links":{"self":[{"href":"https:\/\/newhometr.com\/store\/wp-json\/wp\/v2\/product\/11787","targetHints":{"allow":["GET"]}}],"collection":[{"href":"https:\/\/newhometr.com\/store\/wp-json\/wp\/v2\/product"}],"about":[{"href":"https:\/\/newhometr.com\/store\/wp-json\/wp\/v2\/types\/product"}],"replies":[{"embeddable":true,"href":"https:\/\/newhometr.com\/store\/wp-json\/wp\/v2\/comments?post=11787"}],"version-history":[{"count":1,"href":"https:\/\/newhometr.com\/store\/wp-json\/wp\/v2\/product\/11787\/revisions"}],"predecessor-version":[{"id":11789,"href":"https:\/\/newhometr.com\/store\/wp-json\/wp\/v2\/product\/11787\/revisions\/11789"}],"wp:featuredmedia":[{"embeddable":true,"href":"https:\/\/newhometr.com\/store\/wp-json\/wp\/v2\/media\/11788"}],"wp:attachment":[{"href":"https:\/\/newhometr.com\/store\/wp-json\/wp\/v2\/media?parent=11787"}],"wp:term":[{"taxonomy":"product_brand","embeddable":true,"href":"https:\/\/newhometr.com\/store\/wp-json\/wp\/v2\/product_brand?post=11787"},{"taxonomy":"product_cat","embeddable":true,"href":"https:\/\/newhometr.com\/store\/wp-json\/wp\/v2\/product_cat?post=11787"},{"taxonomy":"product_tag","embeddable":true,"href":"https:\/\/newhometr.com\/store\/wp-json\/wp\/v2\/product_tag?post=11787"}],"curies":[{"name":"wp","href":"https:\/\/api.w.org\/{rel}","templated":true}]}}