{"id":11775,"date":"2025-08-18T12:21:39","date_gmt":"2025-08-18T12:21:39","guid":{"rendered":"https:\/\/newhometr.com\/store\/?post_type=product&#038;p=11775"},"modified":"2025-08-18T12:22:44","modified_gmt":"2025-08-18T12:22:44","slug":"baymak-duotec-compact-kombi-24","status":"publish","type":"product","link":"https:\/\/newhometr.com\/store\/product\/baymak-duotec-compact-kombi-24\/","title":{"rendered":"Baymak Duotec Compact Kombi 24"},"content":{"rendered":"<p>Baymak Duotec Compact Kombi 24 teknolojisinin rahat kullan\u0131m\u0131 ile ya\u015fam alan\u0131n\u0131zda konfor sa\u011flay\u0131n.<\/p>\n<p>baymak duotec compact kombi 24 yo\u011fu\u015fmal\u0131 tipe sahiptir. 39.5 cm geni\u015filk, 70 cm y\u00fckseklik ve 27.5 cm derinlik \u00f6l\u00e7\u00fclerine sahiptir.<\/p>\n<p>Mevsimsel \u0131s\u0131tma verimlilik s\u0131n\u0131f A.<\/p>\n<p>Mevsimsel \u0131s\u0131tma verimlili\u011fi %92.<\/p>\n<p>52 db(A) ses g\u00fcc\u00fc.<\/p>\n<p>Premix yanma teknolojili yo\u011fu\u015fmal\u0131 kombi. Cold burner door teknolojili yanma grubu. NOx s\u0131n\u0131f\u0131 6, ula\u015f\u0131lan son nokta.<\/p>\n<p>Dijital LCD g\u00f6sterge panosu.<\/p>\n<p>Ar\u0131za tespit sistemi.<\/p>\n<p>Opsiyonel dijital oda termostat\u0131 \u00f6zelli\u011fi.<\/p>\n<p>Maksimum 10 mt baca mesafesi (90 derece dirsek kullan\u0131l\u0131rsa dirsek ba\u015f\u0131 1 metre, 45 derece kullan\u0131l\u0131rsa yar\u0131m\u015far metre d\u00fc\u015fer)<\/p>\n<p>\u00dcr\u00fcn\u00fc sipari\u015f etti\u011finiz takdirde kat\u0131n\u0131za kadar teslim edilir. Demonte olarak iletilir ve kurulumu m\u00fc\u015fteriye aittir.<\/p>\n<p>\u00dcretim ve i\u015f\u00e7ilik hatalar\u0131na kar\u015f\u0131 3 y\u0131l garantili olan Baymak Duotec Compact Kombi 24, Ko\u00e7ta\u015f\u2019tan al\u0131\u015fveri\u015f g\u00fcvencesi ile sizle<\/p>\n","protected":false},"excerpt":{"rendered":"<p>Baymak Duotec Compact Kombi 24 teknolojisinin rahat kullan\u0131m\u0131 ile ya\u015fam alan\u0131n\u0131zda konfor sa\u011flay\u0131n. baymak duotec compact kombi 24 yo\u011fu\u015fmal\u0131 tipe sahiptir. 39.5 cm geni\u015filk, 70 cm y\u00fckseklik ve 27.5 cm derinlik \u00f6l\u00e7\u00fclerine sahiptir. Mevsimsel \u0131s\u0131tma verimlilik s\u0131n\u0131f A. Mevsimsel \u0131s\u0131tma verimlili\u011fi %92. 52 db(A) ses g\u00fcc\u00fc. Premix yanma teknolojili yo\u011fu\u015fmal\u0131 kombi. Cold burner door teknolojili &hellip; <a href=\"https:\/\/newhometr.com\/store\/product\/baymak-duotec-compact-kombi-24\/\" class=\"more-link\">Continue reading <span class=\"screen-reader-text\">Baymak Duotec Compact Kombi 24<\/span><\/a><\/p>\n","protected":false},"featured_media":11776,"comment_status":"open","ping_status":"closed","template":"","meta":[],"product_brand":[],"product_cat":[486,43],"product_tag":[],"class_list":{"0":"post-11775","1":"product","2":"type-product","3":"status-publish","4":"has-post-thumbnail","6":"product_cat-electrical-appliances","7":"product_cat-electrical","10":"instock","11":"shipping-taxable","12":"purchasable","13":"product-type-simple"},"_links":{"self":[{"href":"https:\/\/newhometr.com\/store\/wp-json\/wp\/v2\/product\/11775","targetHints":{"allow":["GET"]}}],"collection":[{"href":"https:\/\/newhometr.com\/store\/wp-json\/wp\/v2\/product"}],"about":[{"href":"https:\/\/newhometr.com\/store\/wp-json\/wp\/v2\/types\/product"}],"replies":[{"embeddable":true,"href":"https:\/\/newhometr.com\/store\/wp-json\/wp\/v2\/comments?post=11775"}],"version-history":[{"count":2,"href":"https:\/\/newhometr.com\/store\/wp-json\/wp\/v2\/product\/11775\/revisions"}],"predecessor-version":[{"id":11780,"href":"https:\/\/newhometr.com\/store\/wp-json\/wp\/v2\/product\/11775\/revisions\/11780"}],"wp:featuredmedia":[{"embeddable":true,"href":"https:\/\/newhometr.com\/store\/wp-json\/wp\/v2\/media\/11776"}],"wp:attachment":[{"href":"https:\/\/newhometr.com\/store\/wp-json\/wp\/v2\/media?parent=11775"}],"wp:term":[{"taxonomy":"product_brand","embeddable":true,"href":"https:\/\/newhometr.com\/store\/wp-json\/wp\/v2\/product_brand?post=11775"},{"taxonomy":"product_cat","embeddable":true,"href":"https:\/\/newhometr.com\/store\/wp-json\/wp\/v2\/product_cat?post=11775"},{"taxonomy":"product_tag","embeddable":true,"href":"https:\/\/newhometr.com\/store\/wp-json\/wp\/v2\/product_tag?post=11775"}],"curies":[{"name":"wp","href":"https:\/\/api.w.org\/{rel}","templated":true}]}}