{"id":11768,"date":"2025-08-18T12:18:34","date_gmt":"2025-08-18T12:18:34","guid":{"rendered":"https:\/\/newhometr.com\/store\/?post_type=product&#038;p=11768"},"modified":"2025-08-18T12:18:36","modified_gmt":"2025-08-18T12:18:36","slug":"viessmann-vitodens-connect-25-29-kw-21000-kcl-tam-yogusmali-kombi","status":"publish","type":"product","link":"https:\/\/newhometr.com\/store\/product\/viessmann-vitodens-connect-25-29-kw-21000-kcl-tam-yogusmali-kombi\/","title":{"rendered":"Viessmann Vitodens Connect 25\/29 Kw 21000 Kcl Tam Yo\u011fu\u015fmal\u0131 Kombi"},"content":{"rendered":"<p><strong>viessmann vitodens connect 25\/29 kw 21.000 kcal kombi i\u0307le i\u0307lgili s\u0131k sorulan sorular<\/strong><\/p>\n<ul>\n<li>baca dahil mi? evet, t\u00fcm kombi grubu \u00fcr\u00fcnlerinde dirsek ve bacadan olu\u015fan baca seti dahildir, \u00fcr\u00fcnle birlikte g\u00f6nderilir.<\/li>\n<li>bu kombi erp&#8217;li mi? evet, viessmann vitodens connect 25\/29 kw kombi modeli yeni nesil erp (enerji uyumlu \u00fcr\u00fcn) pompal\u0131d\u0131r.<\/li>\n<li>yerden is\u0131tma uygun mu? evet, servis ilk a\u00e7\u0131l\u0131\u015f\u0131 esnas\u0131nda belirtmeniz yeterlidir.<\/li>\n<li>kargo dahil mi? evet, t\u00fcm kombi al\u0131\u015fveri\u015flerinizde fiyatlar\u0131m\u0131za kargo dahildir.<\/li>\n<li>kombi montaj\u0131 ve garanti i\u015flemleri ile ilgili bilgiler sayfan\u0131n en alt k\u0131sm\u0131ndad\u0131r&#8230;<br \/>\nviessmann vitodens connect 25\/29 kw 21.000 kcal tam yo\u011fu\u015fmal\u0131 kombi<\/li>\n<\/ul>\n<p>vitodens trend | dahili wifi entegre de\u011fil ve vicare kablolu oda kumandas\u0131 yok<\/p>\n<p>vitodens connect | dahili wifi i\u0307le kombi cep telefonundan kumanda edilebilir ve vicare kablolu oda kumandas\u0131 yok<\/p>\n<p>vitodens 100-w | dahili wifi i\u0307le kombi cep telefonundan kumanda edilebilir ve vicare kablolu oda kumandas\u0131 var<\/p>\n<p><strong>2 y\u0131l garanti &#8211; i\u0307stanbul i\u0307\u00e7i kombi montaj\u0131 hizmeti<\/strong><\/p>\n<p><strong>vitodens connect kombi<\/strong><br \/>\nkompakt boyutlar\u0131 ve \u00fcst\u00fcn performans\u0131 ile \u00f6nc\u00fc olan y\u00fcksek verimli duvar tipi yo\u011fu\u015fmal\u0131 kombi.<\/p>\n<p>vitodens connect gaz yak\u0131tl\u0131 yo\u011fu\u015fmal\u0131 kombi, \u00fcst\u00fcn kalitesi ile \u00f6ne \u00e7\u0131kmaktad\u0131r. Kapsaml\u0131 aksesuar se\u00e7enekleri ile hem yeni binalarda hem de mevcut \u0131s\u0131tma sistemlerinin modernizasyonunda kullan\u0131labilir. Vitodens connect, 19 ve 25 kw olmak \u00fczere iki farkl\u0131 kapasite aral\u0131\u011f\u0131ndaki (3,2 ila19 kw ve 3,2 ila 25 kw) kombi se\u00e7enekleriyle sunulmaktad\u0131r.<\/p>\n<p>vitodens connect, y\u00fcksek kaliteli paslanmaz \u00e7elik inox-radial \u0131s\u0131tma y\u00fczeyine sahiptir. Bu teknoloji sayesinde y\u00fcksek verim, uzun kullan\u0131m \u00f6mr\u00fc ve emniyetli bir i\u015fletme sa\u011flanmaktad\u0131r.<\/p>\n<p><strong>matrix-plus-br\u00fcl\u00f6r viessmann taraf\u0131ndan geli\u015ftirilen ve \u00fcretilen paslanmaz \u00e7elik<\/strong><br \/>\nmatrix-plus br\u00fcl\u00f6r matrix-y\u00fczey sayesinde uzun kullan\u0131m \u00f6mr\u00fcne sahiptir. Vitodens connect, lambda pro otomatik yanma kalitesi kontrol sistemine sahiptir. Matrix-plus br\u00fcl\u00f6r ve lambda pro sistemi, gaz tipini kendili\u011finden tan\u0131yarak de\u011fi\u015fken gaz niteliklerine ve i\u015fletme \u015fartlar\u0131na en uygun yanma ko\u015fullar\u0131n\u0131 otomatik olarak ayarlar. Bu sayede s\u00fcrekli y\u00fcksek bir verim elde edilir ve yak\u0131t t\u00fcketimi azal\u0131r.<\/p>\n<p><strong>yeni led dokunmatik ekranla kullan\u0131m kolayl\u0131\u011f\u0131<\/strong><br \/>\nyeni led dokunmatik ekran\u0131na sahip vitodens connect \u00e7ok basit ve anla\u015f\u0131l\u0131rd\u0131r. Siyah panel ve ince tasar\u0131m ile \u0131s\u0131tma sistemleri rahat bi\u00e7imde kontrol edilebilir.<\/p>\n<p>vitodens connect \u00fcst\u00fcnl\u00fckleri<br \/>\n+ \u00fcst\u00fcn performans<\/p>\n<p>+ inox-radial \u0131s\u0131tma y\u00fczeyi sayesinde dayan\u0131kl\u0131 ve verimli paslanmaz \u00e7elikten yap\u0131lm\u0131\u015ft\u0131r.<\/p>\n<p>+ matrix-plus br\u00fcl\u00f6r ve lambda pro sistemi ile y\u00fcksek verim ve d\u00fc\u015f\u00fck yak\u0131t t\u00fcketimi<\/p>\n<p>+ led ekran \u00fczerinden basit ve sezgisel kullan\u0131m, dokunmatik butonlar<\/p>\n<p>+ kompakt \u00f6l\u00e7\u00fcleri ve d\u00fc\u015f\u00fck ses seviyesi sayesinde oturma mekanlar\u0131na montaj i\u00e7in uygundur<\/p>\n","protected":false},"excerpt":{"rendered":"<p>viessmann vitodens connect 25\/29 kw 21.000 kcal kombi i\u0307le i\u0307lgili s\u0131k sorulan sorular baca dahil mi? evet, t\u00fcm kombi grubu \u00fcr\u00fcnlerinde dirsek ve bacadan olu\u015fan baca seti dahildir, \u00fcr\u00fcnle birlikte g\u00f6nderilir. bu kombi erp&#8217;li mi? evet, viessmann vitodens connect 25\/29 kw kombi modeli yeni nesil erp (enerji uyumlu \u00fcr\u00fcn) pompal\u0131d\u0131r. yerden is\u0131tma uygun mu? evet, &hellip; <a href=\"https:\/\/newhometr.com\/store\/product\/viessmann-vitodens-connect-25-29-kw-21000-kcl-tam-yogusmali-kombi\/\" class=\"more-link\">Continue reading <span class=\"screen-reader-text\">Viessmann Vitodens Connect 25\/29 Kw 21000 Kcl Tam Yo\u011fu\u015fmal\u0131 Kombi<\/span><\/a><\/p>\n","protected":false},"featured_media":11769,"comment_status":"open","ping_status":"closed","template":"","meta":[],"product_brand":[],"product_cat":[486,43],"product_tag":[],"class_list":{"0":"post-11768","1":"product","2":"type-product","3":"status-publish","4":"has-post-thumbnail","6":"product_cat-electrical-appliances","7":"product_cat-electrical","10":"instock","11":"shipping-taxable","12":"purchasable","13":"product-type-simple"},"_links":{"self":[{"href":"https:\/\/newhometr.com\/store\/wp-json\/wp\/v2\/product\/11768","targetHints":{"allow":["GET"]}}],"collection":[{"href":"https:\/\/newhometr.com\/store\/wp-json\/wp\/v2\/product"}],"about":[{"href":"https:\/\/newhometr.com\/store\/wp-json\/wp\/v2\/types\/product"}],"replies":[{"embeddable":true,"href":"https:\/\/newhometr.com\/store\/wp-json\/wp\/v2\/comments?post=11768"}],"version-history":[{"count":3,"href":"https:\/\/newhometr.com\/store\/wp-json\/wp\/v2\/product\/11768\/revisions"}],"predecessor-version":[{"id":11774,"href":"https:\/\/newhometr.com\/store\/wp-json\/wp\/v2\/product\/11768\/revisions\/11774"}],"wp:featuredmedia":[{"embeddable":true,"href":"https:\/\/newhometr.com\/store\/wp-json\/wp\/v2\/media\/11769"}],"wp:attachment":[{"href":"https:\/\/newhometr.com\/store\/wp-json\/wp\/v2\/media?parent=11768"}],"wp:term":[{"taxonomy":"product_brand","embeddable":true,"href":"https:\/\/newhometr.com\/store\/wp-json\/wp\/v2\/product_brand?post=11768"},{"taxonomy":"product_cat","embeddable":true,"href":"https:\/\/newhometr.com\/store\/wp-json\/wp\/v2\/product_cat?post=11768"},{"taxonomy":"product_tag","embeddable":true,"href":"https:\/\/newhometr.com\/store\/wp-json\/wp\/v2\/product_tag?post=11768"}],"curies":[{"name":"wp","href":"https:\/\/api.w.org\/{rel}","templated":true}]}}