{"id":11762,"date":"2025-08-18T12:09:50","date_gmt":"2025-08-18T12:09:50","guid":{"rendered":"https:\/\/newhometr.com\/store\/?post_type=product&#038;p=11762"},"modified":"2025-08-18T12:09:51","modified_gmt":"2025-08-18T12:09:51","slug":"eca-proteus-premix-35-35-kw-30-000-kcal-tam-yogusmali-kombi","status":"publish","type":"product","link":"https:\/\/newhometr.com\/store\/product\/eca-proteus-premix-35-35-kw-30-000-kcal-tam-yogusmali-kombi\/","title":{"rendered":"ECA Proteus Premix 35\/35 Kw 30.000 Kcal Tam Yo\u011fu\u015fmal\u0131 Kombi"},"content":{"rendered":"<ul>\n<li><strong>ECA Proteus Premix 35 kw kombi i\u0307le i\u0307lgili s\u0131k sorulan sorular<\/strong><\/li>\n<li>baca dahil mi? evet, t\u00fcm kombi grubu \u00fcr\u00fcnlerinde dirsek ve bacadan olu\u015fan baca seti dahildir, \u00fcr\u00fcnle birlikte g\u00f6nderilir.<\/li>\n<li>bu kombi erp&#8217;li mi? evet, eca proteus premix 35 kw modeli yeni nesil erp (enerji uyumlu \u00fcr\u00fcn) pompal\u0131d\u0131r.<\/li>\n<li>yerden is\u0131tma uygun mu? evet, servis ilk a\u00e7\u0131l\u0131\u015f\u0131 esnas\u0131nda belirtmeniz yeterlidir.<\/li>\n<li>kargo dahil mi? evet, t\u00fcm kombi al\u0131\u015fveri\u015flerinizde fiyatlar\u0131m\u0131za kargo dahildir.<\/li>\n<li>kombi montaj\u0131 ve garanti i\u015flemleri ile ilgili bilgiler sayfan\u0131n en alt k\u0131sm\u0131ndad\u0131r&#8230;<br \/>\n5 y\u0131l garanti, 31 aral\u0131k 2023 tarihine kadar yetkili servisler taraf\u0131ndan ilk \u00e7al\u0131\u015ft\u0131rmas\u0131 yap\u0131lan t\u00fcm eca proteus premix yo\u011fu\u015fmal\u0131 kombilerde ge\u00e7erlidir<\/li>\n<\/ul>\n<p>5 y\u0131l garanti &#8211; i\u0307stanbul i\u0307\u00e7i kombi montaj\u0131 hizmeti<br \/>\nUyumluluk;<br \/>\neca kablolu on\/off oda termostat uyumludur<br \/>\neca ak\u0131ll\u0131 telefon uzaktan kumandal\u0131 oda termostat\u0131 uyumludur<br \/>\n\u2022 24-28-30-35 kw\u2019l\u0131k kapasite<br \/>\n\u2022 erp a enerji verimlilik s\u0131n\u0131f\u0131<br \/>\n\u2022 sessiz \u00e7al\u0131\u015fma<br \/>\n\u2022 678 mm x 410 mm x 288 mm minimal boyutlar\u0131yla kullan\u0131m alan\u0131nda tasarruf<br \/>\n\u2022 do\u011falgaz ve lpg ile kullan\u0131m imkan\u0131<br \/>\n\u2022 d\u00fc\u015f\u00fck nox ve co emisyonlar\u0131<br \/>\n\u2022 \u00bc mod\u00fclasyon oran\u0131<br \/>\n\u2022 tesisat\u0131 ve kombiyi koruma alt\u0131na alan otomatik by-pass sistemi<br \/>\n\u2022 donmaya kar\u015f\u0131 koruma<br \/>\n\u2022 kalorifer devresi i\u0307\u00e7in eko ve konfor modu<br \/>\n\u2022 ak\u0131ll\u0131 oda termostat\u0131 vas\u0131tas\u0131yla ios ve android uygulamalar\u0131 ile kontrol edilebilme<br \/>\n\u2022 tse ve ce belgeli<br \/>\n\u2022 erp y\u00f6netmeli\u011fine uygunluk<br \/>\n\u2022 konforlu s\u0131cak su elde edebilmek i\u00e7in plakal\u0131 e\u015fanj\u00f6r<br \/>\n\u2022 paslanmaz \u00e7elik br\u00fcl\u00f6r ile y\u00fcksek yanma verimi, d\u00fc\u015f\u00fck at\u0131k gaz emisyonu<br \/>\n\u2022 kullan\u0131m suyunda feed forward ve t\u00fcrbin sistemi ile sabit s\u0131cakl\u0131kta su alma imkan\u0131<br \/>\n\u2022 otomatik by-pass sistemi ile tesisat\u0131 ve kombiyi koruma alt\u0131na alma \u00f6zelli\u011fi<br \/>\n\u2022 otomatik purj\u00f6rl\u00fc 3 devirli sirk\u00fclasyon pompas\u0131yla daha az enerjit\u00fcketimi ve her mekana uygunluk<br \/>\n\u2022 oda termostat\u0131, d\u0131\u015f hava s\u0131cakl\u0131k sens\u00f6r\u00fc ve zamanlay\u0131c\u0131 (timer) ba\u011flama imkan\u0131<br \/>\n\u2022 tesisattaki \u0131s\u0131l y\u0131\u011f\u0131lmalar\u0131 engelleyen \u2018\u2019pump over- run\u2019\u2019 \u00f6zelli\u011fi<br \/>\n\u2022 tek elektrotta 2 fonksiyon (ate\u015flemeiyonizasyon)<br \/>\n\u2022 bas\u0131n\u00e7l\u0131 sistem g\u00fcne\u015f enerjisi deste\u011fi (opsiyonal)<br \/>\n\u2022 ergonomik tasar\u0131ml\u0131 elektronik kart ile b\u00fct\u00fcnle\u015fik b\u00fcy\u00fck ekran negatif lcd-beyaz ayd\u0131nlatma<br \/>\n\u2022 kompakt full hermetik yap\u0131<br \/>\n\u2022 ergonomik kontrol paneli dizayn\u0131<br \/>\n\u2022 kumanda paneli arka kapa\u011f\u0131 esnek a\u00e7\u0131labilir yap\u0131s\u0131 sayesinde tamamen kapa\u011f\u0131 \u00e7\u0131karmadan m\u00fcdahaleye imkan\u0131<br \/>\n\u2022 servis ve bak\u0131m kolayl\u0131\u011f\u0131 sa\u011flayan tasar\u0131m<br \/>\n\u2022 60\/100 mm ve 80\/125 bacalar i\u00e7in tek g\u00f6vde<br \/>\neca proteus premix 35 kw (30.000 kcal) tam yo\u011fu\u015fmal\u0131 kombi montaj\u0131 ve garanti i\u0307\u015flemleri<br \/>\n&#8211; kombiniz size ula\u015ft\u0131ktan sonra \u00e7evrenizde bulunan tesisat\u00e7\u0131 ki\u015fi veya firmalardan \u00fccreti kar\u015f\u0131l\u0131\u011f\u0131nda montaj hizmeti alman\u0131z gerekmektedir. Yetkili servisler montaj hizmeti vermemektedi\u0307r.<\/p>\n<p>&#8211; i\u0307stanbul i\u00e7i kombi montaj\u0131 hizmeti, firmam\u0131z taraf\u0131ndan 2000 tl \u00fccret kar\u015f\u0131l\u0131\u011f\u0131nda verilmektedir, sipari\u015finiz sonras\u0131 kombi montaj\u0131 talebinizi iletebilirsiniz. (silivri, \u00e7atalca, \u015file gibi s\u0131n\u0131r il\u00e7eler hari\u00e7)<\/p>\n<p>&#8211; yo\u011fu\u015fmal\u0131 kombilerde montaj mahalinde yak\u0131n konumda pis su gideri olmal\u0131d\u0131r, aksi takdirde yo\u011fu\u015fma gideri ba\u011flant\u0131s\u0131 \u00fccretli \u00e7ekilmektedir.<\/p>\n<p>&#8211; eski kombinizi yeniliyorsan\u0131z i\u0307gda\u015f cihaz de\u011fi\u015fimi bildirimi \u00fccretli yap\u0131lmaktad\u0131r. bu ba\u015fvuru sonras\u0131 i\u0307gda\u015f taraf\u0131ndan verilecek olan cihaz de\u011fi\u015fimi kay\u0131t formu, eca yetkili servis taraf\u0131ndan sizden istenecektir.<\/p>\n<p>&#8211; dairenize ilk kez kombi takt\u0131r\u0131yorsan\u0131z i\u0307gda\u015f proje ve gaz a\u00e7ma i\u0307\u015flemleri i\u00e7in bizimle ileti\u015fime ge\u00e7ebilirsiniz.<\/p>\n<p>&#8211; kombinizin montaj\u0131n\u0131 yapt\u0131rd\u0131ktan sonra +90444 03 22 eca m\u00fc\u015fteri hizmetleri&#8217;ni arayarak devreye alma i\u015flemi ve garanti ba\u015flang\u0131c\u0131 i\u00e7in randevu talebinde bulunabilirsiniz.<\/p>\n<p>&#8211; yetkili servis geldi\u011finde \u015fu 5 durumun haz\u0131r olmas\u0131 gerekmektedir:<\/p>\n<p>1- kombi montaj\u0131n\u0131n yap\u0131lm\u0131\u015f olmas\u0131<br \/>\n2- kombinin yan\u0131na kadar \u00e7ekilmi\u015f 2 amper sigortal\u0131 elektrik ba\u011flant\u0131s\u0131n\u0131n yap\u0131lm\u0131\u015f olmas\u0131<br \/>\n3- kombi montaj\u0131 sonras\u0131 tesisata su verilmi\u015f olmas\u0131<br \/>\n4- do\u011falgaz da\u011f\u0131t\u0131m \u015firketinden al\u0131nm\u0131\u015f cihaz de\u011fi\u015fimi onay belgesi, ilk defa tak\u0131ld\u0131 ise gaz onay belgesi<br \/>\n5- yo\u011fu\u015fma giderinin tak\u0131lm\u0131\u015f olmas\u0131<\/p>\n<p>ek \u00fccret s\u00f6z konusu olan durumlar:<br \/>\n&#8211; bak\u0131r tesisat: 1000 tl<br \/>\n&#8211; ek baca: 500-1000 tl<br \/>\n&#8211; kazan s\u00f6kme i\u0307\u015flemi: ke\u015fif sonras\u0131 fiyatland\u0131r\u0131l\u0131r.<br \/>\n&#8211; i\u0307n\u015faat i\u0307\u015fleri: ke\u015fif sonras\u0131 fiyatland\u0131r\u0131l\u0131r.<\/p>\n","protected":false},"excerpt":{"rendered":"<p>ECA Proteus Premix 35 kw kombi i\u0307le i\u0307lgili s\u0131k sorulan sorular baca dahil mi? evet, t\u00fcm kombi grubu \u00fcr\u00fcnlerinde dirsek ve bacadan olu\u015fan baca seti dahildir, \u00fcr\u00fcnle birlikte g\u00f6nderilir. bu kombi erp&#8217;li mi? evet, eca proteus premix 35 kw modeli yeni nesil erp (enerji uyumlu \u00fcr\u00fcn) pompal\u0131d\u0131r. yerden is\u0131tma uygun mu? evet, servis ilk a\u00e7\u0131l\u0131\u015f\u0131 &hellip; <a href=\"https:\/\/newhometr.com\/store\/product\/eca-proteus-premix-35-35-kw-30-000-kcal-tam-yogusmali-kombi\/\" class=\"more-link\">Continue reading <span class=\"screen-reader-text\">ECA Proteus Premix 35\/35 Kw 30.000 Kcal Tam Yo\u011fu\u015fmal\u0131 Kombi<\/span><\/a><\/p>\n","protected":false},"featured_media":11763,"comment_status":"open","ping_status":"closed","template":"","meta":[],"product_brand":[],"product_cat":[486,43],"product_tag":[],"class_list":{"0":"post-11762","1":"product","2":"type-product","3":"status-publish","4":"has-post-thumbnail","6":"product_cat-electrical-appliances","7":"product_cat-electrical","10":"instock","11":"shipping-taxable","12":"purchasable","13":"product-type-simple"},"_links":{"self":[{"href":"https:\/\/newhometr.com\/store\/wp-json\/wp\/v2\/product\/11762","targetHints":{"allow":["GET"]}}],"collection":[{"href":"https:\/\/newhometr.com\/store\/wp-json\/wp\/v2\/product"}],"about":[{"href":"https:\/\/newhometr.com\/store\/wp-json\/wp\/v2\/types\/product"}],"replies":[{"embeddable":true,"href":"https:\/\/newhometr.com\/store\/wp-json\/wp\/v2\/comments?post=11762"}],"version-history":[{"count":2,"href":"https:\/\/newhometr.com\/store\/wp-json\/wp\/v2\/product\/11762\/revisions"}],"predecessor-version":[{"id":11767,"href":"https:\/\/newhometr.com\/store\/wp-json\/wp\/v2\/product\/11762\/revisions\/11767"}],"wp:featuredmedia":[{"embeddable":true,"href":"https:\/\/newhometr.com\/store\/wp-json\/wp\/v2\/media\/11763"}],"wp:attachment":[{"href":"https:\/\/newhometr.com\/store\/wp-json\/wp\/v2\/media?parent=11762"}],"wp:term":[{"taxonomy":"product_brand","embeddable":true,"href":"https:\/\/newhometr.com\/store\/wp-json\/wp\/v2\/product_brand?post=11762"},{"taxonomy":"product_cat","embeddable":true,"href":"https:\/\/newhometr.com\/store\/wp-json\/wp\/v2\/product_cat?post=11762"},{"taxonomy":"product_tag","embeddable":true,"href":"https:\/\/newhometr.com\/store\/wp-json\/wp\/v2\/product_tag?post=11762"}],"curies":[{"name":"wp","href":"https:\/\/api.w.org\/{rel}","templated":true}]}}