{"id":11731,"date":"2025-08-18T11:46:29","date_gmt":"2025-08-18T11:46:29","guid":{"rendered":"https:\/\/newhometr.com\/store\/?post_type=product&#038;p=11731"},"modified":"2025-08-18T11:47:36","modified_gmt":"2025-08-18T11:47:36","slug":"airfel-maestro-comfort-24-24-kw-20-000-kcal-tam-yogusmali-kombi","status":"publish","type":"product","link":"https:\/\/newhometr.com\/store\/product\/airfel-maestro-comfort-24-24-kw-20-000-kcal-tam-yogusmali-kombi\/","title":{"rendered":"Airfel Maestro Comfort 24\/24 Kw (20.000) Kcal Tam Yo\u011fu\u015fmal\u0131 Kombi"},"content":{"rendered":"","protected":false},"excerpt":{"rendered":"","protected":false},"featured_media":11733,"comment_status":"open","ping_status":"closed","template":"","meta":[],"product_brand":[],"product_cat":[486,43],"product_tag":[],"class_list":{"0":"post-11731","1":"product","2":"type-product","3":"status-publish","4":"has-post-thumbnail","6":"product_cat-electrical-appliances","7":"product_cat-electrical","10":"instock","11":"shipping-taxable","12":"purchasable","13":"product-type-simple"},"_links":{"self":[{"href":"https:\/\/newhometr.com\/store\/wp-json\/wp\/v2\/product\/11731","targetHints":{"allow":["GET"]}}],"collection":[{"href":"https:\/\/newhometr.com\/store\/wp-json\/wp\/v2\/product"}],"about":[{"href":"https:\/\/newhometr.com\/store\/wp-json\/wp\/v2\/types\/product"}],"replies":[{"embeddable":true,"href":"https:\/\/newhometr.com\/store\/wp-json\/wp\/v2\/comments?post=11731"}],"version-history":[{"count":3,"href":"https:\/\/newhometr.com\/store\/wp-json\/wp\/v2\/product\/11731\/revisions"}],"predecessor-version":[{"id":11739,"href":"https:\/\/newhometr.com\/store\/wp-json\/wp\/v2\/product\/11731\/revisions\/11739"}],"wp:featuredmedia":[{"embeddable":true,"href":"https:\/\/newhometr.com\/store\/wp-json\/wp\/v2\/media\/11733"}],"wp:attachment":[{"href":"https:\/\/newhometr.com\/store\/wp-json\/wp\/v2\/media?parent=11731"}],"wp:term":[{"taxonomy":"product_brand","embeddable":true,"href":"https:\/\/newhometr.com\/store\/wp-json\/wp\/v2\/product_brand?post=11731"},{"taxonomy":"product_cat","embeddable":true,"href":"https:\/\/newhometr.com\/store\/wp-json\/wp\/v2\/product_cat?post=11731"},{"taxonomy":"product_tag","embeddable":true,"href":"https:\/\/newhometr.com\/store\/wp-json\/wp\/v2\/product_tag?post=11731"}],"curies":[{"name":"wp","href":"https:\/\/api.w.org\/{rel}","templated":true}]}}