{"id":11715,"date":"2025-08-16T13:53:36","date_gmt":"2025-08-16T13:53:36","guid":{"rendered":"https:\/\/newhometr.com\/store\/?post_type=product&#038;p=11715"},"modified":"2025-08-16T13:53:37","modified_gmt":"2025-08-16T13:53:37","slug":"fairy-9000-btu-h-antrasit-gri","status":"publish","type":"product","link":"https:\/\/newhometr.com\/store\/product\/fairy-9000-btu-h-antrasit-gri\/","title":{"rendered":"Fairy 9000 BTU\/h \u2013 Antrasit Gri"},"content":{"rendered":"<p><a href=\"https:\/\/newhometr.com\/store\/wp-content\/uploads\/2025\/08\/fairy-06.webp\"><img decoding=\"async\" class=\"alignnone size-thumbnail wp-image-11665\" src=\"https:\/\/newhometr.com\/store\/wp-content\/uploads\/2025\/08\/fairy-06-150x150.webp\" alt=\"\" width=\"150\" height=\"150\"><\/a><a href=\"https:\/\/newhometr.com\/store\/wp-content\/uploads\/2025\/08\/fairy-08.webp\"><img decoding=\"async\" class=\"alignnone size-thumbnail wp-image-11660\" src=\"https:\/\/newhometr.com\/store\/wp-content\/uploads\/2025\/08\/fairy-08-150x150.webp\" alt=\"\" width=\"150\" height=\"150\"><\/a><\/p>\n<p><a href=\"https:\/\/newhometr.com\/store\/wp-content\/uploads\/2025\/08\/aphro-02.webp\"><img decoding=\"async\" class=\"alignnone size-thumbnail wp-image-11644\" src=\"https:\/\/newhometr.com\/store\/wp-content\/uploads\/2025\/08\/aphro-02-150x150.webp\" alt=\"\" width=\"150\" height=\"150\"><\/a><a href=\"https:\/\/newhometr.com\/store\/wp-content\/uploads\/2025\/08\/aphro-03.webp\"><img loading=\"lazy\" decoding=\"async\" class=\"alignnone size-thumbnail wp-image-11645\" src=\"https:\/\/newhometr.com\/store\/wp-content\/uploads\/2025\/08\/aphro-03-150x150.webp\" alt=\"\" width=\"150\" height=\"150\"><\/a><\/p>\n<p>Kapasite : 9000<br \/>\nIs\u0131tma Kapasitesi (Min.~ Nominal~Maks.) BTU\/h : 3.071~10.236~14.501<br \/>\nSo\u011futma Enerji T\u00fcketimi (Min~Nominal~Maks.) W : 100~695~1.300<br \/>\nIs\u0131tma Enerji T\u00fcketimi (Min~Nominal~Maks.) W : 150~700~1.400<br \/>\nSo\u011futma Kapasitesi (Min.~Nominal~Maks.) BTU\/h : 2.730~9.212~12.966<br \/>\nSezonsal Enerji S\u0131n\u0131f\u0131 (SEER \/ SCOP) : A++ \/ A+<br \/>\n\u0130\u00e7 \u00dcnite Net \u00d6l\u00e7\u00fcleri (G\u00d7Y\u00d7D) : 889\u00d7294\u00d7212<br \/>\n\u0130\u00e7 \u00dcnite Net A\u011f\u0131rl\u0131k : 11<br \/>\nMulti Fonksiyonel Filtre : Var<br \/>\nWi-Fi (Kablosuz) Kontrol : Var<br \/>\nRenk : Siyah<\/p>\n","protected":false},"excerpt":{"rendered":"<p>Kapasite : 9000 Is\u0131tma Kapasitesi (Min.~ Nominal~Maks.) BTU\/h : 3.071~10.236~14.501 So\u011futma Enerji T\u00fcketimi (Min~Nominal~Maks.) W : 100~695~1.300 Is\u0131tma Enerji T\u00fcketimi (Min~Nominal~Maks.) W : 150~700~1.400 So\u011futma Kapasitesi (Min.~Nominal~Maks.) BTU\/h : 2.730~9.212~12.966 Sezonsal Enerji S\u0131n\u0131f\u0131 (SEER \/ SCOP) : A++ \/ A+ \u0130\u00e7 \u00dcnite Net \u00d6l\u00e7\u00fcleri (G\u00d7Y\u00d7D) : 889\u00d7294\u00d7212 \u0130\u00e7 \u00dcnite Net A\u011f\u0131rl\u0131k : 11 Multi Fonksiyonel &hellip; <a href=\"https:\/\/newhometr.com\/store\/product\/fairy-9000-btu-h-antrasit-gri\/\" class=\"more-link\">Continue reading <span class=\"screen-reader-text\">Fairy 9000 BTU\/h \u2013 Antrasit Gri<\/span><\/a><\/p>\n","protected":false},"featured_media":11698,"comment_status":"open","ping_status":"closed","template":"","meta":[],"product_brand":[537],"product_cat":[486,43],"product_tag":[],"class_list":{"0":"post-11715","1":"product","2":"type-product","3":"status-publish","4":"has-post-thumbnail","6":"product_brand-gree","7":"product_cat-electrical-appliances","8":"product_cat-electrical","11":"instock","12":"shipping-taxable","13":"purchasable","14":"product-type-simple"},"_links":{"self":[{"href":"https:\/\/newhometr.com\/store\/wp-json\/wp\/v2\/product\/11715","targetHints":{"allow":["GET"]}}],"collection":[{"href":"https:\/\/newhometr.com\/store\/wp-json\/wp\/v2\/product"}],"about":[{"href":"https:\/\/newhometr.com\/store\/wp-json\/wp\/v2\/types\/product"}],"replies":[{"embeddable":true,"href":"https:\/\/newhometr.com\/store\/wp-json\/wp\/v2\/comments?post=11715"}],"version-history":[{"count":2,"href":"https:\/\/newhometr.com\/store\/wp-json\/wp\/v2\/product\/11715\/revisions"}],"predecessor-version":[{"id":11717,"href":"https:\/\/newhometr.com\/store\/wp-json\/wp\/v2\/product\/11715\/revisions\/11717"}],"wp:featuredmedia":[{"embeddable":true,"href":"https:\/\/newhometr.com\/store\/wp-json\/wp\/v2\/media\/11698"}],"wp:attachment":[{"href":"https:\/\/newhometr.com\/store\/wp-json\/wp\/v2\/media?parent=11715"}],"wp:term":[{"taxonomy":"product_brand","embeddable":true,"href":"https:\/\/newhometr.com\/store\/wp-json\/wp\/v2\/product_brand?post=11715"},{"taxonomy":"product_cat","embeddable":true,"href":"https:\/\/newhometr.com\/store\/wp-json\/wp\/v2\/product_cat?post=11715"},{"taxonomy":"product_tag","embeddable":true,"href":"https:\/\/newhometr.com\/store\/wp-json\/wp\/v2\/product_tag?post=11715"}],"curies":[{"name":"wp","href":"https:\/\/api.w.org\/{rel}","templated":true}]}}