{"id":11710,"date":"2025-08-16T13:42:26","date_gmt":"2025-08-16T13:42:26","guid":{"rendered":"https:\/\/newhometr.com\/store\/?post_type=product&#038;p=11710"},"modified":"2025-08-16T13:43:30","modified_gmt":"2025-08-16T13:43:30","slug":"airy-18000-btu-h","status":"publish","type":"product","link":"https:\/\/newhometr.com\/store\/product\/airy-18000-btu-h\/","title":{"rendered":"Airy 18000 BTU\/h"},"content":{"rendered":"<p><a href=\"https:\/\/newhometr.com\/store\/wp-content\/uploads\/2025\/08\/AIRY_FAYDA_ICERIKLERI.jpg\"><img decoding=\"async\" class=\"alignnone size-thumbnail wp-image-11702\" src=\"https:\/\/newhometr.com\/store\/wp-content\/uploads\/2025\/08\/AIRY_FAYDA_ICERIKLERI-150x150.jpg\" alt=\"\" width=\"150\" height=\"150\"><\/a><a href=\"https:\/\/newhometr.com\/store\/wp-content\/uploads\/2025\/08\/AIRY_FAYDA_ICERIKLERI-01.jpg\"><img decoding=\"async\" class=\"alignnone size-thumbnail wp-image-11703\" src=\"https:\/\/newhometr.com\/store\/wp-content\/uploads\/2025\/08\/AIRY_FAYDA_ICERIKLERI-01-150x150.jpg\" alt=\"\" width=\"150\" height=\"150\"><\/a><\/p>\n<p><a href=\"https:\/\/newhometr.com\/store\/wp-content\/uploads\/2025\/08\/AIRY_FAYDA_ICERIKLERI-03.jpg\"><img decoding=\"async\" class=\"alignnone size-thumbnail wp-image-11704\" src=\"https:\/\/newhometr.com\/store\/wp-content\/uploads\/2025\/08\/AIRY_FAYDA_ICERIKLERI-03-150x150.jpg\" alt=\"\" width=\"150\" height=\"150\"><\/a><a href=\"https:\/\/newhometr.com\/store\/wp-content\/uploads\/2025\/08\/AIRY_FAYDA_SAG-04.jpg\"><img loading=\"lazy\" decoding=\"async\" class=\"alignnone wp-image-11705\" src=\"https:\/\/newhometr.com\/store\/wp-content\/uploads\/2025\/08\/AIRY_FAYDA_SAG-04-150x150.jpg\" alt=\"\" width=\"170\" height=\"170\"><\/a><\/p>\n<p>Kapasite : 18000<br \/>\nIs\u0131tma Kapasitesi (Min.~ Nominal~Maks.) BTU\/h : 3.753~19.107~23.202<br \/>\nSo\u011futma Enerji T\u00fcketimi (Min~Nominal~Maks.) W : 100~1.472~2.300<br \/>\nIs\u0131tma Enerji T\u00fcketimi (Min~Nominal~Maks.) W : 180~1.365~2.300<br \/>\nSo\u011futma Kapasitesi (Min.~Nominal~Maks.) BTU\/h : 3.412~18.084~22.178<br \/>\nSezonsal Enerji S\u0131n\u0131f\u0131 (SEER \/ SCOP) : A+++ \/ A++<br \/>\n\u0130\u00e7 \u00dcnite Net \u00d6l\u00e7\u00fcleri (G\u00d7Y\u00d7D) : 970\u00d7347\u00d7257<br \/>\n\u0130\u00e7 \u00dcnite Net A\u011f\u0131rl\u0131k : 15<br \/>\nMulti Fonksiyonel Filtre : Var<br \/>\nWi-Fi (Kablosuz) Kontrol : Var<br \/>\nRenk : Beyaz<\/p>\n","protected":false},"excerpt":{"rendered":"<p>Kapasite : 18000 Is\u0131tma Kapasitesi (Min.~ Nominal~Maks.) BTU\/h : 3.753~19.107~23.202 So\u011futma Enerji T\u00fcketimi (Min~Nominal~Maks.) W : 100~1.472~2.300 Is\u0131tma Enerji T\u00fcketimi (Min~Nominal~Maks.) W : 180~1.365~2.300 So\u011futma Kapasitesi (Min.~Nominal~Maks.) BTU\/h : 3.412~18.084~22.178 Sezonsal Enerji S\u0131n\u0131f\u0131 (SEER \/ SCOP) : A+++ \/ A++ \u0130\u00e7 \u00dcnite Net \u00d6l\u00e7\u00fcleri (G\u00d7Y\u00d7D) : 970\u00d7347\u00d7257 \u0130\u00e7 \u00dcnite Net A\u011f\u0131rl\u0131k : 15 Multi Fonksiyonel &hellip; <a href=\"https:\/\/newhometr.com\/store\/product\/airy-18000-btu-h\/\" class=\"more-link\">Continue reading <span class=\"screen-reader-text\">Airy 18000 BTU\/h<\/span><\/a><\/p>\n","protected":false},"featured_media":11706,"comment_status":"open","ping_status":"closed","template":"","meta":[],"product_brand":[537],"product_cat":[486,43],"product_tag":[],"class_list":{"0":"post-11710","1":"product","2":"type-product","3":"status-publish","4":"has-post-thumbnail","6":"product_brand-gree","7":"product_cat-electrical-appliances","8":"product_cat-electrical","11":"instock","12":"shipping-taxable","13":"purchasable","14":"product-type-simple"},"_links":{"self":[{"href":"https:\/\/newhometr.com\/store\/wp-json\/wp\/v2\/product\/11710","targetHints":{"allow":["GET"]}}],"collection":[{"href":"https:\/\/newhometr.com\/store\/wp-json\/wp\/v2\/product"}],"about":[{"href":"https:\/\/newhometr.com\/store\/wp-json\/wp\/v2\/types\/product"}],"replies":[{"embeddable":true,"href":"https:\/\/newhometr.com\/store\/wp-json\/wp\/v2\/comments?post=11710"}],"version-history":[{"count":2,"href":"https:\/\/newhometr.com\/store\/wp-json\/wp\/v2\/product\/11710\/revisions"}],"predecessor-version":[{"id":11712,"href":"https:\/\/newhometr.com\/store\/wp-json\/wp\/v2\/product\/11710\/revisions\/11712"}],"wp:featuredmedia":[{"embeddable":true,"href":"https:\/\/newhometr.com\/store\/wp-json\/wp\/v2\/media\/11706"}],"wp:attachment":[{"href":"https:\/\/newhometr.com\/store\/wp-json\/wp\/v2\/media?parent=11710"}],"wp:term":[{"taxonomy":"product_brand","embeddable":true,"href":"https:\/\/newhometr.com\/store\/wp-json\/wp\/v2\/product_brand?post=11710"},{"taxonomy":"product_cat","embeddable":true,"href":"https:\/\/newhometr.com\/store\/wp-json\/wp\/v2\/product_cat?post=11710"},{"taxonomy":"product_tag","embeddable":true,"href":"https:\/\/newhometr.com\/store\/wp-json\/wp\/v2\/product_tag?post=11710"}],"curies":[{"name":"wp","href":"https:\/\/api.w.org\/{rel}","templated":true}]}}