{"id":11701,"date":"2025-08-16T13:36:30","date_gmt":"2025-08-16T13:36:30","guid":{"rendered":"https:\/\/newhometr.com\/store\/?post_type=product&#038;p=11701"},"modified":"2025-08-16T13:36:34","modified_gmt":"2025-08-16T13:36:34","slug":"airy-9000-btu-h","status":"publish","type":"product","link":"https:\/\/newhometr.com\/store\/product\/airy-9000-btu-h\/","title":{"rendered":"Airy 9000 BTU\/h"},"content":{"rendered":"<p><a href=\"https:\/\/newhometr.com\/store\/wp-content\/uploads\/2025\/08\/AIRY_FAYDA_ICERIKLERI.jpg\"><img decoding=\"async\" class=\"alignnone size-thumbnail wp-image-11702\" src=\"https:\/\/newhometr.com\/store\/wp-content\/uploads\/2025\/08\/AIRY_FAYDA_ICERIKLERI-150x150.jpg\" alt=\"\" width=\"150\" height=\"150\"><\/a><a href=\"https:\/\/newhometr.com\/store\/wp-content\/uploads\/2025\/08\/AIRY_FAYDA_ICERIKLERI-01.jpg\"><img decoding=\"async\" class=\"alignnone size-thumbnail wp-image-11703\" src=\"https:\/\/newhometr.com\/store\/wp-content\/uploads\/2025\/08\/AIRY_FAYDA_ICERIKLERI-01-150x150.jpg\" alt=\"\" width=\"150\" height=\"150\"><\/a><\/p>\n<p>&nbsp;<\/p>\n<p><a href=\"https:\/\/newhometr.com\/store\/wp-content\/uploads\/2025\/08\/AIRY_FAYDA_ICERIKLERI-03.jpg\"><img decoding=\"async\" class=\"alignnone size-thumbnail wp-image-11704\" src=\"https:\/\/newhometr.com\/store\/wp-content\/uploads\/2025\/08\/AIRY_FAYDA_ICERIKLERI-03-150x150.jpg\" alt=\"\" width=\"150\" height=\"150\"><\/a><a href=\"https:\/\/newhometr.com\/store\/wp-content\/uploads\/2025\/08\/AIRY_FAYDA_SAG-04.jpg\"><img loading=\"lazy\" decoding=\"async\" class=\"alignnone size-thumbnail wp-image-11705\" src=\"https:\/\/newhometr.com\/store\/wp-content\/uploads\/2025\/08\/AIRY_FAYDA_SAG-04-150x150.jpg\" alt=\"\" width=\"150\" height=\"150\"><\/a><\/p>\n<p>&nbsp;<\/p>\n<p>Kapasite : 9000<br \/>\nIs\u0131tma Kapasitesi (Min.~ Nominal~Maks.) BTU\/h : 3.412~10.236~15.695<br \/>\nSo\u011futma Enerji T\u00fcketimi (Min~Nominal~Maks.) W : 100~600~1.400<br \/>\nIs\u0131tma Enerji T\u00fcketimi (Min~Nominal~Maks.) W : 150~680~1.600<br \/>\nSo\u011futma Kapasitesi (Min.~Nominal~Maks.) BTU\/h : 2.900~9.212~13.648<br \/>\nSezonsal Enerji S\u0131n\u0131f\u0131 (SEER \/ SCOP) : A+++ \/ A++<br \/>\n\u0130\u00e7 \u00dcnite Net \u00d6l\u00e7\u00fcleri (G\u00d7Y\u00d7D) : 907\u00d7292\u00d7200<br \/>\n\u0130\u00e7 \u00dcnite Net A\u011f\u0131rl\u0131k : 10.5<br \/>\nMulti Fonksiyonel Filtre : Var<br \/>\nWi-Fi (Kablosuz) Kontrol : Var<br \/>\nRenk : Beyaz<\/p>\n","protected":false},"excerpt":{"rendered":"<p>&nbsp; &nbsp; Kapasite : 9000 Is\u0131tma Kapasitesi (Min.~ Nominal~Maks.) BTU\/h : 3.412~10.236~15.695 So\u011futma Enerji T\u00fcketimi (Min~Nominal~Maks.) W : 100~600~1.400 Is\u0131tma Enerji T\u00fcketimi (Min~Nominal~Maks.) W : 150~680~1.600 So\u011futma Kapasitesi (Min.~Nominal~Maks.) BTU\/h : 2.900~9.212~13.648 Sezonsal Enerji S\u0131n\u0131f\u0131 (SEER \/ SCOP) : A+++ \/ A++ \u0130\u00e7 \u00dcnite Net \u00d6l\u00e7\u00fcleri (G\u00d7Y\u00d7D) : 907\u00d7292\u00d7200 \u0130\u00e7 \u00dcnite Net A\u011f\u0131rl\u0131k : 10.5 &hellip; <a href=\"https:\/\/newhometr.com\/store\/product\/airy-9000-btu-h\/\" class=\"more-link\">Continue reading <span class=\"screen-reader-text\">Airy 9000 BTU\/h<\/span><\/a><\/p>\n","protected":false},"featured_media":11706,"comment_status":"open","ping_status":"closed","template":"","meta":[],"product_brand":[537],"product_cat":[486,43],"product_tag":[],"class_list":{"0":"post-11701","1":"product","2":"type-product","3":"status-publish","4":"has-post-thumbnail","6":"product_brand-gree","7":"product_cat-electrical-appliances","8":"product_cat-electrical","11":"instock","12":"shipping-taxable","13":"purchasable","14":"product-type-simple"},"_links":{"self":[{"href":"https:\/\/newhometr.com\/store\/wp-json\/wp\/v2\/product\/11701","targetHints":{"allow":["GET"]}}],"collection":[{"href":"https:\/\/newhometr.com\/store\/wp-json\/wp\/v2\/product"}],"about":[{"href":"https:\/\/newhometr.com\/store\/wp-json\/wp\/v2\/types\/product"}],"replies":[{"embeddable":true,"href":"https:\/\/newhometr.com\/store\/wp-json\/wp\/v2\/comments?post=11701"}],"version-history":[{"count":1,"href":"https:\/\/newhometr.com\/store\/wp-json\/wp\/v2\/product\/11701\/revisions"}],"predecessor-version":[{"id":11709,"href":"https:\/\/newhometr.com\/store\/wp-json\/wp\/v2\/product\/11701\/revisions\/11709"}],"wp:featuredmedia":[{"embeddable":true,"href":"https:\/\/newhometr.com\/store\/wp-json\/wp\/v2\/media\/11706"}],"wp:attachment":[{"href":"https:\/\/newhometr.com\/store\/wp-json\/wp\/v2\/media?parent=11701"}],"wp:term":[{"taxonomy":"product_brand","embeddable":true,"href":"https:\/\/newhometr.com\/store\/wp-json\/wp\/v2\/product_brand?post=11701"},{"taxonomy":"product_cat","embeddable":true,"href":"https:\/\/newhometr.com\/store\/wp-json\/wp\/v2\/product_cat?post=11701"},{"taxonomy":"product_tag","embeddable":true,"href":"https:\/\/newhometr.com\/store\/wp-json\/wp\/v2\/product_tag?post=11701"}],"curies":[{"name":"wp","href":"https:\/\/api.w.org\/{rel}","templated":true}]}}