{"id":11696,"date":"2025-08-16T13:28:59","date_gmt":"2025-08-16T13:28:59","guid":{"rendered":"https:\/\/newhometr.com\/store\/?post_type=product&#038;p=11696"},"modified":"2025-08-16T13:29:00","modified_gmt":"2025-08-16T13:29:00","slug":"fairy-12000-btu-h-antrasit-gri","status":"publish","type":"product","link":"https:\/\/newhometr.com\/store\/product\/fairy-12000-btu-h-antrasit-gri\/","title":{"rendered":"Fairy 12000 BTU\/h \u2013 Antrasit Gri"},"content":{"rendered":"<p><a href=\"https:\/\/newhometr.com\/store\/wp-content\/uploads\/2025\/08\/aphro-02.webp\"><img decoding=\"async\" class=\"alignnone size-thumbnail wp-image-11644\" src=\"https:\/\/newhometr.com\/store\/wp-content\/uploads\/2025\/08\/aphro-02-150x150.webp\" alt=\"\" width=\"150\" height=\"150\"><\/a><a href=\"https:\/\/newhometr.com\/store\/wp-content\/uploads\/2025\/08\/aphro-03.webp\"><img decoding=\"async\" class=\"alignnone size-thumbnail wp-image-11645\" src=\"https:\/\/newhometr.com\/store\/wp-content\/uploads\/2025\/08\/aphro-03-150x150.webp\" alt=\"\" width=\"150\" height=\"150\"><\/a><\/p>\n<p><a href=\"https:\/\/newhometr.com\/store\/wp-content\/uploads\/2025\/08\/fairy-12.webp\"><img decoding=\"async\" class=\"alignnone size-thumbnail wp-image-11697\" src=\"https:\/\/newhometr.com\/store\/wp-content\/uploads\/2025\/08\/fairy-12-150x150.webp\" alt=\"\" width=\"150\" height=\"150\"><\/a><a href=\"https:\/\/newhometr.com\/store\/wp-content\/uploads\/2025\/08\/fairy-09.webp\"><img loading=\"lazy\" decoding=\"async\" class=\"alignnone size-thumbnail wp-image-11661\" src=\"https:\/\/newhometr.com\/store\/wp-content\/uploads\/2025\/08\/fairy-09-150x150.webp\" alt=\"\" width=\"150\" height=\"150\"><\/a><\/p>\n<p>Kapasite : 12000<br \/>\nIs\u0131tma Kapasitesi (Min.~ Nominal~Maks.) BTU\/h : 3.071 ~ 13.000 ~ 16.036<br \/>\nSo\u011futma Enerji T\u00fcketimi (Min~Nominal~Maks.) W : 220 ~ 962 ~ 1.400<br \/>\nIs\u0131tma Enerji T\u00fcketimi (Min~Nominal~Maks.) W : 220 ~ 953 ~ 1.550<br \/>\nSo\u011futma Kapasitesi (Min.~Nominal~Maks.) BTU\/h : 3.071 ~ 11.976 ~ 15.013<br \/>\nSezonsal Enerji S\u0131n\u0131f\u0131 (SEER \/ SCOP) : A++ \/ A+<br \/>\n\u0130\u00e7 \u00dcnite Net \u00d6l\u00e7\u00fcleri (G\u00d7Y\u00d7D) : 889\u00d7294\u00d7212<br \/>\n\u0130\u00e7 \u00dcnite Net A\u011f\u0131rl\u0131k : 11<br \/>\nMulti Fonksiyonel Filtre : Var<br \/>\nWi-Fi (Kablosuz) Kontrol : Var<br \/>\nRenk : Siyah<\/p>\n","protected":false},"excerpt":{"rendered":"<p>Kapasite : 12000 Is\u0131tma Kapasitesi (Min.~ Nominal~Maks.) BTU\/h : 3.071 ~ 13.000 ~ 16.036 So\u011futma Enerji T\u00fcketimi (Min~Nominal~Maks.) W : 220 ~ 962 ~ 1.400 Is\u0131tma Enerji T\u00fcketimi (Min~Nominal~Maks.) W : 220 ~ 953 ~ 1.550 So\u011futma Kapasitesi (Min.~Nominal~Maks.) BTU\/h : 3.071 ~ 11.976 ~ 15.013 Sezonsal Enerji S\u0131n\u0131f\u0131 (SEER \/ SCOP) : A++ \/ &hellip; <a href=\"https:\/\/newhometr.com\/store\/product\/fairy-12000-btu-h-antrasit-gri\/\" class=\"more-link\">Continue reading <span class=\"screen-reader-text\">Fairy 12000 BTU\/h \u2013 Antrasit Gri<\/span><\/a><\/p>\n","protected":false},"featured_media":11698,"comment_status":"open","ping_status":"closed","template":"","meta":[],"product_brand":[537],"product_cat":[486,43],"product_tag":[],"class_list":{"0":"post-11696","1":"product","2":"type-product","3":"status-publish","4":"has-post-thumbnail","6":"product_brand-gree","7":"product_cat-electrical-appliances","8":"product_cat-electrical","11":"instock","12":"shipping-taxable","13":"purchasable","14":"product-type-simple"},"_links":{"self":[{"href":"https:\/\/newhometr.com\/store\/wp-json\/wp\/v2\/product\/11696","targetHints":{"allow":["GET"]}}],"collection":[{"href":"https:\/\/newhometr.com\/store\/wp-json\/wp\/v2\/product"}],"about":[{"href":"https:\/\/newhometr.com\/store\/wp-json\/wp\/v2\/types\/product"}],"replies":[{"embeddable":true,"href":"https:\/\/newhometr.com\/store\/wp-json\/wp\/v2\/comments?post=11696"}],"version-history":[{"count":1,"href":"https:\/\/newhometr.com\/store\/wp-json\/wp\/v2\/product\/11696\/revisions"}],"predecessor-version":[{"id":11700,"href":"https:\/\/newhometr.com\/store\/wp-json\/wp\/v2\/product\/11696\/revisions\/11700"}],"wp:featuredmedia":[{"embeddable":true,"href":"https:\/\/newhometr.com\/store\/wp-json\/wp\/v2\/media\/11698"}],"wp:attachment":[{"href":"https:\/\/newhometr.com\/store\/wp-json\/wp\/v2\/media?parent=11696"}],"wp:term":[{"taxonomy":"product_brand","embeddable":true,"href":"https:\/\/newhometr.com\/store\/wp-json\/wp\/v2\/product_brand?post=11696"},{"taxonomy":"product_cat","embeddable":true,"href":"https:\/\/newhometr.com\/store\/wp-json\/wp\/v2\/product_cat?post=11696"},{"taxonomy":"product_tag","embeddable":true,"href":"https:\/\/newhometr.com\/store\/wp-json\/wp\/v2\/product_tag?post=11696"}],"curies":[{"name":"wp","href":"https:\/\/api.w.org\/{rel}","templated":true}]}}