{"id":11686,"date":"2025-08-16T13:05:01","date_gmt":"2025-08-16T13:05:01","guid":{"rendered":"https:\/\/newhometr.com\/store\/?post_type=product&#038;p=11686"},"modified":"2025-08-16T13:05:03","modified_gmt":"2025-08-16T13:05:03","slug":"pular-9000-btu-h","status":"publish","type":"product","link":"https:\/\/newhometr.com\/store\/product\/pular-9000-btu-h\/","title":{"rendered":"Pular 9000 BTU\/h"},"content":{"rendered":"<p><a href=\"https:\/\/newhometr.com\/store\/wp-content\/uploads\/2025\/08\/fairy-07.webp\"><img decoding=\"async\" class=\"alignnone size-thumbnail wp-image-11666\" src=\"https:\/\/newhometr.com\/store\/wp-content\/uploads\/2025\/08\/fairy-07-150x150.webp\" alt=\"\" width=\"150\" height=\"150\"><\/a><a href=\"https:\/\/newhometr.com\/store\/wp-content\/uploads\/2025\/08\/fairy-06.webp\"><img decoding=\"async\" class=\"alignnone size-thumbnail wp-image-11665\" src=\"https:\/\/newhometr.com\/store\/wp-content\/uploads\/2025\/08\/fairy-06-150x150.webp\" alt=\"\" width=\"150\" height=\"150\"><\/a><br \/>\n<a href=\"https:\/\/newhometr.com\/store\/wp-content\/uploads\/2025\/08\/fairy-08.webp\"><img decoding=\"async\" class=\"alignnone size-thumbnail wp-image-11660\" src=\"https:\/\/newhometr.com\/store\/wp-content\/uploads\/2025\/08\/fairy-08-150x150.webp\" alt=\"\" width=\"150\" height=\"150\"><\/a><a href=\"https:\/\/newhometr.com\/store\/wp-content\/uploads\/2025\/08\/fairy-09.webp\"><img loading=\"lazy\" decoding=\"async\" class=\"alignnone size-thumbnail wp-image-11661\" src=\"https:\/\/newhometr.com\/store\/wp-content\/uploads\/2025\/08\/fairy-09-150x150.webp\" alt=\"\" width=\"150\" height=\"150\"><\/a><\/p>\n<p>Kapasite : 9000<br \/>\nIs\u0131tma Kapasitesi (Min.~ Nominal~Maks.) BTU\/h : 1.706 ~ 9.554 ~ 12.966<br \/>\nSo\u011futma Enerji T\u00fcketimi (Min~Nominal~Maks.) W : 150 ~ 660 ~ 1.300<br \/>\nIs\u0131tma Enerji T\u00fcketimi (Min~Nominal~Maks.) W : 140 ~ 700 ~ 1.500<br \/>\nSo\u011futma Kapasitesi (Min.~Nominal~Maks.) BTU\/h : 1.706 ~ 8.530 ~ 11.089<br \/>\nSezonsal Enerji S\u0131n\u0131f\u0131 (SEER \/ SCOP) : A++ \/ A+<br \/>\n\u0130\u00e7 \u00dcnite Net \u00d6l\u00e7\u00fcleri (G\u00d7Y\u00d7D) : 704\u00d7260\u00d7185<br \/>\n\u0130\u00e7 \u00dcnite Net A\u011f\u0131rl\u0131k : 7,5<br \/>\nMulti Fonksiyonel Filtre : &#8211;<br \/>\nWi-Fi (Kablosuz) Kontrol : Var<br \/>\nRenk : Mat Beyaz<\/p>\n","protected":false},"excerpt":{"rendered":"<p>Kapasite : 9000 Is\u0131tma Kapasitesi (Min.~ Nominal~Maks.) BTU\/h : 1.706 ~ 9.554 ~ 12.966 So\u011futma Enerji T\u00fcketimi (Min~Nominal~Maks.) W : 150 ~ 660 ~ 1.300 Is\u0131tma Enerji T\u00fcketimi (Min~Nominal~Maks.) W : 140 ~ 700 ~ 1.500 So\u011futma Kapasitesi (Min.~Nominal~Maks.) BTU\/h : 1.706 ~ 8.530 ~ 11.089 Sezonsal Enerji S\u0131n\u0131f\u0131 (SEER \/ SCOP) : A++ \/ &hellip; <a href=\"https:\/\/newhometr.com\/store\/product\/pular-9000-btu-h\/\" class=\"more-link\">Continue reading <span class=\"screen-reader-text\">Pular 9000 BTU\/h<\/span><\/a><\/p>\n","protected":false},"featured_media":11675,"comment_status":"open","ping_status":"closed","template":"","meta":[],"product_brand":[537],"product_cat":[486,43],"product_tag":[],"class_list":{"0":"post-11686","1":"product","2":"type-product","3":"status-publish","4":"has-post-thumbnail","6":"product_brand-gree","7":"product_cat-electrical-appliances","8":"product_cat-electrical","11":"instock","12":"shipping-taxable","13":"purchasable","14":"product-type-simple"},"_links":{"self":[{"href":"https:\/\/newhometr.com\/store\/wp-json\/wp\/v2\/product\/11686","targetHints":{"allow":["GET"]}}],"collection":[{"href":"https:\/\/newhometr.com\/store\/wp-json\/wp\/v2\/product"}],"about":[{"href":"https:\/\/newhometr.com\/store\/wp-json\/wp\/v2\/types\/product"}],"replies":[{"embeddable":true,"href":"https:\/\/newhometr.com\/store\/wp-json\/wp\/v2\/comments?post=11686"}],"version-history":[{"count":1,"href":"https:\/\/newhometr.com\/store\/wp-json\/wp\/v2\/product\/11686\/revisions"}],"predecessor-version":[{"id":11687,"href":"https:\/\/newhometr.com\/store\/wp-json\/wp\/v2\/product\/11686\/revisions\/11687"}],"wp:featuredmedia":[{"embeddable":true,"href":"https:\/\/newhometr.com\/store\/wp-json\/wp\/v2\/media\/11675"}],"wp:attachment":[{"href":"https:\/\/newhometr.com\/store\/wp-json\/wp\/v2\/media?parent=11686"}],"wp:term":[{"taxonomy":"product_brand","embeddable":true,"href":"https:\/\/newhometr.com\/store\/wp-json\/wp\/v2\/product_brand?post=11686"},{"taxonomy":"product_cat","embeddable":true,"href":"https:\/\/newhometr.com\/store\/wp-json\/wp\/v2\/product_cat?post=11686"},{"taxonomy":"product_tag","embeddable":true,"href":"https:\/\/newhometr.com\/store\/wp-json\/wp\/v2\/product_tag?post=11686"}],"curies":[{"name":"wp","href":"https:\/\/api.w.org\/{rel}","templated":true}]}}