{"id":11682,"date":"2025-08-16T12:56:38","date_gmt":"2025-08-16T12:56:38","guid":{"rendered":"https:\/\/newhometr.com\/store\/?post_type=product&#038;p=11682"},"modified":"2025-08-16T12:58:55","modified_gmt":"2025-08-16T12:58:55","slug":"aphro-24000-btu-h","status":"publish","type":"product","link":"https:\/\/newhometr.com\/store\/product\/aphro-24000-btu-h\/","title":{"rendered":"Aphro 24000 BTU\/h"},"content":{"rendered":"<p><a href=\"https:\/\/newhometr.com\/store\/wp-content\/uploads\/2025\/08\/fairy-06.webp\"><img decoding=\"async\" class=\"alignnone size-thumbnail wp-image-11665\" src=\"https:\/\/newhometr.com\/store\/wp-content\/uploads\/2025\/08\/fairy-06-150x150.webp\" alt=\"\" width=\"150\" height=\"150\"><\/a><a href=\"https:\/\/newhometr.com\/store\/wp-content\/uploads\/2025\/08\/fairy-07.webp\"><img decoding=\"async\" class=\"alignnone size-thumbnail wp-image-11666\" src=\"https:\/\/newhometr.com\/store\/wp-content\/uploads\/2025\/08\/fairy-07-150x150.webp\" alt=\"\" width=\"150\" height=\"150\"><\/a><\/p>\n<p><a href=\"https:\/\/newhometr.com\/store\/wp-content\/uploads\/2025\/08\/fairy-10.webp\"><img decoding=\"async\" class=\"alignnone size-thumbnail wp-image-11662\" src=\"https:\/\/newhometr.com\/store\/wp-content\/uploads\/2025\/08\/fairy-10-150x150.webp\" alt=\"\" width=\"150\" height=\"150\"><\/a><a href=\"https:\/\/newhometr.com\/store\/wp-content\/uploads\/2025\/08\/fairy-11.webp\"><img loading=\"lazy\" decoding=\"async\" class=\"alignnone size-thumbnail wp-image-11663\" src=\"https:\/\/newhometr.com\/store\/wp-content\/uploads\/2025\/08\/fairy-11-150x150.webp\" alt=\"\" width=\"150\" height=\"150\"><\/a><\/p>\n<p>Kapasite : 24000<br \/>\nIs\u0131tma Kapasitesi (Min.~ Nominal~Maks.) BTU\/h : 4.400 ~ 22.000 ~ 24.000<br \/>\nSo\u011futma Enerji T\u00fcketimi (Min~Nominal~Maks.) W : 450 ~ 1.827 ~ 2.200<br \/>\nIs\u0131tma Enerji T\u00fcketimi (Min~Nominal~Maks.) W : 450 ~ 1.912 ~ 2.300<br \/>\nSo\u011futma Kapasitesi (Min.~Nominal~Maks.) BTU\/h : 6.100 ~ 21.000 ~ 23.500<br \/>\nSezonsal Enerji S\u0131n\u0131f\u0131 (SEER \/ SCOP) : A++ \/ A+<br \/>\n\u0130\u00e7 \u00dcnite Net \u00d6l\u00e7\u00fcleri (G\u00d7Y\u00d7D) : 972\u00d7300\u00d7225<br \/>\n\u0130\u00e7 \u00dcnite Net A\u011f\u0131rl\u0131k : 14<br \/>\nMulti Fonksiyonel Filtre : &#8211;<br \/>\nWi-Fi (Kablosuz) Kontrol : Opsiyonel<br \/>\nRenk : Beyaz<\/p>\n","protected":false},"excerpt":{"rendered":"<p>Kapasite : 24000 Is\u0131tma Kapasitesi (Min.~ Nominal~Maks.) BTU\/h : 4.400 ~ 22.000 ~ 24.000 So\u011futma Enerji T\u00fcketimi (Min~Nominal~Maks.) W : 450 ~ 1.827 ~ 2.200 Is\u0131tma Enerji T\u00fcketimi (Min~Nominal~Maks.) W : 450 ~ 1.912 ~ 2.300 So\u011futma Kapasitesi (Min.~Nominal~Maks.) BTU\/h : 6.100 ~ 21.000 ~ 23.500 Sezonsal Enerji S\u0131n\u0131f\u0131 (SEER \/ SCOP) : A++ \/ &hellip; <a href=\"https:\/\/newhometr.com\/store\/product\/aphro-24000-btu-h\/\" class=\"more-link\">Continue reading <span class=\"screen-reader-text\">Aphro 24000 BTU\/h<\/span><\/a><\/p>\n","protected":false},"featured_media":11669,"comment_status":"open","ping_status":"closed","template":"","meta":[],"product_brand":[537],"product_cat":[486,43],"product_tag":[],"class_list":{"0":"post-11682","1":"product","2":"type-product","3":"status-publish","4":"has-post-thumbnail","6":"product_brand-gree","7":"product_cat-electrical-appliances","8":"product_cat-electrical","11":"instock","12":"shipping-taxable","13":"purchasable","14":"product-type-simple"},"_links":{"self":[{"href":"https:\/\/newhometr.com\/store\/wp-json\/wp\/v2\/product\/11682","targetHints":{"allow":["GET"]}}],"collection":[{"href":"https:\/\/newhometr.com\/store\/wp-json\/wp\/v2\/product"}],"about":[{"href":"https:\/\/newhometr.com\/store\/wp-json\/wp\/v2\/types\/product"}],"replies":[{"embeddable":true,"href":"https:\/\/newhometr.com\/store\/wp-json\/wp\/v2\/comments?post=11682"}],"version-history":[{"count":2,"href":"https:\/\/newhometr.com\/store\/wp-json\/wp\/v2\/product\/11682\/revisions"}],"predecessor-version":[{"id":11684,"href":"https:\/\/newhometr.com\/store\/wp-json\/wp\/v2\/product\/11682\/revisions\/11684"}],"wp:featuredmedia":[{"embeddable":true,"href":"https:\/\/newhometr.com\/store\/wp-json\/wp\/v2\/media\/11669"}],"wp:attachment":[{"href":"https:\/\/newhometr.com\/store\/wp-json\/wp\/v2\/media?parent=11682"}],"wp:term":[{"taxonomy":"product_brand","embeddable":true,"href":"https:\/\/newhometr.com\/store\/wp-json\/wp\/v2\/product_brand?post=11682"},{"taxonomy":"product_cat","embeddable":true,"href":"https:\/\/newhometr.com\/store\/wp-json\/wp\/v2\/product_cat?post=11682"},{"taxonomy":"product_tag","embeddable":true,"href":"https:\/\/newhometr.com\/store\/wp-json\/wp\/v2\/product_tag?post=11682"}],"curies":[{"name":"wp","href":"https:\/\/api.w.org\/{rel}","templated":true}]}}