{"id":11680,"date":"2025-08-16T12:50:52","date_gmt":"2025-08-16T12:50:52","guid":{"rendered":"https:\/\/newhometr.com\/store\/?post_type=product&#038;p=11680"},"modified":"2025-08-16T12:50:54","modified_gmt":"2025-08-16T12:50:54","slug":"fairy-24000-btu-h-beyaz","status":"publish","type":"product","link":"https:\/\/newhometr.com\/store\/product\/fairy-24000-btu-h-beyaz\/","title":{"rendered":"Fairy 24000 BTU\/h \u2013 Beyaz"},"content":{"rendered":"<p><a href=\"https:\/\/newhometr.com\/store\/wp-content\/uploads\/2025\/08\/fairy-08.webp\"><img decoding=\"async\" class=\"alignnone size-thumbnail wp-image-11660\" src=\"https:\/\/newhometr.com\/store\/wp-content\/uploads\/2025\/08\/fairy-08-150x150.webp\" alt=\"\" width=\"150\" height=\"150\"><\/a><a href=\"https:\/\/newhometr.com\/store\/wp-content\/uploads\/2025\/08\/fairy-09.webp\"><img decoding=\"async\" class=\"alignnone size-thumbnail wp-image-11661\" src=\"https:\/\/newhometr.com\/store\/wp-content\/uploads\/2025\/08\/fairy-09-150x150.webp\" alt=\"\" width=\"150\" height=\"150\"><\/a><\/p>\n<p><a href=\"https:\/\/newhometr.com\/store\/wp-content\/uploads\/2025\/08\/fairy-10.webp\"><img decoding=\"async\" class=\"alignnone size-thumbnail wp-image-11662\" src=\"https:\/\/newhometr.com\/store\/wp-content\/uploads\/2025\/08\/fairy-10-150x150.webp\" alt=\"\" width=\"150\" height=\"150\"><\/a><a href=\"https:\/\/newhometr.com\/store\/wp-content\/uploads\/2025\/08\/fairy-11.webp\"><img loading=\"lazy\" decoding=\"async\" class=\"alignnone size-thumbnail wp-image-11663\" src=\"https:\/\/newhometr.com\/store\/wp-content\/uploads\/2025\/08\/fairy-11-150x150.webp\" alt=\"\" width=\"150\" height=\"150\"><\/a><\/p>\n<p>Kapasite : 24000<br \/>\nIs\u0131tma Kapasitesi (Min.~ Nominal~Maks.) BTU\/h : 6.150 ~ 26.600 ~ 32.200<br \/>\nSo\u011futma Enerji T\u00fcketimi (Min~Nominal~Maks.) W : 450 ~ 1.786 ~ 2.900<br \/>\nIs\u0131tma Enerji T\u00fcketimi (Min~Nominal~Maks.) W : 350 ~ 2.000 ~ 3.000<br \/>\nSo\u011futma Kapasitesi (Min.~Nominal~Maks.) BTU\/h : 6.800 ~ 24.200 ~ 30.200<br \/>\nSezonsal Enerji S\u0131n\u0131f\u0131 (SEER \/ SCOP) : A++ \/ A+<br \/>\n\u0130\u00e7 \u00dcnite Net \u00d6l\u00e7\u00fcleri (G\u00d7Y\u00d7D) : 1122\u00d7329\u00d7247<br \/>\n\u0130\u00e7 \u00dcnite Net A\u011f\u0131rl\u0131k : 16.5<br \/>\nMulti Fonksiyonel Filtre : Var<br \/>\nWi-Fi (Kablosuz) Kontrol : Var<br \/>\nRenk : Beyaz<\/p>\n","protected":false},"excerpt":{"rendered":"<p>Kapasite : 24000 Is\u0131tma Kapasitesi (Min.~ Nominal~Maks.) BTU\/h : 6.150 ~ 26.600 ~ 32.200 So\u011futma Enerji T\u00fcketimi (Min~Nominal~Maks.) W : 450 ~ 1.786 ~ 2.900 Is\u0131tma Enerji T\u00fcketimi (Min~Nominal~Maks.) W : 350 ~ 2.000 ~ 3.000 So\u011futma Kapasitesi (Min.~Nominal~Maks.) BTU\/h : 6.800 ~ 24.200 ~ 30.200 Sezonsal Enerji S\u0131n\u0131f\u0131 (SEER \/ SCOP) : A++ \/ &hellip; <a href=\"https:\/\/newhometr.com\/store\/product\/fairy-24000-btu-h-beyaz\/\" class=\"more-link\">Continue reading <span class=\"screen-reader-text\">Fairy 24000 BTU\/h \u2013 Beyaz<\/span><\/a><\/p>\n","protected":false},"featured_media":11678,"comment_status":"open","ping_status":"closed","template":"","meta":[],"product_brand":[537],"product_cat":[486,43],"product_tag":[],"class_list":{"0":"post-11680","1":"product","2":"type-product","3":"status-publish","4":"has-post-thumbnail","6":"product_brand-gree","7":"product_cat-electrical-appliances","8":"product_cat-electrical","11":"instock","12":"shipping-taxable","13":"purchasable","14":"product-type-simple"},"_links":{"self":[{"href":"https:\/\/newhometr.com\/store\/wp-json\/wp\/v2\/product\/11680","targetHints":{"allow":["GET"]}}],"collection":[{"href":"https:\/\/newhometr.com\/store\/wp-json\/wp\/v2\/product"}],"about":[{"href":"https:\/\/newhometr.com\/store\/wp-json\/wp\/v2\/types\/product"}],"replies":[{"embeddable":true,"href":"https:\/\/newhometr.com\/store\/wp-json\/wp\/v2\/comments?post=11680"}],"version-history":[{"count":1,"href":"https:\/\/newhometr.com\/store\/wp-json\/wp\/v2\/product\/11680\/revisions"}],"predecessor-version":[{"id":11681,"href":"https:\/\/newhometr.com\/store\/wp-json\/wp\/v2\/product\/11680\/revisions\/11681"}],"wp:featuredmedia":[{"embeddable":true,"href":"https:\/\/newhometr.com\/store\/wp-json\/wp\/v2\/media\/11678"}],"wp:attachment":[{"href":"https:\/\/newhometr.com\/store\/wp-json\/wp\/v2\/media?parent=11680"}],"wp:term":[{"taxonomy":"product_brand","embeddable":true,"href":"https:\/\/newhometr.com\/store\/wp-json\/wp\/v2\/product_brand?post=11680"},{"taxonomy":"product_cat","embeddable":true,"href":"https:\/\/newhometr.com\/store\/wp-json\/wp\/v2\/product_cat?post=11680"},{"taxonomy":"product_tag","embeddable":true,"href":"https:\/\/newhometr.com\/store\/wp-json\/wp\/v2\/product_tag?post=11680"}],"curies":[{"name":"wp","href":"https:\/\/api.w.org\/{rel}","templated":true}]}}