{"id":11668,"date":"2025-08-15T11:04:36","date_gmt":"2025-08-15T11:04:36","guid":{"rendered":"https:\/\/newhometr.com\/store\/?post_type=product&#038;p=11668"},"modified":"2025-08-15T11:06:24","modified_gmt":"2025-08-15T11:06:24","slug":"fairy-12000-btu-h-beyaz","status":"publish","type":"product","link":"https:\/\/newhometr.com\/store\/product\/fairy-12000-btu-h-beyaz\/","title":{"rendered":"Fairy 12000 BTU\/h \u2013 Beyaz"},"content":{"rendered":"<p><a href=\"https:\/\/newhometr.com\/store\/wp-content\/uploads\/2025\/08\/aphro-01.webp\"><img fetchpriority=\"high\" decoding=\"async\" class=\"alignnone  wp-image-11643\" src=\"https:\/\/newhometr.com\/store\/wp-content\/uploads\/2025\/08\/aphro-01-150x150.webp\" alt=\"\" width=\"281\" height=\"281\"><\/a><a href=\"https:\/\/newhometr.com\/store\/wp-content\/uploads\/2025\/08\/aphro-02.webp\"><img decoding=\"async\" class=\"alignnone  wp-image-11644\" src=\"https:\/\/newhometr.com\/store\/wp-content\/uploads\/2025\/08\/aphro-02-150x150.webp\" alt=\"\" width=\"274\" height=\"274\"><\/a><\/p>\n<p><a href=\"https:\/\/newhometr.com\/store\/wp-content\/uploads\/2025\/08\/aphro-03.webp\"><img decoding=\"async\" class=\"alignnone  wp-image-11645\" src=\"https:\/\/newhometr.com\/store\/wp-content\/uploads\/2025\/08\/aphro-03-150x150.webp\" alt=\"\" width=\"272\" height=\"272\"><\/a><a href=\"https:\/\/newhometr.com\/store\/wp-content\/uploads\/2025\/08\/aphro-04.webp\"><img loading=\"lazy\" decoding=\"async\" class=\"alignnone  wp-image-11646\" src=\"https:\/\/newhometr.com\/store\/wp-content\/uploads\/2025\/08\/aphro-04-150x150.webp\" alt=\"\" width=\"295\" height=\"295\"><\/a><\/p>\n<p><a href=\"https:\/\/newhometr.com\/store\/wp-content\/uploads\/2025\/08\/fairy-08.webp\"><img loading=\"lazy\" decoding=\"async\" class=\"alignnone  wp-image-11660\" src=\"https:\/\/newhometr.com\/store\/wp-content\/uploads\/2025\/08\/fairy-08-150x150.webp\" alt=\"\" width=\"287\" height=\"287\"><\/a><\/p>\n<p>Kapasite : 12000<br \/>\nIs\u0131tma Kapasitesi (Min.~ Nominal~Maks.) BTU\/h : 3.071 ~ 13.000 ~ 16.036<br \/>\nSo\u011futma Enerji T\u00fcketimi (Min~Nominal~Maks.) W : 220 ~ 962 ~ 1.400<br \/>\nIs\u0131tma Enerji T\u00fcketimi (Min~Nominal~Maks.) W : 220 ~ 953 ~ 1.550<br \/>\nSo\u011futma Kapasitesi (Min.~Nominal~Maks.) BTU\/h : 3.071 ~ 11.976 ~ 15.013<br \/>\nSezonsal Enerji S\u0131n\u0131f\u0131 (SEER \/ SCOP) : A++ \/ A+<br \/>\n\u0130\u00e7 \u00dcnite Net \u00d6l\u00e7\u00fcleri (G\u00d7Y\u00d7D) : 889\u00d7294\u00d7212<br \/>\n\u0130\u00e7 \u00dcnite Net A\u011f\u0131rl\u0131k : 11<br \/>\nMulti Fonksiyonel Filtre : Var<br \/>\nWi-Fi (Kablosuz) Kontrol : Var<br \/>\nRenk : Beyaz<\/p>\n","protected":false},"excerpt":{"rendered":"<p>Kapasite : 12000 Is\u0131tma Kapasitesi (Min.~ Nominal~Maks.) BTU\/h : 3.071 ~ 13.000 ~ 16.036 So\u011futma Enerji T\u00fcketimi (Min~Nominal~Maks.) W : 220 ~ 962 ~ 1.400 Is\u0131tma Enerji T\u00fcketimi (Min~Nominal~Maks.) W : 220 ~ 953 ~ 1.550 So\u011futma Kapasitesi (Min.~Nominal~Maks.) BTU\/h : 3.071 ~ 11.976 ~ 15.013 Sezonsal Enerji S\u0131n\u0131f\u0131 (SEER \/ SCOP) : A++ \/ &hellip; <a href=\"https:\/\/newhometr.com\/store\/product\/fairy-12000-btu-h-beyaz\/\" class=\"more-link\">Continue reading <span class=\"screen-reader-text\">Fairy 12000 BTU\/h \u2013 Beyaz<\/span><\/a><\/p>\n","protected":false},"featured_media":11669,"comment_status":"open","ping_status":"closed","template":"","meta":[],"product_brand":[537],"product_cat":[486,43],"product_tag":[],"class_list":{"0":"post-11668","1":"product","2":"type-product","3":"status-publish","4":"has-post-thumbnail","6":"product_brand-gree","7":"product_cat-electrical-appliances","8":"product_cat-electrical","11":"instock","12":"shipping-taxable","13":"purchasable","14":"product-type-simple"},"_links":{"self":[{"href":"https:\/\/newhometr.com\/store\/wp-json\/wp\/v2\/product\/11668","targetHints":{"allow":["GET"]}}],"collection":[{"href":"https:\/\/newhometr.com\/store\/wp-json\/wp\/v2\/product"}],"about":[{"href":"https:\/\/newhometr.com\/store\/wp-json\/wp\/v2\/types\/product"}],"replies":[{"embeddable":true,"href":"https:\/\/newhometr.com\/store\/wp-json\/wp\/v2\/comments?post=11668"}],"version-history":[{"count":3,"href":"https:\/\/newhometr.com\/store\/wp-json\/wp\/v2\/product\/11668\/revisions"}],"predecessor-version":[{"id":11672,"href":"https:\/\/newhometr.com\/store\/wp-json\/wp\/v2\/product\/11668\/revisions\/11672"}],"wp:featuredmedia":[{"embeddable":true,"href":"https:\/\/newhometr.com\/store\/wp-json\/wp\/v2\/media\/11669"}],"wp:attachment":[{"href":"https:\/\/newhometr.com\/store\/wp-json\/wp\/v2\/media?parent=11668"}],"wp:term":[{"taxonomy":"product_brand","embeddable":true,"href":"https:\/\/newhometr.com\/store\/wp-json\/wp\/v2\/product_brand?post=11668"},{"taxonomy":"product_cat","embeddable":true,"href":"https:\/\/newhometr.com\/store\/wp-json\/wp\/v2\/product_cat?post=11668"},{"taxonomy":"product_tag","embeddable":true,"href":"https:\/\/newhometr.com\/store\/wp-json\/wp\/v2\/product_tag?post=11668"}],"curies":[{"name":"wp","href":"https:\/\/api.w.org\/{rel}","templated":true}]}}