{"id":11651,"date":"2025-08-15T10:43:21","date_gmt":"2025-08-15T10:43:21","guid":{"rendered":"https:\/\/newhometr.com\/store\/?post_type=product&#038;p=11651"},"modified":"2025-08-15T10:47:35","modified_gmt":"2025-08-15T10:47:35","slug":"aphro-9000-btu-h","status":"publish","type":"product","link":"https:\/\/newhometr.com\/store\/product\/aphro-9000-btu-h\/","title":{"rendered":"Aphro 9000 BTU\/h"},"content":{"rendered":"<p><a href=\"https:\/\/newhometr.com\/store\/wp-content\/uploads\/2025\/08\/aphro-02.webp\"><img decoding=\"async\" class=\"alignnone size-thumbnail wp-image-11644\" src=\"https:\/\/newhometr.com\/store\/wp-content\/uploads\/2025\/08\/aphro-02-150x150.webp\" alt=\"\" width=\"150\" height=\"150\"><\/a><a href=\"https:\/\/newhometr.com\/store\/wp-content\/uploads\/2025\/08\/aphro-01.webp\"><img decoding=\"async\" class=\"alignnone wp-image-11643\" src=\"https:\/\/newhometr.com\/store\/wp-content\/uploads\/2025\/08\/aphro-01-150x150.webp\" alt=\"\" width=\"195\" height=\"195\"><\/a><\/p>\n<p><a href=\"https:\/\/newhometr.com\/store\/wp-content\/uploads\/2025\/08\/aphro-03.webp\"><img decoding=\"async\" class=\"alignnone wp-image-11645\" src=\"https:\/\/newhometr.com\/store\/wp-content\/uploads\/2025\/08\/aphro-03-150x150.webp\" alt=\"\" width=\"198\" height=\"198\"><\/a><a href=\"https:\/\/newhometr.com\/store\/wp-content\/uploads\/2025\/08\/aphro-04.webp\"><img loading=\"lazy\" decoding=\"async\" class=\"alignnone wp-image-11646\" src=\"https:\/\/newhometr.com\/store\/wp-content\/uploads\/2025\/08\/aphro-04-150x150.webp\" alt=\"\" width=\"169\" height=\"169\"><\/a><\/p>\n<p>Kapasite : 9000<br \/>\nIs\u0131tma Kapasitesi (Min.~ Nominal~Maks.) BTU\/h : 1.706 ~ 9.553 ~ 12.624<br \/>\nSo\u011futma Enerji T\u00fcketimi (Min~Nominal~Maks.) W : 150 ~ 680 ~ 1.300<br \/>\nIs\u0131tma Enerji T\u00fcketimi (Min~Nominal~Maks.) W : 140 ~ 730 ~ 1.500<br \/>\nSo\u011futma Kapasitesi (Min.~Nominal~Maks.) BTU\/h : 1.706 ~ 8.530 ~ 11.089<br \/>\nSezonsal Enerji S\u0131n\u0131f\u0131 (SEER \/ SCOP) : A++ \/ A+<br \/>\n\u0130\u00e7 \u00dcnite Net \u00d6l\u00e7\u00fcleri (G\u00d7Y\u00d7D) : 696\u00d7251\u00d7190<br \/>\n\u0130\u00e7 \u00dcnite Net A\u011f\u0131rl\u0131k : 7,5<br \/>\nMulti Fonksiyonel Filtre : &#8211;<br \/>\nWi-Fi (Kablosuz) Kontrol : Opsiyonel<br \/>\nRenk : Beyaz<\/p>\n","protected":false},"excerpt":{"rendered":"<p>Kapasite : 9000 Is\u0131tma Kapasitesi (Min.~ Nominal~Maks.) BTU\/h : 1.706 ~ 9.553 ~ 12.624 So\u011futma Enerji T\u00fcketimi (Min~Nominal~Maks.) W : 150 ~ 680 ~ 1.300 Is\u0131tma Enerji T\u00fcketimi (Min~Nominal~Maks.) W : 140 ~ 730 ~ 1.500 So\u011futma Kapasitesi (Min.~Nominal~Maks.) BTU\/h : 1.706 ~ 8.530 ~ 11.089 Sezonsal Enerji S\u0131n\u0131f\u0131 (SEER \/ SCOP) : A++ \/ &hellip; <a href=\"https:\/\/newhometr.com\/store\/product\/aphro-9000-btu-h\/\" class=\"more-link\">Continue reading <span class=\"screen-reader-text\">Aphro 9000 BTU\/h<\/span><\/a><\/p>\n","protected":false},"featured_media":11652,"comment_status":"open","ping_status":"closed","template":"","meta":[],"product_brand":[537],"product_cat":[486,43],"product_tag":[],"class_list":{"0":"post-11651","1":"product","2":"type-product","3":"status-publish","4":"has-post-thumbnail","6":"product_brand-gree","7":"product_cat-electrical-appliances","8":"product_cat-electrical","11":"instock","12":"shipping-taxable","13":"purchasable","14":"product-type-simple"},"_links":{"self":[{"href":"https:\/\/newhometr.com\/store\/wp-json\/wp\/v2\/product\/11651","targetHints":{"allow":["GET"]}}],"collection":[{"href":"https:\/\/newhometr.com\/store\/wp-json\/wp\/v2\/product"}],"about":[{"href":"https:\/\/newhometr.com\/store\/wp-json\/wp\/v2\/types\/product"}],"replies":[{"embeddable":true,"href":"https:\/\/newhometr.com\/store\/wp-json\/wp\/v2\/comments?post=11651"}],"version-history":[{"count":2,"href":"https:\/\/newhometr.com\/store\/wp-json\/wp\/v2\/product\/11651\/revisions"}],"predecessor-version":[{"id":11657,"href":"https:\/\/newhometr.com\/store\/wp-json\/wp\/v2\/product\/11651\/revisions\/11657"}],"wp:featuredmedia":[{"embeddable":true,"href":"https:\/\/newhometr.com\/store\/wp-json\/wp\/v2\/media\/11652"}],"wp:attachment":[{"href":"https:\/\/newhometr.com\/store\/wp-json\/wp\/v2\/media?parent=11651"}],"wp:term":[{"taxonomy":"product_brand","embeddable":true,"href":"https:\/\/newhometr.com\/store\/wp-json\/wp\/v2\/product_brand?post=11651"},{"taxonomy":"product_cat","embeddable":true,"href":"https:\/\/newhometr.com\/store\/wp-json\/wp\/v2\/product_cat?post=11651"},{"taxonomy":"product_tag","embeddable":true,"href":"https:\/\/newhometr.com\/store\/wp-json\/wp\/v2\/product_tag?post=11651"}],"curies":[{"name":"wp","href":"https:\/\/api.w.org\/{rel}","templated":true}]}}