{"id":11634,"date":"2025-08-13T19:14:28","date_gmt":"2025-08-13T19:14:28","guid":{"rendered":"https:\/\/newhometr.com\/store\/?post_type=product&#038;p=11634"},"modified":"2025-08-13T19:15:05","modified_gmt":"2025-08-13T19:15:05","slug":"fixa-strafix-levha-siva-harci-25kg","status":"publish","type":"product","link":"https:\/\/newhometr.com\/store\/product\/fixa-strafix-levha-siva-harci-25kg\/","title":{"rendered":"Fixa Strafix Levha S\u0131va Harc\u0131 25kg"},"content":{"rendered":"<p>Tan\u0131m\u0131 ve Kullan\u0131m Alanlar\u0131: Is\u0131 yal\u0131t\u0131m levhalar\u0131 (XPS, EPS, ta\u015fy\u00fcn\u00fc) i\u00e7in \u00f6zel haz\u0131rlanm\u0131\u015f ince agregal\u0131 bir s\u0131vama harc\u0131d\u0131r. Y\u00fcksek performansl\u0131d\u0131r. \u0130\u00e7 ve d\u0131\u015f mekanlarda kullan\u0131ma uygundur.<\/p>\n<p>\u00d6zellikleri: \u00c7imento esasl\u0131, polimer katk\u0131l\u0131d\u0131r. Elyaf takviyelidir. Kolay uygulan\u0131r, m\u00fckemmel yap\u0131\u015fma sa\u011flar. Suya ve dona dayan\u0131kl\u0131d\u0131r. S\u0131cakl\u0131k de\u011fi\u015fikliklerinden etkilenmez. Y\u00fcksek stabilite sa\u011flar, sarkma ve \u00e7atlama yapmaz. Esnektir. Su buhar\u0131 ge\u00e7irimli olup, y\u00fczeyin nefes almas\u0131n\u0131 sa\u011flar.<\/p>\n<p>\u00dczerine direkt olarak boya uygulanabilir.<\/p>\n","protected":false},"excerpt":{"rendered":"<p>Tan\u0131m\u0131 ve Kullan\u0131m Alanlar\u0131: Is\u0131 yal\u0131t\u0131m levhalar\u0131 (XPS, EPS, ta\u015fy\u00fcn\u00fc) i\u00e7in \u00f6zel haz\u0131rlanm\u0131\u015f ince agregal\u0131 bir s\u0131vama harc\u0131d\u0131r. Y\u00fcksek performansl\u0131d\u0131r. \u0130\u00e7 ve d\u0131\u015f mekanlarda kullan\u0131ma uygundur. \u00d6zellikleri: \u00c7imento esasl\u0131, polimer katk\u0131l\u0131d\u0131r. Elyaf takviyelidir. Kolay uygulan\u0131r, m\u00fckemmel yap\u0131\u015fma sa\u011flar. Suya ve dona dayan\u0131kl\u0131d\u0131r. S\u0131cakl\u0131k de\u011fi\u015fikliklerinden etkilenmez. Y\u00fcksek stabilite sa\u011flar, sarkma ve \u00e7atlama yapmaz. Esnektir. Su buhar\u0131 &hellip; <a href=\"https:\/\/newhometr.com\/store\/product\/fixa-strafix-levha-siva-harci-25kg\/\" class=\"more-link\">Continue reading <span class=\"screen-reader-text\">Fixa Strafix Levha S\u0131va Harc\u0131 25kg<\/span><\/a><\/p>\n","protected":false},"featured_media":11635,"comment_status":"open","ping_status":"closed","template":"","meta":[],"product_brand":[531],"product_cat":[532,52],"product_tag":[],"class_list":{"0":"post-11634","1":"product","2":"type-product","3":"status-publish","4":"has-post-thumbnail","6":"product_brand-fixa","7":"product_cat-thermal-insulation","8":"product_cat-building-materials","11":"instock","12":"shipping-taxable","13":"purchasable","14":"product-type-simple"},"_links":{"self":[{"href":"https:\/\/newhometr.com\/store\/wp-json\/wp\/v2\/product\/11634","targetHints":{"allow":["GET"]}}],"collection":[{"href":"https:\/\/newhometr.com\/store\/wp-json\/wp\/v2\/product"}],"about":[{"href":"https:\/\/newhometr.com\/store\/wp-json\/wp\/v2\/types\/product"}],"replies":[{"embeddable":true,"href":"https:\/\/newhometr.com\/store\/wp-json\/wp\/v2\/comments?post=11634"}],"version-history":[{"count":1,"href":"https:\/\/newhometr.com\/store\/wp-json\/wp\/v2\/product\/11634\/revisions"}],"predecessor-version":[{"id":11636,"href":"https:\/\/newhometr.com\/store\/wp-json\/wp\/v2\/product\/11634\/revisions\/11636"}],"wp:featuredmedia":[{"embeddable":true,"href":"https:\/\/newhometr.com\/store\/wp-json\/wp\/v2\/media\/11635"}],"wp:attachment":[{"href":"https:\/\/newhometr.com\/store\/wp-json\/wp\/v2\/media?parent=11634"}],"wp:term":[{"taxonomy":"product_brand","embeddable":true,"href":"https:\/\/newhometr.com\/store\/wp-json\/wp\/v2\/product_brand?post=11634"},{"taxonomy":"product_cat","embeddable":true,"href":"https:\/\/newhometr.com\/store\/wp-json\/wp\/v2\/product_cat?post=11634"},{"taxonomy":"product_tag","embeddable":true,"href":"https:\/\/newhometr.com\/store\/wp-json\/wp\/v2\/product_tag?post=11634"}],"curies":[{"name":"wp","href":"https:\/\/api.w.org\/{rel}","templated":true}]}}