{"id":11630,"date":"2025-08-13T19:09:35","date_gmt":"2025-08-13T19:09:35","guid":{"rendered":"https:\/\/newhometr.com\/store\/?post_type=product&#038;p=11630"},"modified":"2025-08-13T19:17:45","modified_gmt":"2025-08-13T19:17:45","slug":"fixa-strafix-levha-yapistirici-25kg","status":"publish","type":"product","link":"https:\/\/newhometr.com\/store\/product\/fixa-strafix-levha-yapistirici-25kg\/","title":{"rendered":"Fixa Strafix Levha Yap\u0131\u015ft\u0131r\u0131c\u0131 25kg"},"content":{"rendered":"<p>Tan\u0131m\u0131 ve Kullan\u0131m Alanlar\u0131:Is\u0131 yal\u0131t\u0131m levhalar\u0131 (XPS, EPS, ta\u015fy\u00fcn\u00fc) i\u00e7in \u00f6zel haz\u0131rlanm\u0131\u015f esnek yap\u0131\u015ft\u0131rma harc\u0131d\u0131r. Y\u00fcksek performansl\u0131d\u0131r, y\u00fcksek stabiliteye sahiptir. \u0130\u00e7 ve d\u0131\u015f mekanlarda kullan\u0131ma uygundur.<\/p>\n<p>\u00d6zellikleri: \u00c7imento esasl\u0131, polimer katk\u0131l\u0131d\u0131r. Kolay uygulan\u0131r, m\u00fckemmel yap\u0131\u015fma sa\u011flar. Suya ve dona dayan\u0131kl\u0131d\u0131r. Is\u0131 de\u011fi\u015fikliklerinden etkilenmez. Sarkma ve \u00e7atlama yapmaz.<\/p>\n","protected":false},"excerpt":{"rendered":"<p>Tan\u0131m\u0131 ve Kullan\u0131m Alanlar\u0131:Is\u0131 yal\u0131t\u0131m levhalar\u0131 (XPS, EPS, ta\u015fy\u00fcn\u00fc) i\u00e7in \u00f6zel haz\u0131rlanm\u0131\u015f esnek yap\u0131\u015ft\u0131rma harc\u0131d\u0131r. Y\u00fcksek performansl\u0131d\u0131r, y\u00fcksek stabiliteye sahiptir. \u0130\u00e7 ve d\u0131\u015f mekanlarda kullan\u0131ma uygundur. \u00d6zellikleri: \u00c7imento esasl\u0131, polimer katk\u0131l\u0131d\u0131r. Kolay uygulan\u0131r, m\u00fckemmel yap\u0131\u015fma sa\u011flar. Suya ve dona dayan\u0131kl\u0131d\u0131r. Is\u0131 de\u011fi\u015fikliklerinden etkilenmez. Sarkma ve \u00e7atlama yapmaz.<\/p>\n","protected":false},"featured_media":11631,"comment_status":"open","ping_status":"closed","template":"","meta":[],"product_brand":[531],"product_cat":[532,52],"product_tag":[],"class_list":{"0":"post-11630","1":"product","2":"type-product","3":"status-publish","4":"has-post-thumbnail","6":"product_brand-fixa","7":"product_cat-thermal-insulation","8":"product_cat-building-materials","11":"instock","12":"shipping-taxable","13":"purchasable","14":"product-type-simple"},"_links":{"self":[{"href":"https:\/\/newhometr.com\/store\/wp-json\/wp\/v2\/product\/11630","targetHints":{"allow":["GET"]}}],"collection":[{"href":"https:\/\/newhometr.com\/store\/wp-json\/wp\/v2\/product"}],"about":[{"href":"https:\/\/newhometr.com\/store\/wp-json\/wp\/v2\/types\/product"}],"replies":[{"embeddable":true,"href":"https:\/\/newhometr.com\/store\/wp-json\/wp\/v2\/comments?post=11630"}],"version-history":[{"count":1,"href":"https:\/\/newhometr.com\/store\/wp-json\/wp\/v2\/product\/11630\/revisions"}],"predecessor-version":[{"id":11632,"href":"https:\/\/newhometr.com\/store\/wp-json\/wp\/v2\/product\/11630\/revisions\/11632"}],"wp:featuredmedia":[{"embeddable":true,"href":"https:\/\/newhometr.com\/store\/wp-json\/wp\/v2\/media\/11631"}],"wp:attachment":[{"href":"https:\/\/newhometr.com\/store\/wp-json\/wp\/v2\/media?parent=11630"}],"wp:term":[{"taxonomy":"product_brand","embeddable":true,"href":"https:\/\/newhometr.com\/store\/wp-json\/wp\/v2\/product_brand?post=11630"},{"taxonomy":"product_cat","embeddable":true,"href":"https:\/\/newhometr.com\/store\/wp-json\/wp\/v2\/product_cat?post=11630"},{"taxonomy":"product_tag","embeddable":true,"href":"https:\/\/newhometr.com\/store\/wp-json\/wp\/v2\/product_tag?post=11630"}],"curies":[{"name":"wp","href":"https:\/\/api.w.org\/{rel}","templated":true}]}}