{"id":11627,"date":"2025-08-13T19:06:24","date_gmt":"2025-08-13T19:06:24","guid":{"rendered":"https:\/\/newhometr.com\/store\/?post_type=product&#038;p=11627"},"modified":"2025-08-13T19:21:19","modified_gmt":"2025-08-13T19:21:19","slug":"fixa-repairfix-30-kalin-tamir-harci-25-kg-gri","status":"publish","type":"product","link":"https:\/\/newhometr.com\/store\/product\/fixa-repairfix-30-kalin-tamir-harci-25-kg-gri\/","title":{"rendered":"Fixa Repairfix 30 Kal\u0131n Tamir Harc\u0131 25 Kg Gri"},"content":{"rendered":"<p><strong>Uygulama Alanlar\u0131:<\/strong><\/p>\n<ul>\n<li>\u0130\u00e7 ve d\u0131\u015f mekanlarda,<\/li>\n<li>Restorasyonlarda,<\/li>\n<li>Beton ve prefabrik beton elemanlar\u0131n\u0131n tamirinde,<\/li>\n<li>Duvar ve tavan s\u0131valar\u0131n\u0131n d\u00fczg\u00fcnle\u015ftirilmesinde ve tamirinde,<\/li>\n<li>Boya, seramik kaplama ve izolasyon \u00f6ncesinde d\u00fczg\u00fcn ve sa\u011flam bir y\u00fczey elde edilmesi i\u00e7in kullan\u0131l\u0131r. 30<\/li>\n<li>mm\u2019ye kadar statik (dura\u011fan) \u00e7atlaklar i\u00e7in uygundur.<\/li>\n<\/ul>\n","protected":false},"excerpt":{"rendered":"<p>Uygulama Alanlar\u0131: \u0130\u00e7 ve d\u0131\u015f mekanlarda, Restorasyonlarda, Beton ve prefabrik beton elemanlar\u0131n\u0131n tamirinde, Duvar ve tavan s\u0131valar\u0131n\u0131n d\u00fczg\u00fcnle\u015ftirilmesinde ve tamirinde, Boya, seramik kaplama ve izolasyon \u00f6ncesinde d\u00fczg\u00fcn ve sa\u011flam bir y\u00fczey elde edilmesi i\u00e7in kullan\u0131l\u0131r. 30 mm\u2019ye kadar statik (dura\u011fan) \u00e7atlaklar i\u00e7in uygundur.<\/p>\n","protected":false},"featured_media":11628,"comment_status":"open","ping_status":"closed","template":"","meta":[],"product_brand":[531],"product_cat":[533,534,52],"product_tag":[],"class_list":{"0":"post-11627","1":"product","2":"type-product","3":"status-publish","4":"has-post-thumbnail","6":"product_brand-fixa","7":"product_cat-chemicals","8":"product_cat-surface-preparation-and-cleaning-materials","9":"product_cat-building-materials","12":"instock","13":"shipping-taxable","14":"purchasable","15":"product-type-simple"},"_links":{"self":[{"href":"https:\/\/newhometr.com\/store\/wp-json\/wp\/v2\/product\/11627","targetHints":{"allow":["GET"]}}],"collection":[{"href":"https:\/\/newhometr.com\/store\/wp-json\/wp\/v2\/product"}],"about":[{"href":"https:\/\/newhometr.com\/store\/wp-json\/wp\/v2\/types\/product"}],"replies":[{"embeddable":true,"href":"https:\/\/newhometr.com\/store\/wp-json\/wp\/v2\/comments?post=11627"}],"version-history":[{"count":1,"href":"https:\/\/newhometr.com\/store\/wp-json\/wp\/v2\/product\/11627\/revisions"}],"predecessor-version":[{"id":11629,"href":"https:\/\/newhometr.com\/store\/wp-json\/wp\/v2\/product\/11627\/revisions\/11629"}],"wp:featuredmedia":[{"embeddable":true,"href":"https:\/\/newhometr.com\/store\/wp-json\/wp\/v2\/media\/11628"}],"wp:attachment":[{"href":"https:\/\/newhometr.com\/store\/wp-json\/wp\/v2\/media?parent=11627"}],"wp:term":[{"taxonomy":"product_brand","embeddable":true,"href":"https:\/\/newhometr.com\/store\/wp-json\/wp\/v2\/product_brand?post=11627"},{"taxonomy":"product_cat","embeddable":true,"href":"https:\/\/newhometr.com\/store\/wp-json\/wp\/v2\/product_cat?post=11627"},{"taxonomy":"product_tag","embeddable":true,"href":"https:\/\/newhometr.com\/store\/wp-json\/wp\/v2\/product_tag?post=11627"}],"curies":[{"name":"wp","href":"https:\/\/api.w.org\/{rel}","templated":true}]}}