{"id":11621,"date":"2025-08-13T19:00:34","date_gmt":"2025-08-13T19:00:34","guid":{"rendered":"https:\/\/newhometr.com\/store\/?post_type=product&#038;p=11621"},"modified":"2025-08-13T19:29:07","modified_gmt":"2025-08-13T19:29:07","slug":"fixa-flex-derz-dolgu-1-6mm-fildisi-20kg","status":"publish","type":"product","link":"https:\/\/newhometr.com\/store\/product\/fixa-flex-derz-dolgu-1-6mm-fildisi-20kg\/","title":{"rendered":"Fixa Flex Derz Dolgu 1-6mm Fildi\u015fi 20kg"},"content":{"rendered":"<p>Tan\u0131m\u0131 ve Kullan\u0131m Alanlar\u0131: 1 &#8211; 6 mm\u2019lik derzlerde kullan\u0131lan y\u00fcksek performansl\u0131 derz dolgusudur. Su emmesi azalt\u0131lm\u0131\u015ft\u0131r. Kolay i\u015flenir, p\u00fcr\u00fczs\u00fcz y\u00fczey olu\u015fturur. Havuz, su deposu, hamam ve sauna gibi mekanlarda, alttan \u0131s\u0131tmal\u0131 sistemlerde, granit seramik, b\u00fcy\u00fck ebatl\u0131 seramik, fayans, do\u011fal granit, mermer, klinker ve cam mozaik gibi kaplamalar\u0131n 1 &#8211; 6 mm&#8217;ye kadar olan derzlerinin doldurulmas\u0131nda kullan\u0131l\u0131r. Seramik kenarlar\u0131na \u00e7atlamadan m\u00fckemmel yap\u0131\u015f\u0131r. \u0130\u00e7 ve d\u0131\u015f mekanlarda, yatay ve d\u00fc\u015fey uygulamalarda ve yerden \u0131s\u0131tmal\u0131 sistemlerde kullan\u0131ma uygundur.<\/p>\n<p>\u00d6zellikleri: \u00c7imento esasl\u0131, tek bile\u015fenlidir. A\u015f\u0131nmaya kar\u015f\u0131 dayan\u0131kl\u0131d\u0131r. Renk solmas\u0131, tozuma ve \u00e7atlama yapmaz. Ani s\u0131cakl\u0131k de\u011fi\u015fikliklerinden etkilenmez. Suya ve dona kar\u015f\u0131 dayan\u0131kl\u0131d\u0131r.<\/p>\n<p>Zengin renk se\u00e7ene\u011fi sunar, dekoratiftir.<\/p>\n","protected":false},"excerpt":{"rendered":"<p>Tan\u0131m\u0131 ve Kullan\u0131m Alanlar\u0131: 1 &#8211; 6 mm\u2019lik derzlerde kullan\u0131lan y\u00fcksek performansl\u0131 derz dolgusudur. Su emmesi azalt\u0131lm\u0131\u015ft\u0131r. Kolay i\u015flenir, p\u00fcr\u00fczs\u00fcz y\u00fczey olu\u015fturur. Havuz, su deposu, hamam ve sauna gibi mekanlarda, alttan \u0131s\u0131tmal\u0131 sistemlerde, granit seramik, b\u00fcy\u00fck ebatl\u0131 seramik, fayans, do\u011fal granit, mermer, klinker ve cam mozaik gibi kaplamalar\u0131n 1 &#8211; 6 mm&#8217;ye kadar olan derzlerinin &hellip; <a href=\"https:\/\/newhometr.com\/store\/product\/fixa-flex-derz-dolgu-1-6mm-fildisi-20kg\/\" class=\"more-link\">Continue reading <span class=\"screen-reader-text\">Fixa Flex Derz Dolgu 1-6mm Fildi\u015fi 20kg<\/span><\/a><\/p>\n","protected":false},"featured_media":11622,"comment_status":"open","ping_status":"closed","template":"","meta":[],"product_brand":[531],"product_cat":[533,535,52],"product_tag":[],"class_list":{"0":"post-11621","1":"product","2":"type-product","3":"status-publish","4":"has-post-thumbnail","6":"product_brand-fixa","7":"product_cat-chemicals","8":"product_cat-injection-materials","9":"product_cat-building-materials","12":"instock","13":"shipping-taxable","14":"purchasable","15":"product-type-simple"},"_links":{"self":[{"href":"https:\/\/newhometr.com\/store\/wp-json\/wp\/v2\/product\/11621","targetHints":{"allow":["GET"]}}],"collection":[{"href":"https:\/\/newhometr.com\/store\/wp-json\/wp\/v2\/product"}],"about":[{"href":"https:\/\/newhometr.com\/store\/wp-json\/wp\/v2\/types\/product"}],"replies":[{"embeddable":true,"href":"https:\/\/newhometr.com\/store\/wp-json\/wp\/v2\/comments?post=11621"}],"version-history":[{"count":1,"href":"https:\/\/newhometr.com\/store\/wp-json\/wp\/v2\/product\/11621\/revisions"}],"predecessor-version":[{"id":11623,"href":"https:\/\/newhometr.com\/store\/wp-json\/wp\/v2\/product\/11621\/revisions\/11623"}],"wp:featuredmedia":[{"embeddable":true,"href":"https:\/\/newhometr.com\/store\/wp-json\/wp\/v2\/media\/11622"}],"wp:attachment":[{"href":"https:\/\/newhometr.com\/store\/wp-json\/wp\/v2\/media?parent=11621"}],"wp:term":[{"taxonomy":"product_brand","embeddable":true,"href":"https:\/\/newhometr.com\/store\/wp-json\/wp\/v2\/product_brand?post=11621"},{"taxonomy":"product_cat","embeddable":true,"href":"https:\/\/newhometr.com\/store\/wp-json\/wp\/v2\/product_cat?post=11621"},{"taxonomy":"product_tag","embeddable":true,"href":"https:\/\/newhometr.com\/store\/wp-json\/wp\/v2\/product_tag?post=11621"}],"curies":[{"name":"wp","href":"https:\/\/api.w.org\/{rel}","templated":true}]}}