{"id":11611,"date":"2025-08-13T18:42:46","date_gmt":"2025-08-13T18:42:46","guid":{"rendered":"https:\/\/newhometr.com\/store\/?post_type=product&#038;p=11611"},"modified":"2025-08-13T19:35:16","modified_gmt":"2025-08-13T19:35:16","slug":"fixa-gazbeton-tutkali-25-kg","status":"publish","type":"product","link":"https:\/\/newhometr.com\/store\/product\/fixa-gazbeton-tutkali-25-kg\/","title":{"rendered":"Fixa Gazbeton Tutkal\u0131 25 Kg"},"content":{"rendered":"<p><strong>Uygulama Alanlar\u0131:<\/strong><\/p>\n<ul>\n<li>\u0130\u00e7 ve d\u0131\u015f mekanlarda,<\/li>\n<li>Su emme oran\u0131 y\u00fcksek gazbeton ve tu\u011fla gibi yap\u0131 elemanlar\u0131n\u0131n \u00f6r\u00fclmesinde kullan\u0131l\u0131r.<\/li>\n<\/ul>\n","protected":false},"excerpt":{"rendered":"<p>Uygulama Alanlar\u0131: \u0130\u00e7 ve d\u0131\u015f mekanlarda, Su emme oran\u0131 y\u00fcksek gazbeton ve tu\u011fla gibi yap\u0131 elemanlar\u0131n\u0131n \u00f6r\u00fclmesinde kullan\u0131l\u0131r.<\/p>\n","protected":false},"featured_media":11612,"comment_status":"open","ping_status":"closed","template":"","meta":[],"product_brand":[531],"product_cat":[536,533,52],"product_tag":[],"class_list":{"0":"post-11611","1":"product","2":"type-product","3":"status-publish","4":"has-post-thumbnail","6":"product_brand-fixa","7":"product_cat-ceramic-adhesives","8":"product_cat-chemicals","9":"product_cat-building-materials","12":"instock","13":"shipping-taxable","14":"purchasable","15":"product-type-simple"},"_links":{"self":[{"href":"https:\/\/newhometr.com\/store\/wp-json\/wp\/v2\/product\/11611","targetHints":{"allow":["GET"]}}],"collection":[{"href":"https:\/\/newhometr.com\/store\/wp-json\/wp\/v2\/product"}],"about":[{"href":"https:\/\/newhometr.com\/store\/wp-json\/wp\/v2\/types\/product"}],"replies":[{"embeddable":true,"href":"https:\/\/newhometr.com\/store\/wp-json\/wp\/v2\/comments?post=11611"}],"version-history":[{"count":1,"href":"https:\/\/newhometr.com\/store\/wp-json\/wp\/v2\/product\/11611\/revisions"}],"predecessor-version":[{"id":11613,"href":"https:\/\/newhometr.com\/store\/wp-json\/wp\/v2\/product\/11611\/revisions\/11613"}],"wp:featuredmedia":[{"embeddable":true,"href":"https:\/\/newhometr.com\/store\/wp-json\/wp\/v2\/media\/11612"}],"wp:attachment":[{"href":"https:\/\/newhometr.com\/store\/wp-json\/wp\/v2\/media?parent=11611"}],"wp:term":[{"taxonomy":"product_brand","embeddable":true,"href":"https:\/\/newhometr.com\/store\/wp-json\/wp\/v2\/product_brand?post=11611"},{"taxonomy":"product_cat","embeddable":true,"href":"https:\/\/newhometr.com\/store\/wp-json\/wp\/v2\/product_cat?post=11611"},{"taxonomy":"product_tag","embeddable":true,"href":"https:\/\/newhometr.com\/store\/wp-json\/wp\/v2\/product_tag?post=11611"}],"curies":[{"name":"wp","href":"https:\/\/api.w.org\/{rel}","templated":true}]}}