{"id":11603,"date":"2025-08-13T18:29:11","date_gmt":"2025-08-13T18:29:11","guid":{"rendered":"https:\/\/newhometr.com\/store\/?post_type=product&#038;p=11603"},"modified":"2025-08-13T19:38:33","modified_gmt":"2025-08-13T19:38:33","slug":"fixa-aquacement-2k-205-su-yalitim-2054kg","status":"publish","type":"product","link":"https:\/\/newhometr.com\/store\/product\/fixa-aquacement-2k-205-su-yalitim-2054kg\/","title":{"rendered":"Fixa Aquacement 2K 205 Su yal\u0131t\u0131m (20+5,4kg)"},"content":{"rendered":"<p><strong>Uygulama Alanlar\u0131:<\/strong><\/p>\n<ul>\n<li>\u0130\u00e7 ve d\u0131\u015f mekanlarda,<\/li>\n<li>Yatay ve d\u00fc\u015fey uygulamalarda,<\/li>\n<li>Banyo, mutfak gibi \u0131slak hacimlerde,<\/li>\n<li>Balkon ve teras \u00e7at\u0131lar\u0131n yal\u0131t\u0131m\u0131nda (\u00fczeri kaplanmak \u015fart\u0131 ile),<\/li>\n<li>\u00c7i\u00e7eklik yal\u0131t\u0131m\u0131nda kullan\u0131l\u0131r.<\/li>\n<\/ul>\n","protected":false},"excerpt":{"rendered":"<p>Uygulama Alanlar\u0131: \u0130\u00e7 ve d\u0131\u015f mekanlarda, Yatay ve d\u00fc\u015fey uygulamalarda, Banyo, mutfak gibi \u0131slak hacimlerde, Balkon ve teras \u00e7at\u0131lar\u0131n yal\u0131t\u0131m\u0131nda (\u00fczeri kaplanmak \u015fart\u0131 ile), \u00c7i\u00e7eklik yal\u0131t\u0131m\u0131nda kullan\u0131l\u0131r.<\/p>\n","protected":false},"featured_media":11604,"comment_status":"open","ping_status":"closed","template":"","meta":[],"product_brand":[531],"product_cat":[530,52],"product_tag":[],"class_list":{"0":"post-11603","1":"product","2":"type-product","3":"status-publish","4":"has-post-thumbnail","6":"product_brand-fixa","7":"product_cat-waterproofing","8":"product_cat-building-materials","11":"instock","12":"shipping-taxable","13":"purchasable","14":"product-type-simple"},"_links":{"self":[{"href":"https:\/\/newhometr.com\/store\/wp-json\/wp\/v2\/product\/11603","targetHints":{"allow":["GET"]}}],"collection":[{"href":"https:\/\/newhometr.com\/store\/wp-json\/wp\/v2\/product"}],"about":[{"href":"https:\/\/newhometr.com\/store\/wp-json\/wp\/v2\/types\/product"}],"replies":[{"embeddable":true,"href":"https:\/\/newhometr.com\/store\/wp-json\/wp\/v2\/comments?post=11603"}],"version-history":[{"count":2,"href":"https:\/\/newhometr.com\/store\/wp-json\/wp\/v2\/product\/11603\/revisions"}],"predecessor-version":[{"id":11606,"href":"https:\/\/newhometr.com\/store\/wp-json\/wp\/v2\/product\/11603\/revisions\/11606"}],"wp:featuredmedia":[{"embeddable":true,"href":"https:\/\/newhometr.com\/store\/wp-json\/wp\/v2\/media\/11604"}],"wp:attachment":[{"href":"https:\/\/newhometr.com\/store\/wp-json\/wp\/v2\/media?parent=11603"}],"wp:term":[{"taxonomy":"product_brand","embeddable":true,"href":"https:\/\/newhometr.com\/store\/wp-json\/wp\/v2\/product_brand?post=11603"},{"taxonomy":"product_cat","embeddable":true,"href":"https:\/\/newhometr.com\/store\/wp-json\/wp\/v2\/product_cat?post=11603"},{"taxonomy":"product_tag","embeddable":true,"href":"https:\/\/newhometr.com\/store\/wp-json\/wp\/v2\/product_tag?post=11603"}],"curies":[{"name":"wp","href":"https:\/\/api.w.org\/{rel}","templated":true}]}}