{"id":11597,"date":"2025-08-13T18:21:23","date_gmt":"2025-08-13T18:21:23","guid":{"rendered":"https:\/\/newhometr.com\/store\/?post_type=product&#038;p=11597"},"modified":"2025-08-13T19:41:12","modified_gmt":"2025-08-13T19:41:12","slug":"fixa-mahya-kiremit-yap-harci-25kg-kirmizi","status":"publish","type":"product","link":"https:\/\/newhometr.com\/store\/product\/fixa-mahya-kiremit-yap-harci-25kg-kirmizi\/","title":{"rendered":"Fixa Mahya Kiremit Yap.Harc\u0131 25kg K\u0131rm\u0131z\u0131"},"content":{"rendered":"<p>Tan\u0131m\u0131 ve Kullan\u0131m Alanlar\u0131:\u00c7at\u0131 mahya kiremitlerinin montaj\u0131nda ve yap\u0131\u015ft\u0131r\u0131lmas\u0131nda kullan\u0131lan bir yap\u0131\u015ft\u0131rma harc\u0131d\u0131r. K\u0131rm\u0131z\u0131 renkli su oluklar\u0131n\u0131n binaya yap\u0131\u015ft\u0131r\u0131lmas\u0131nda etkilidir. D\u0131\u015f mekanlarda, yatay ve d\u00fc\u015fey y\u00fczeylerde kullan\u0131ma uygundur.<\/p>\n<p>\u00d6zellikleri: \u00c7imento esasl\u0131, tek bile\u015fenlidir. Suya ve dona dayan\u0131kl\u0131d\u0131r, s\u0131cakl\u0131k de\u011fi\u015fikliklerinden etkilenmez. Elyaf katk\u0131s\u0131yla \u00e7atlama yapmaz. Y\u00fcksek stabilite sa\u011flar, d\u00fc\u015fey uygulamalarda sarkma yapmaz.<\/p>\n<p>K\u0131rm\u0131z\u0131 rengi ile dekoratiftir.<\/p>\n","protected":false},"excerpt":{"rendered":"<p>Tan\u0131m\u0131 ve Kullan\u0131m Alanlar\u0131:\u00c7at\u0131 mahya kiremitlerinin montaj\u0131nda ve yap\u0131\u015ft\u0131r\u0131lmas\u0131nda kullan\u0131lan bir yap\u0131\u015ft\u0131rma harc\u0131d\u0131r. K\u0131rm\u0131z\u0131 renkli su oluklar\u0131n\u0131n binaya yap\u0131\u015ft\u0131r\u0131lmas\u0131nda etkilidir. D\u0131\u015f mekanlarda, yatay ve d\u00fc\u015fey y\u00fczeylerde kullan\u0131ma uygundur. \u00d6zellikleri: \u00c7imento esasl\u0131, tek bile\u015fenlidir. Suya ve dona dayan\u0131kl\u0131d\u0131r, s\u0131cakl\u0131k de\u011fi\u015fikliklerinden etkilenmez. Elyaf katk\u0131s\u0131yla \u00e7atlama yapmaz. Y\u00fcksek stabilite sa\u011flar, d\u00fc\u015fey uygulamalarda sarkma yapmaz. K\u0131rm\u0131z\u0131 rengi ile dekoratiftir.<\/p>\n","protected":false},"featured_media":11598,"comment_status":"open","ping_status":"closed","template":"","meta":[],"product_brand":[531],"product_cat":[536,533,52],"product_tag":[],"class_list":{"0":"post-11597","1":"product","2":"type-product","3":"status-publish","4":"has-post-thumbnail","6":"product_brand-fixa","7":"product_cat-ceramic-adhesives","8":"product_cat-chemicals","9":"product_cat-building-materials","12":"instock","13":"shipping-taxable","14":"purchasable","15":"product-type-simple"},"_links":{"self":[{"href":"https:\/\/newhometr.com\/store\/wp-json\/wp\/v2\/product\/11597","targetHints":{"allow":["GET"]}}],"collection":[{"href":"https:\/\/newhometr.com\/store\/wp-json\/wp\/v2\/product"}],"about":[{"href":"https:\/\/newhometr.com\/store\/wp-json\/wp\/v2\/types\/product"}],"replies":[{"embeddable":true,"href":"https:\/\/newhometr.com\/store\/wp-json\/wp\/v2\/comments?post=11597"}],"version-history":[{"count":1,"href":"https:\/\/newhometr.com\/store\/wp-json\/wp\/v2\/product\/11597\/revisions"}],"predecessor-version":[{"id":11599,"href":"https:\/\/newhometr.com\/store\/wp-json\/wp\/v2\/product\/11597\/revisions\/11599"}],"wp:featuredmedia":[{"embeddable":true,"href":"https:\/\/newhometr.com\/store\/wp-json\/wp\/v2\/media\/11598"}],"wp:attachment":[{"href":"https:\/\/newhometr.com\/store\/wp-json\/wp\/v2\/media?parent=11597"}],"wp:term":[{"taxonomy":"product_brand","embeddable":true,"href":"https:\/\/newhometr.com\/store\/wp-json\/wp\/v2\/product_brand?post=11597"},{"taxonomy":"product_cat","embeddable":true,"href":"https:\/\/newhometr.com\/store\/wp-json\/wp\/v2\/product_cat?post=11597"},{"taxonomy":"product_tag","embeddable":true,"href":"https:\/\/newhometr.com\/store\/wp-json\/wp\/v2\/product_tag?post=11597"}],"curies":[{"name":"wp","href":"https:\/\/api.w.org\/{rel}","templated":true}]}}