{"id":11587,"date":"2025-08-13T18:03:18","date_gmt":"2025-08-13T18:03:18","guid":{"rendered":"https:\/\/newhometr.com\/store\/?post_type=product&#038;p=11587"},"modified":"2025-08-13T19:43:52","modified_gmt":"2025-08-13T19:43:52","slug":"fixa-repair-grout-gp-f50-rotresiz-ankraj-harci-20kg","status":"publish","type":"product","link":"https:\/\/newhometr.com\/store\/product\/fixa-repair-grout-gp-f50-rotresiz-ankraj-harci-20kg\/","title":{"rendered":"Fixa Repair Grout GP F50 R\u00f6tresiz Ankraj Harc\u0131 20kg"},"content":{"rendered":"<p><strong>\u00dcr\u00fcn \u00f6zellikleri<\/strong><br \/>\n\u00c7imento esasl\u0131, tek bile\u015fenli, r\u00f6tresiz, ak\u0131c\u0131 k\u0131vamda, y\u00fcksek mukavemetli, ayr\u0131\u015fma, terleme yapmayan, \u00f6zel olarak haz\u0131rlanm\u0131\u015f, R4 s\u0131n\u0131f\u0131na uygun yap\u0131sal grout ve ankraj harc\u0131d\u0131r.<\/p>\n<ul>\n<li>\u0130\u00e7 ve d\u0131\u015f mekanlarda<\/li>\n<li>Makine ayaklar\u0131n\u0131n ankraj\u0131nda ve yataklamalar\u0131nda,<\/li>\n<li>Zor ula\u015f\u0131lan yerlerde ak\u0131\u015fkan dolgu olarak,<\/li>\n<li>Erken y\u00fcksek mukavemet istenen tamirlerde,<\/li>\n<li>Kolon ve kiri\u015f birle\u015fim yerlerinde olu\u015fan bo\u015fluk ve oyuklar\u0131n doldurulmas\u0131nda ve g\u00fc\u00e7lendirilmesinde,<\/li>\n<li>Kal\u0131p ile kullan\u0131lmak suretiyle ayr\u0131\u015fmaya u\u011fram\u0131\u015f betonun tamirinde kullan\u0131l\u0131r.<\/li>\n<\/ul>\n","protected":false},"excerpt":{"rendered":"<p>\u00dcr\u00fcn \u00f6zellikleri \u00c7imento esasl\u0131, tek bile\u015fenli, r\u00f6tresiz, ak\u0131c\u0131 k\u0131vamda, y\u00fcksek mukavemetli, ayr\u0131\u015fma, terleme yapmayan, \u00f6zel olarak haz\u0131rlanm\u0131\u015f, R4 s\u0131n\u0131f\u0131na uygun yap\u0131sal grout ve ankraj harc\u0131d\u0131r. \u0130\u00e7 ve d\u0131\u015f mekanlarda Makine ayaklar\u0131n\u0131n ankraj\u0131nda ve yataklamalar\u0131nda, Zor ula\u015f\u0131lan yerlerde ak\u0131\u015fkan dolgu olarak, Erken y\u00fcksek mukavemet istenen tamirlerde, Kolon ve kiri\u015f birle\u015fim yerlerinde olu\u015fan bo\u015fluk ve oyuklar\u0131n doldurulmas\u0131nda &hellip; <a href=\"https:\/\/newhometr.com\/store\/product\/fixa-repair-grout-gp-f50-rotresiz-ankraj-harci-20kg\/\" class=\"more-link\">Continue reading <span class=\"screen-reader-text\">Fixa Repair Grout GP F50 R\u00f6tresiz Ankraj Harc\u0131 20kg<\/span><\/a><\/p>\n","protected":false},"featured_media":11588,"comment_status":"open","ping_status":"closed","template":"","meta":[],"product_brand":[531],"product_cat":[533,52],"product_tag":[],"class_list":{"0":"post-11587","1":"product","2":"type-product","3":"status-publish","4":"has-post-thumbnail","6":"product_brand-fixa","7":"product_cat-chemicals","8":"product_cat-building-materials","11":"instock","12":"shipping-taxable","13":"purchasable","14":"product-type-simple"},"_links":{"self":[{"href":"https:\/\/newhometr.com\/store\/wp-json\/wp\/v2\/product\/11587","targetHints":{"allow":["GET"]}}],"collection":[{"href":"https:\/\/newhometr.com\/store\/wp-json\/wp\/v2\/product"}],"about":[{"href":"https:\/\/newhometr.com\/store\/wp-json\/wp\/v2\/types\/product"}],"replies":[{"embeddable":true,"href":"https:\/\/newhometr.com\/store\/wp-json\/wp\/v2\/comments?post=11587"}],"version-history":[{"count":1,"href":"https:\/\/newhometr.com\/store\/wp-json\/wp\/v2\/product\/11587\/revisions"}],"predecessor-version":[{"id":11589,"href":"https:\/\/newhometr.com\/store\/wp-json\/wp\/v2\/product\/11587\/revisions\/11589"}],"wp:featuredmedia":[{"embeddable":true,"href":"https:\/\/newhometr.com\/store\/wp-json\/wp\/v2\/media\/11588"}],"wp:attachment":[{"href":"https:\/\/newhometr.com\/store\/wp-json\/wp\/v2\/media?parent=11587"}],"wp:term":[{"taxonomy":"product_brand","embeddable":true,"href":"https:\/\/newhometr.com\/store\/wp-json\/wp\/v2\/product_brand?post=11587"},{"taxonomy":"product_cat","embeddable":true,"href":"https:\/\/newhometr.com\/store\/wp-json\/wp\/v2\/product_cat?post=11587"},{"taxonomy":"product_tag","embeddable":true,"href":"https:\/\/newhometr.com\/store\/wp-json\/wp\/v2\/product_tag?post=11587"}],"curies":[{"name":"wp","href":"https:\/\/api.w.org\/{rel}","templated":true}]}}