{"id":11585,"date":"2025-08-13T17:49:07","date_gmt":"2025-08-13T17:49:07","guid":{"rendered":"https:\/\/newhometr.com\/store\/?post_type=product&#038;p=11585"},"modified":"2025-08-13T17:51:24","modified_gmt":"2025-08-13T17:51:24","slug":"fixa-bitumfix-er2k-pro-yalitim-malz-ab-32-kg","status":"publish","type":"product","link":"https:\/\/newhometr.com\/store\/product\/fixa-bitumfix-er2k-pro-yalitim-malz-ab-32-kg\/","title":{"rendered":"Fixa Bit\u00fcmfix ER2K Pro Yal\u0131t\u0131m Malz.(A+B) 32 Kg"},"content":{"rendered":"<p><strong>Tan\u0131m\u0131:<\/strong><\/p>\n<p>Polimer modifiye bitu\u0308m kauc\u0327uk esasl\u0131, c\u0327imento ku\u0308rlemeli, iki biles\u0327enli, elastik ve su bazl\u0131 bir su yal\u0131t\u0131m malzemesidir. BI\u0307TU\u0308MFI\u0307X ER 2K Pro tiksotropik, ku\u0308rlendikten sonra esnek, aderans o\u0308zellig\u0306i yu\u0308ksek ve yas\u0327lanma su\u0308resi uzun bir malzemedir.<\/p>\n<p><strong>Kullan\u0131m Alanlar\u0131:<\/strong><\/p>\n<ul>\n<li>\u0130\u00e7 ve d\u0131\u015f mek\u00e2nlarda,<\/li>\n<li>Yatay ve d\u00fc\u015fey y\u00fczeylerde,<\/li>\n<li>Temel, istinat duvarlar\u0131 ve perde duvarlar\u0131n korunmas\u0131 ve yal\u0131t\u0131m\u0131nda,<\/li>\n<li>Bodrum ve mahzen gibi mek\u00e2nlarda,<\/li>\n<li>Teras yal\u0131t\u0131mlar\u0131nda kaplama alt\u0131nda kullan\u0131l\u0131r.<\/li>\n<\/ul>\n","protected":false},"excerpt":{"rendered":"<p>Tan\u0131m\u0131: Polimer modifiye bitu\u0308m kauc\u0327uk esasl\u0131, c\u0327imento ku\u0308rlemeli, iki biles\u0327enli, elastik ve su bazl\u0131 bir su yal\u0131t\u0131m malzemesidir. BI\u0307TU\u0308MFI\u0307X ER 2K Pro tiksotropik, ku\u0308rlendikten sonra esnek, aderans o\u0308zellig\u0306i yu\u0308ksek ve yas\u0327lanma su\u0308resi uzun bir malzemedir. Kullan\u0131m Alanlar\u0131: \u0130\u00e7 ve d\u0131\u015f mek\u00e2nlarda, Yatay ve d\u00fc\u015fey y\u00fczeylerde, Temel, istinat duvarlar\u0131 ve perde duvarlar\u0131n korunmas\u0131 ve yal\u0131t\u0131m\u0131nda, Bodrum &hellip; <a href=\"https:\/\/newhometr.com\/store\/product\/fixa-bitumfix-er2k-pro-yalitim-malz-ab-32-kg\/\" class=\"more-link\">Continue reading <span class=\"screen-reader-text\">Fixa Bit\u00fcmfix ER2K Pro Yal\u0131t\u0131m Malz.(A+B) 32 Kg<\/span><\/a><\/p>\n","protected":false},"featured_media":11584,"comment_status":"open","ping_status":"closed","template":"","meta":[],"product_brand":[531],"product_cat":[530,52],"product_tag":[],"class_list":{"0":"post-11585","1":"product","2":"type-product","3":"status-publish","4":"has-post-thumbnail","6":"product_brand-fixa","7":"product_cat-waterproofing","8":"product_cat-building-materials","11":"instock","12":"shipping-taxable","13":"purchasable","14":"product-type-simple"},"_links":{"self":[{"href":"https:\/\/newhometr.com\/store\/wp-json\/wp\/v2\/product\/11585","targetHints":{"allow":["GET"]}}],"collection":[{"href":"https:\/\/newhometr.com\/store\/wp-json\/wp\/v2\/product"}],"about":[{"href":"https:\/\/newhometr.com\/store\/wp-json\/wp\/v2\/types\/product"}],"replies":[{"embeddable":true,"href":"https:\/\/newhometr.com\/store\/wp-json\/wp\/v2\/comments?post=11585"}],"version-history":[{"count":1,"href":"https:\/\/newhometr.com\/store\/wp-json\/wp\/v2\/product\/11585\/revisions"}],"predecessor-version":[{"id":11586,"href":"https:\/\/newhometr.com\/store\/wp-json\/wp\/v2\/product\/11585\/revisions\/11586"}],"wp:featuredmedia":[{"embeddable":true,"href":"https:\/\/newhometr.com\/store\/wp-json\/wp\/v2\/media\/11584"}],"wp:attachment":[{"href":"https:\/\/newhometr.com\/store\/wp-json\/wp\/v2\/media?parent=11585"}],"wp:term":[{"taxonomy":"product_brand","embeddable":true,"href":"https:\/\/newhometr.com\/store\/wp-json\/wp\/v2\/product_brand?post=11585"},{"taxonomy":"product_cat","embeddable":true,"href":"https:\/\/newhometr.com\/store\/wp-json\/wp\/v2\/product_cat?post=11585"},{"taxonomy":"product_tag","embeddable":true,"href":"https:\/\/newhometr.com\/store\/wp-json\/wp\/v2\/product_tag?post=11585"}],"curies":[{"name":"wp","href":"https:\/\/api.w.org\/{rel}","templated":true}]}}