{"id":11573,"date":"2025-08-03T07:09:43","date_gmt":"2025-08-03T07:09:43","guid":{"rendered":"https:\/\/newhometr.com\/store\/?post_type=product&#038;p=11573"},"modified":"2025-08-03T07:09:46","modified_gmt":"2025-08-03T07:09:46","slug":"rich-sari-sapli-beyaz-sentetik-firca-frrich-026-3000","status":"publish","type":"product","link":"https:\/\/newhometr.com\/store\/product\/rich-sari-sapli-beyaz-sentetik-firca-frrich-026-3000\/","title":{"rendered":"Rich Sar\u0131 Sapl\u0131 Beyaz Sentetik F\u0131r\u00e7a FRRICH-026-3000"},"content":{"rendered":"<ul>\n<li>Hobby uygulamalar\u0131nda kullan\u0131lan yard\u0131mc\u0131 yan \u00fcr\u00fcnlerdir.<\/li>\n<li>Rich su bazl\u0131 boya, vernik grubu \u00fcr\u00fcnlerin istenilen y\u00fczeylere uygulanmas\u0131nda kullan\u0131lan \u00fcr\u00fcnlerdir.<\/li>\n<li>Her t\u00fcrl\u00fc y\u00fczeyde kullan\u0131labilir: ah\u015fap, mdf, tuval, al\u00e7\u0131, kartonpiyer, re\u00e7ine, mum, duvar, kuma\u015f, deri, strafor, seramik porselen, polimer kil, suluboya ka\u011f\u0131d\u0131, metal.<\/li>\n<\/ul>\n","protected":false},"excerpt":{"rendered":"<p>Hobby uygulamalar\u0131nda kullan\u0131lan yard\u0131mc\u0131 yan \u00fcr\u00fcnlerdir. Rich su bazl\u0131 boya, vernik grubu \u00fcr\u00fcnlerin istenilen y\u00fczeylere uygulanmas\u0131nda kullan\u0131lan \u00fcr\u00fcnlerdir. Her t\u00fcrl\u00fc y\u00fczeyde kullan\u0131labilir: ah\u015fap, mdf, tuval, al\u00e7\u0131, kartonpiyer, re\u00e7ine, mum, duvar, kuma\u015f, deri, strafor, seramik porselen, polimer kil, suluboya ka\u011f\u0131d\u0131, metal.<\/p>\n","protected":false},"featured_media":11574,"comment_status":"open","ping_status":"closed","template":"","meta":[],"product_brand":[],"product_cat":[473,474,38,57],"product_tag":[],"class_list":{"0":"post-11573","1":"product","2":"type-product","3":"status-publish","4":"has-post-thumbnail","6":"product_cat-painting-tools","7":"product_cat-painting-tools-paint","8":"product_cat-tools","9":"product_cat-paint","12":"instock","13":"shipping-taxable","14":"purchasable","15":"product-type-simple"},"_links":{"self":[{"href":"https:\/\/newhometr.com\/store\/wp-json\/wp\/v2\/product\/11573","targetHints":{"allow":["GET"]}}],"collection":[{"href":"https:\/\/newhometr.com\/store\/wp-json\/wp\/v2\/product"}],"about":[{"href":"https:\/\/newhometr.com\/store\/wp-json\/wp\/v2\/types\/product"}],"replies":[{"embeddable":true,"href":"https:\/\/newhometr.com\/store\/wp-json\/wp\/v2\/comments?post=11573"}],"version-history":[{"count":2,"href":"https:\/\/newhometr.com\/store\/wp-json\/wp\/v2\/product\/11573\/revisions"}],"predecessor-version":[{"id":11577,"href":"https:\/\/newhometr.com\/store\/wp-json\/wp\/v2\/product\/11573\/revisions\/11577"}],"wp:featuredmedia":[{"embeddable":true,"href":"https:\/\/newhometr.com\/store\/wp-json\/wp\/v2\/media\/11574"}],"wp:attachment":[{"href":"https:\/\/newhometr.com\/store\/wp-json\/wp\/v2\/media?parent=11573"}],"wp:term":[{"taxonomy":"product_brand","embeddable":true,"href":"https:\/\/newhometr.com\/store\/wp-json\/wp\/v2\/product_brand?post=11573"},{"taxonomy":"product_cat","embeddable":true,"href":"https:\/\/newhometr.com\/store\/wp-json\/wp\/v2\/product_cat?post=11573"},{"taxonomy":"product_tag","embeddable":true,"href":"https:\/\/newhometr.com\/store\/wp-json\/wp\/v2\/product_tag?post=11573"}],"curies":[{"name":"wp","href":"https:\/\/api.w.org\/{rel}","templated":true}]}}