{"id":11567,"date":"2025-08-03T06:55:28","date_gmt":"2025-08-03T06:55:28","guid":{"rendered":"https:\/\/newhometr.com\/store\/?post_type=product&#038;p=11567"},"modified":"2025-08-03T06:57:14","modified_gmt":"2025-08-03T06:57:14","slug":"aluminyum-kapi-alti-firca-h-tipi-100cm","status":"publish","type":"product","link":"https:\/\/newhometr.com\/store\/product\/aluminyum-kapi-alti-firca-h-tipi-100cm\/","title":{"rendered":"Al\u00fcminyum Kap\u0131 Alt\u0131 F\u0131r\u00e7a H Tipi 100cm"},"content":{"rendered":"<p>Katar Al\u00fcminyum Kap\u0131 Alt\u0131 F\u0131r\u00e7a H Tipi<\/p>\n<p>uzunluk: 100 cm<\/p>\n<p>k\u0131l y\u00fcksekli\u011fi : 3 cm<\/p>\n<p>al\u00fcminyum uzunluk: 2 cm<\/p>\n<p>Kullan\u0131ld\u0131\u011f\u0131 Alanlar:<br \/>\nAsk\u0131l\u0131 vitrin sistemlerin alt ve \u00fcst k\u0131s\u0131mlar\u0131na, al\u00fcminyum do\u011frama kap\u0131lar\u0131n alt\u0131na,<br \/>\ns\u00fcp\u00fcrgelik sistemlerine, kap\u0131 altlar\u0131na, Kap\u0131 Alt\u0131 F\u0131r\u00e7alar\u0131 Kap\u0131 altlar\u0131nda,<br \/>\ny\u00fcr\u00fcyen merdivenlerde, d\u00f6nen kap\u0131larda, fotoselli kap\u0131lar\u0131n alt ve \u00fcstlerine panolarda<br \/>\nve s\u0131zd\u0131rmazl\u0131k gereksinimi olan her yerde kullan\u0131lan, uygulamas\u0131 kolay tak\u0131lan \u00fcr\u00fcnd\u00fcr.<br \/>\nkap\u0131n\u0131n i\u00e7 y\u00fczeyinden vidalanarak montaj edimektedir.<\/p>\n","protected":false},"excerpt":{"rendered":"<p>Katar Al\u00fcminyum Kap\u0131 Alt\u0131 F\u0131r\u00e7a H Tipi uzunluk: 100 cm k\u0131l y\u00fcksekli\u011fi : 3 cm al\u00fcminyum uzunluk: 2 cm Kullan\u0131ld\u0131\u011f\u0131 Alanlar: Ask\u0131l\u0131 vitrin sistemlerin alt ve \u00fcst k\u0131s\u0131mlar\u0131na, al\u00fcminyum do\u011frama kap\u0131lar\u0131n alt\u0131na, s\u00fcp\u00fcrgelik sistemlerine, kap\u0131 altlar\u0131na, Kap\u0131 Alt\u0131 F\u0131r\u00e7alar\u0131 Kap\u0131 altlar\u0131nda, y\u00fcr\u00fcyen merdivenlerde, d\u00f6nen kap\u0131larda, fotoselli kap\u0131lar\u0131n alt ve \u00fcstlerine panolarda ve s\u0131zd\u0131rmazl\u0131k gereksinimi olan &hellip; <a href=\"https:\/\/newhometr.com\/store\/product\/aluminyum-kapi-alti-firca-h-tipi-100cm\/\" class=\"more-link\">Continue reading <span class=\"screen-reader-text\">Al\u00fcminyum Kap\u0131 Alt\u0131 F\u0131r\u00e7a H Tipi 100cm<\/span><\/a><\/p>\n","protected":false},"featured_media":11568,"comment_status":"open","ping_status":"closed","template":"","meta":[],"product_brand":[],"product_cat":[474,473,38,57],"product_tag":[],"class_list":{"0":"post-11567","1":"product","2":"type-product","3":"status-publish","4":"has-post-thumbnail","6":"product_cat-painting-tools-paint","7":"product_cat-painting-tools","8":"product_cat-tools","9":"product_cat-paint","12":"instock","13":"shipping-taxable","14":"purchasable","15":"product-type-simple"},"_links":{"self":[{"href":"https:\/\/newhometr.com\/store\/wp-json\/wp\/v2\/product\/11567","targetHints":{"allow":["GET"]}}],"collection":[{"href":"https:\/\/newhometr.com\/store\/wp-json\/wp\/v2\/product"}],"about":[{"href":"https:\/\/newhometr.com\/store\/wp-json\/wp\/v2\/types\/product"}],"replies":[{"embeddable":true,"href":"https:\/\/newhometr.com\/store\/wp-json\/wp\/v2\/comments?post=11567"}],"version-history":[{"count":3,"href":"https:\/\/newhometr.com\/store\/wp-json\/wp\/v2\/product\/11567\/revisions"}],"predecessor-version":[{"id":11571,"href":"https:\/\/newhometr.com\/store\/wp-json\/wp\/v2\/product\/11567\/revisions\/11571"}],"wp:featuredmedia":[{"embeddable":true,"href":"https:\/\/newhometr.com\/store\/wp-json\/wp\/v2\/media\/11568"}],"wp:attachment":[{"href":"https:\/\/newhometr.com\/store\/wp-json\/wp\/v2\/media?parent=11567"}],"wp:term":[{"taxonomy":"product_brand","embeddable":true,"href":"https:\/\/newhometr.com\/store\/wp-json\/wp\/v2\/product_brand?post=11567"},{"taxonomy":"product_cat","embeddable":true,"href":"https:\/\/newhometr.com\/store\/wp-json\/wp\/v2\/product_cat?post=11567"},{"taxonomy":"product_tag","embeddable":true,"href":"https:\/\/newhometr.com\/store\/wp-json\/wp\/v2\/product_tag?post=11567"}],"curies":[{"name":"wp","href":"https:\/\/api.w.org\/{rel}","templated":true}]}}