{"id":11548,"date":"2025-08-03T06:31:48","date_gmt":"2025-08-03T06:31:48","guid":{"rendered":"https:\/\/newhometr.com\/store\/?post_type=product&#038;p=11548"},"modified":"2025-08-03T06:31:51","modified_gmt":"2025-08-03T06:31:51","slug":"rich-bordo-sapli-beyaz-sentetik-firca-frrich-022-3500","status":"publish","type":"product","link":"https:\/\/newhometr.com\/store\/product\/rich-bordo-sapli-beyaz-sentetik-firca-frrich-022-3500\/","title":{"rendered":"Rich Bordo Sapl\u0131 Beyaz Sentetik F\u0131r\u00e7a FRRICH-022-3500"},"content":{"rendered":"<ul>\n<li>Hobby uygulamalar\u0131nda kullan\u0131lan yard\u0131mc\u0131 yan \u00fcr\u00fcnlerdir.<\/li>\n<li>Rich su bazl\u0131 boya, vernik grubu \u00fcr\u00fcnlerin istenilen y\u00fczeylere uygulanmas\u0131nda kullan\u0131lan \u00fcr\u00fcnlerdir.<\/li>\n<\/ul>\n","protected":false},"excerpt":{"rendered":"<p>Hobby uygulamalar\u0131nda kullan\u0131lan yard\u0131mc\u0131 yan \u00fcr\u00fcnlerdir. Rich su bazl\u0131 boya, vernik grubu \u00fcr\u00fcnlerin istenilen y\u00fczeylere uygulanmas\u0131nda kullan\u0131lan \u00fcr\u00fcnlerdir.<\/p>\n","protected":false},"featured_media":11549,"comment_status":"open","ping_status":"closed","template":"","meta":[],"product_brand":[],"product_cat":[473,474,38,57],"product_tag":[],"class_list":{"0":"post-11548","1":"product","2":"type-product","3":"status-publish","4":"has-post-thumbnail","6":"product_cat-painting-tools","7":"product_cat-painting-tools-paint","8":"product_cat-tools","9":"product_cat-paint","12":"instock","13":"shipping-taxable","14":"purchasable","15":"product-type-simple"},"_links":{"self":[{"href":"https:\/\/newhometr.com\/store\/wp-json\/wp\/v2\/product\/11548","targetHints":{"allow":["GET"]}}],"collection":[{"href":"https:\/\/newhometr.com\/store\/wp-json\/wp\/v2\/product"}],"about":[{"href":"https:\/\/newhometr.com\/store\/wp-json\/wp\/v2\/types\/product"}],"replies":[{"embeddable":true,"href":"https:\/\/newhometr.com\/store\/wp-json\/wp\/v2\/comments?post=11548"}],"version-history":[{"count":1,"href":"https:\/\/newhometr.com\/store\/wp-json\/wp\/v2\/product\/11548\/revisions"}],"predecessor-version":[{"id":11550,"href":"https:\/\/newhometr.com\/store\/wp-json\/wp\/v2\/product\/11548\/revisions\/11550"}],"wp:featuredmedia":[{"embeddable":true,"href":"https:\/\/newhometr.com\/store\/wp-json\/wp\/v2\/media\/11549"}],"wp:attachment":[{"href":"https:\/\/newhometr.com\/store\/wp-json\/wp\/v2\/media?parent=11548"}],"wp:term":[{"taxonomy":"product_brand","embeddable":true,"href":"https:\/\/newhometr.com\/store\/wp-json\/wp\/v2\/product_brand?post=11548"},{"taxonomy":"product_cat","embeddable":true,"href":"https:\/\/newhometr.com\/store\/wp-json\/wp\/v2\/product_cat?post=11548"},{"taxonomy":"product_tag","embeddable":true,"href":"https:\/\/newhometr.com\/store\/wp-json\/wp\/v2\/product_tag?post=11548"}],"curies":[{"name":"wp","href":"https:\/\/api.w.org\/{rel}","templated":true}]}}