{"id":11542,"date":"2025-08-03T06:25:24","date_gmt":"2025-08-03T06:25:24","guid":{"rendered":"https:\/\/newhometr.com\/store\/?post_type=product&#038;p=11542"},"modified":"2025-08-03T06:25:27","modified_gmt":"2025-08-03T06:25:27","slug":"izmir-firca-smart-serpme-fircasi","status":"publish","type":"product","link":"https:\/\/newhometr.com\/store\/product\/izmir-firca-smart-serpme-fircasi\/","title":{"rendered":"\u0130zmir F\u0131r\u00e7a Smart Serpme F\u0131r\u00e7as\u0131"},"content":{"rendered":"<p><strong>i\u0307zmir f\u0131r\u00e7a su atma f\u0131r\u00e7as\u0131 naylon<\/strong><\/p>\n<p>su atma f\u0131r\u00e7as\u0131 s\u0131va uygulamas\u0131 yaparken duvardaki s\u0131van\u0131n iyi yap\u0131\u015fmas\u0131 i\u00e7in \u00f6ncesinden su serperek yap\u0131\u015fma kalitesini artt\u0131rmak i\u00e7in kullan\u0131l\u0131r.<\/p>\n<p>17 cm-7 cm<\/p>\n","protected":false},"excerpt":{"rendered":"<p>i\u0307zmir f\u0131r\u00e7a su atma f\u0131r\u00e7as\u0131 naylon su atma f\u0131r\u00e7as\u0131 s\u0131va uygulamas\u0131 yaparken duvardaki s\u0131van\u0131n iyi yap\u0131\u015fmas\u0131 i\u00e7in \u00f6ncesinden su serperek yap\u0131\u015fma kalitesini artt\u0131rmak i\u00e7in kullan\u0131l\u0131r. 17 cm-7 cm<\/p>\n","protected":false},"featured_media":11543,"comment_status":"open","ping_status":"closed","template":"","meta":[],"product_brand":[],"product_cat":[473,474,38,57],"product_tag":[],"class_list":{"0":"post-11542","1":"product","2":"type-product","3":"status-publish","4":"has-post-thumbnail","6":"product_cat-painting-tools","7":"product_cat-painting-tools-paint","8":"product_cat-tools","9":"product_cat-paint","12":"instock","13":"shipping-taxable","14":"purchasable","15":"product-type-simple"},"_links":{"self":[{"href":"https:\/\/newhometr.com\/store\/wp-json\/wp\/v2\/product\/11542","targetHints":{"allow":["GET"]}}],"collection":[{"href":"https:\/\/newhometr.com\/store\/wp-json\/wp\/v2\/product"}],"about":[{"href":"https:\/\/newhometr.com\/store\/wp-json\/wp\/v2\/types\/product"}],"replies":[{"embeddable":true,"href":"https:\/\/newhometr.com\/store\/wp-json\/wp\/v2\/comments?post=11542"}],"version-history":[{"count":1,"href":"https:\/\/newhometr.com\/store\/wp-json\/wp\/v2\/product\/11542\/revisions"}],"predecessor-version":[{"id":11544,"href":"https:\/\/newhometr.com\/store\/wp-json\/wp\/v2\/product\/11542\/revisions\/11544"}],"wp:featuredmedia":[{"embeddable":true,"href":"https:\/\/newhometr.com\/store\/wp-json\/wp\/v2\/media\/11543"}],"wp:attachment":[{"href":"https:\/\/newhometr.com\/store\/wp-json\/wp\/v2\/media?parent=11542"}],"wp:term":[{"taxonomy":"product_brand","embeddable":true,"href":"https:\/\/newhometr.com\/store\/wp-json\/wp\/v2\/product_brand?post=11542"},{"taxonomy":"product_cat","embeddable":true,"href":"https:\/\/newhometr.com\/store\/wp-json\/wp\/v2\/product_cat?post=11542"},{"taxonomy":"product_tag","embeddable":true,"href":"https:\/\/newhometr.com\/store\/wp-json\/wp\/v2\/product_tag?post=11542"}],"curies":[{"name":"wp","href":"https:\/\/api.w.org\/{rel}","templated":true}]}}