{"id":11532,"date":"2025-08-03T06:13:54","date_gmt":"2025-08-03T06:13:54","guid":{"rendered":"https:\/\/newhometr.com\/store\/?post_type=product&#038;p=11532"},"modified":"2025-08-03T06:13:57","modified_gmt":"2025-08-03T06:13:57","slug":"luna-akrobat-fircasi-no-4","status":"publish","type":"product","link":"https:\/\/newhometr.com\/store\/product\/luna-akrobat-fircasi-no-4\/","title":{"rendered":"Luna Akrobat F\u0131r\u00e7as\u0131 No: 4"},"content":{"rendered":"<p>her t\u00fcrl\u00fc su bazl\u0131 ve solvent bazl\u0131 boyay\u0131 uygulamay m\u00fcsait, f\u0131r\u00e7an\u0131n k\u0131llar\u0131n\u0131n d\u00f6k\u00fclmesini engelleyecek \u00f6zel sap ge\u00e7me sistemi ile epoksi yap\u0131\u015ft\u0131r\u0131c\u0131 ile imal edilmi\u015ftir.<\/p>\n","protected":false},"excerpt":{"rendered":"<p>her t\u00fcrl\u00fc su bazl\u0131 ve solvent bazl\u0131 boyay\u0131 uygulamay m\u00fcsait, f\u0131r\u00e7an\u0131n k\u0131llar\u0131n\u0131n d\u00f6k\u00fclmesini engelleyecek \u00f6zel sap ge\u00e7me sistemi ile epoksi yap\u0131\u015ft\u0131r\u0131c\u0131 ile imal edilmi\u015ftir.<\/p>\n","protected":false},"featured_media":11533,"comment_status":"open","ping_status":"closed","template":"","meta":[],"product_brand":[],"product_cat":[474,473,38,57],"product_tag":[],"class_list":{"0":"post-11532","1":"product","2":"type-product","3":"status-publish","4":"has-post-thumbnail","6":"product_cat-painting-tools-paint","7":"product_cat-painting-tools","8":"product_cat-tools","9":"product_cat-paint","12":"instock","13":"shipping-taxable","14":"purchasable","15":"product-type-simple"},"_links":{"self":[{"href":"https:\/\/newhometr.com\/store\/wp-json\/wp\/v2\/product\/11532","targetHints":{"allow":["GET"]}}],"collection":[{"href":"https:\/\/newhometr.com\/store\/wp-json\/wp\/v2\/product"}],"about":[{"href":"https:\/\/newhometr.com\/store\/wp-json\/wp\/v2\/types\/product"}],"replies":[{"embeddable":true,"href":"https:\/\/newhometr.com\/store\/wp-json\/wp\/v2\/comments?post=11532"}],"version-history":[{"count":1,"href":"https:\/\/newhometr.com\/store\/wp-json\/wp\/v2\/product\/11532\/revisions"}],"predecessor-version":[{"id":11534,"href":"https:\/\/newhometr.com\/store\/wp-json\/wp\/v2\/product\/11532\/revisions\/11534"}],"wp:featuredmedia":[{"embeddable":true,"href":"https:\/\/newhometr.com\/store\/wp-json\/wp\/v2\/media\/11533"}],"wp:attachment":[{"href":"https:\/\/newhometr.com\/store\/wp-json\/wp\/v2\/media?parent=11532"}],"wp:term":[{"taxonomy":"product_brand","embeddable":true,"href":"https:\/\/newhometr.com\/store\/wp-json\/wp\/v2\/product_brand?post=11532"},{"taxonomy":"product_cat","embeddable":true,"href":"https:\/\/newhometr.com\/store\/wp-json\/wp\/v2\/product_cat?post=11532"},{"taxonomy":"product_tag","embeddable":true,"href":"https:\/\/newhometr.com\/store\/wp-json\/wp\/v2\/product_tag?post=11532"}],"curies":[{"name":"wp","href":"https:\/\/api.w.org\/{rel}","templated":true}]}}