{"id":11527,"date":"2025-08-03T06:11:11","date_gmt":"2025-08-03T06:11:11","guid":{"rendered":"https:\/\/newhometr.com\/store\/?post_type=product&#038;p=11527"},"modified":"2025-08-03T06:11:16","modified_gmt":"2025-08-03T06:11:16","slug":"ahsap-sap-sari-tel-firca-no-5","status":"publish","type":"product","link":"https:\/\/newhometr.com\/store\/product\/ahsap-sap-sari-tel-firca-no-5\/","title":{"rendered":"Ah\u015fap Sap Sar\u0131 Tel F\u0131r\u00e7a No: 5"},"content":{"rendered":"<p>Ah\u015fap Sap Sar\u0131 Tel F\u0131r\u00e7a , y\u00fczey temizlemek i\u00e7in ideal bir \u00fcr\u00fcnd\u00fcr.<\/p>\n","protected":false},"excerpt":{"rendered":"<p>Ah\u015fap Sap Sar\u0131 Tel F\u0131r\u00e7a , y\u00fczey temizlemek i\u00e7in ideal bir \u00fcr\u00fcnd\u00fcr.<\/p>\n","protected":false},"featured_media":11528,"comment_status":"open","ping_status":"closed","template":"","meta":[],"product_brand":[],"product_cat":[474,473,38,57],"product_tag":[],"class_list":{"0":"post-11527","1":"product","2":"type-product","3":"status-publish","4":"has-post-thumbnail","6":"product_cat-painting-tools-paint","7":"product_cat-painting-tools","8":"product_cat-tools","9":"product_cat-paint","12":"instock","13":"shipping-taxable","14":"purchasable","15":"product-type-simple"},"_links":{"self":[{"href":"https:\/\/newhometr.com\/store\/wp-json\/wp\/v2\/product\/11527","targetHints":{"allow":["GET"]}}],"collection":[{"href":"https:\/\/newhometr.com\/store\/wp-json\/wp\/v2\/product"}],"about":[{"href":"https:\/\/newhometr.com\/store\/wp-json\/wp\/v2\/types\/product"}],"replies":[{"embeddable":true,"href":"https:\/\/newhometr.com\/store\/wp-json\/wp\/v2\/comments?post=11527"}],"version-history":[{"count":1,"href":"https:\/\/newhometr.com\/store\/wp-json\/wp\/v2\/product\/11527\/revisions"}],"predecessor-version":[{"id":11531,"href":"https:\/\/newhometr.com\/store\/wp-json\/wp\/v2\/product\/11527\/revisions\/11531"}],"wp:featuredmedia":[{"embeddable":true,"href":"https:\/\/newhometr.com\/store\/wp-json\/wp\/v2\/media\/11528"}],"wp:attachment":[{"href":"https:\/\/newhometr.com\/store\/wp-json\/wp\/v2\/media?parent=11527"}],"wp:term":[{"taxonomy":"product_brand","embeddable":true,"href":"https:\/\/newhometr.com\/store\/wp-json\/wp\/v2\/product_brand?post=11527"},{"taxonomy":"product_cat","embeddable":true,"href":"https:\/\/newhometr.com\/store\/wp-json\/wp\/v2\/product_cat?post=11527"},{"taxonomy":"product_tag","embeddable":true,"href":"https:\/\/newhometr.com\/store\/wp-json\/wp\/v2\/product_tag?post=11527"}],"curies":[{"name":"wp","href":"https:\/\/api.w.org\/{rel}","templated":true}]}}