{"id":11507,"date":"2025-08-02T05:30:38","date_gmt":"2025-08-02T05:30:38","guid":{"rendered":"https:\/\/newhometr.com\/store\/?post_type=product&#038;p=11507"},"modified":"2025-08-03T06:00:35","modified_gmt":"2025-08-03T06:00:35","slug":"cadence-sunger-firca-ca-906-no1","status":"publish","type":"product","link":"https:\/\/newhometr.com\/store\/product\/cadence-sunger-firca-ca-906-no1\/","title":{"rendered":"Cadence S\u00fcnger Fir\u00e7a Ca-906 No:1"},"content":{"rendered":"<p>s\u00fcnger fir\u00e7a ca-906 no:1<\/p>\n","protected":false},"excerpt":{"rendered":"<p>s\u00fcnger fir\u00e7a ca-906 no:1<\/p>\n","protected":false},"featured_media":11508,"comment_status":"open","ping_status":"closed","template":"","meta":[],"product_brand":[],"product_cat":[474,473,38,57],"product_tag":[],"class_list":{"0":"post-11507","1":"product","2":"type-product","3":"status-publish","4":"has-post-thumbnail","6":"product_cat-painting-tools-paint","7":"product_cat-painting-tools","8":"product_cat-tools","9":"product_cat-paint","12":"instock","13":"shipping-taxable","14":"purchasable","15":"product-type-simple"},"_links":{"self":[{"href":"https:\/\/newhometr.com\/store\/wp-json\/wp\/v2\/product\/11507","targetHints":{"allow":["GET"]}}],"collection":[{"href":"https:\/\/newhometr.com\/store\/wp-json\/wp\/v2\/product"}],"about":[{"href":"https:\/\/newhometr.com\/store\/wp-json\/wp\/v2\/types\/product"}],"replies":[{"embeddable":true,"href":"https:\/\/newhometr.com\/store\/wp-json\/wp\/v2\/comments?post=11507"}],"version-history":[{"count":1,"href":"https:\/\/newhometr.com\/store\/wp-json\/wp\/v2\/product\/11507\/revisions"}],"predecessor-version":[{"id":11509,"href":"https:\/\/newhometr.com\/store\/wp-json\/wp\/v2\/product\/11507\/revisions\/11509"}],"wp:featuredmedia":[{"embeddable":true,"href":"https:\/\/newhometr.com\/store\/wp-json\/wp\/v2\/media\/11508"}],"wp:attachment":[{"href":"https:\/\/newhometr.com\/store\/wp-json\/wp\/v2\/media?parent=11507"}],"wp:term":[{"taxonomy":"product_brand","embeddable":true,"href":"https:\/\/newhometr.com\/store\/wp-json\/wp\/v2\/product_brand?post=11507"},{"taxonomy":"product_cat","embeddable":true,"href":"https:\/\/newhometr.com\/store\/wp-json\/wp\/v2\/product_cat?post=11507"},{"taxonomy":"product_tag","embeddable":true,"href":"https:\/\/newhometr.com\/store\/wp-json\/wp\/v2\/product_tag?post=11507"}],"curies":[{"name":"wp","href":"https:\/\/api.w.org\/{rel}","templated":true}]}}