{"id":11503,"date":"2025-08-02T05:26:15","date_gmt":"2025-08-02T05:26:15","guid":{"rendered":"https:\/\/newhometr.com\/store\/?post_type=product&#038;p=11503"},"modified":"2025-08-03T06:00:29","modified_gmt":"2025-08-03T06:00:29","slug":"e1yapimarket-cutting-brush-no-4","status":"publish","type":"product","link":"https:\/\/newhometr.com\/store\/product\/e1yapimarket-cutting-brush-no-4\/","title":{"rendered":"E1yap\u0131market Cutting Brush No: 4"},"content":{"rendered":"<p>Do\u011fu\u015f kestirme f\u0131r\u00e7as\u0131 no: 4<\/p>\n<p>Plastik sap<\/p>\n<p>Ergonomik ve kolay tutu\u015f sa\u011flar<\/p>\n<p>Solvente dayan\u0131kl\u0131d\u0131r<\/p>\n<p>K\u0131l d\u00f6kmez<\/p>\n<p>Iz b\u0131rakmaz<\/p>\n","protected":false},"excerpt":{"rendered":"<p>Do\u011fu\u015f kestirme f\u0131r\u00e7as\u0131 no: 4 Plastik sap Ergonomik ve kolay tutu\u015f sa\u011flar Solvente dayan\u0131kl\u0131d\u0131<\/p>\n","protected":false},"featured_media":11504,"comment_status":"open","ping_status":"closed","template":"","meta":[],"product_brand":[],"product_cat":[473,474,38,57],"product_tag":[],"class_list":{"0":"post-11503","1":"product","2":"type-product","3":"status-publish","4":"has-post-thumbnail","6":"product_cat-painting-tools","7":"product_cat-painting-tools-paint","8":"product_cat-tools","9":"product_cat-paint","12":"instock","13":"shipping-taxable","14":"purchasable","15":"product-type-simple"},"_links":{"self":[{"href":"https:\/\/newhometr.com\/store\/wp-json\/wp\/v2\/product\/11503","targetHints":{"allow":["GET"]}}],"collection":[{"href":"https:\/\/newhometr.com\/store\/wp-json\/wp\/v2\/product"}],"about":[{"href":"https:\/\/newhometr.com\/store\/wp-json\/wp\/v2\/types\/product"}],"replies":[{"embeddable":true,"href":"https:\/\/newhometr.com\/store\/wp-json\/wp\/v2\/comments?post=11503"}],"version-history":[{"count":3,"href":"https:\/\/newhometr.com\/store\/wp-json\/wp\/v2\/product\/11503\/revisions"}],"predecessor-version":[{"id":11521,"href":"https:\/\/newhometr.com\/store\/wp-json\/wp\/v2\/product\/11503\/revisions\/11521"}],"wp:featuredmedia":[{"embeddable":true,"href":"https:\/\/newhometr.com\/store\/wp-json\/wp\/v2\/media\/11504"}],"wp:attachment":[{"href":"https:\/\/newhometr.com\/store\/wp-json\/wp\/v2\/media?parent=11503"}],"wp:term":[{"taxonomy":"product_brand","embeddable":true,"href":"https:\/\/newhometr.com\/store\/wp-json\/wp\/v2\/product_brand?post=11503"},{"taxonomy":"product_cat","embeddable":true,"href":"https:\/\/newhometr.com\/store\/wp-json\/wp\/v2\/product_cat?post=11503"},{"taxonomy":"product_tag","embeddable":true,"href":"https:\/\/newhometr.com\/store\/wp-json\/wp\/v2\/product_tag?post=11503"}],"curies":[{"name":"wp","href":"https:\/\/api.w.org\/{rel}","templated":true}]}}