{"id":11500,"date":"2025-08-02T05:22:01","date_gmt":"2025-08-02T05:22:01","guid":{"rendered":"https:\/\/newhometr.com\/store\/?post_type=product&#038;p=11500"},"modified":"2025-08-03T05:56:24","modified_gmt":"2025-08-03T05:56:24","slug":"yakinlastir-cadence-ekonomi%cc%87k-eski%cc%87tme-fircasi-no2","status":"publish","type":"product","link":"https:\/\/newhometr.com\/store\/product\/yakinlastir-cadence-ekonomi%cc%87k-eski%cc%87tme-fircasi-no2\/","title":{"rendered":"Yak\u0131nla\u015ft\u0131r Cadence Ekonomi\u0307k Eski\u0307tme Fir\u00e7asi No:2"},"content":{"rendered":"<p>ekonomi\u0307k eski\u0307tme fir\u00e7asi no:2<\/p>\n<p>bu i\u0307lan entegra entegrasyon sistemleri ile listelenmi\u015ftir<\/p>\n","protected":false},"excerpt":{"rendered":"<p>ekonomi\u0307k eski\u0307tme fir\u00e7asi no:2 bu i\u0307lan entegra entegrasyon sistemleri ile listelenmi\u015ftir<\/p>\n","protected":false},"featured_media":11501,"comment_status":"open","ping_status":"closed","template":"","meta":[],"product_brand":[],"product_cat":[473,474,38,57],"product_tag":[],"class_list":{"0":"post-11500","1":"product","2":"type-product","3":"status-publish","4":"has-post-thumbnail","6":"product_cat-painting-tools","7":"product_cat-painting-tools-paint","8":"product_cat-tools","9":"product_cat-paint","12":"instock","13":"shipping-taxable","14":"purchasable","15":"product-type-simple"},"_links":{"self":[{"href":"https:\/\/newhometr.com\/store\/wp-json\/wp\/v2\/product\/11500","targetHints":{"allow":["GET"]}}],"collection":[{"href":"https:\/\/newhometr.com\/store\/wp-json\/wp\/v2\/product"}],"about":[{"href":"https:\/\/newhometr.com\/store\/wp-json\/wp\/v2\/types\/product"}],"replies":[{"embeddable":true,"href":"https:\/\/newhometr.com\/store\/wp-json\/wp\/v2\/comments?post=11500"}],"version-history":[{"count":1,"href":"https:\/\/newhometr.com\/store\/wp-json\/wp\/v2\/product\/11500\/revisions"}],"predecessor-version":[{"id":11502,"href":"https:\/\/newhometr.com\/store\/wp-json\/wp\/v2\/product\/11500\/revisions\/11502"}],"wp:featuredmedia":[{"embeddable":true,"href":"https:\/\/newhometr.com\/store\/wp-json\/wp\/v2\/media\/11501"}],"wp:attachment":[{"href":"https:\/\/newhometr.com\/store\/wp-json\/wp\/v2\/media?parent=11500"}],"wp:term":[{"taxonomy":"product_brand","embeddable":true,"href":"https:\/\/newhometr.com\/store\/wp-json\/wp\/v2\/product_brand?post=11500"},{"taxonomy":"product_cat","embeddable":true,"href":"https:\/\/newhometr.com\/store\/wp-json\/wp\/v2\/product_cat?post=11500"},{"taxonomy":"product_tag","embeddable":true,"href":"https:\/\/newhometr.com\/store\/wp-json\/wp\/v2\/product_tag?post=11500"}],"curies":[{"name":"wp","href":"https:\/\/api.w.org\/{rel}","templated":true}]}}