{"id":11493,"date":"2025-08-02T05:14:28","date_gmt":"2025-08-02T05:14:28","guid":{"rendered":"https:\/\/newhometr.com\/store\/?post_type=product&#038;p=11493"},"modified":"2025-08-03T05:55:21","modified_gmt":"2025-08-03T05:55:21","slug":"luna-touch-hobi-firca-gocek-3-lu-set","status":"publish","type":"product","link":"https:\/\/newhometr.com\/store\/product\/luna-touch-hobi-firca-gocek-3-lu-set\/","title":{"rendered":"Luna Touch Hobi Fir\u00e7a G\u00f6cek 3 L\u00fc Set"},"content":{"rendered":"","protected":false},"excerpt":{"rendered":"","protected":false},"featured_media":11494,"comment_status":"open","ping_status":"closed","template":"","meta":[],"product_brand":[],"product_cat":[473,474,38,57],"product_tag":[],"class_list":{"0":"post-11493","1":"product","2":"type-product","3":"status-publish","4":"has-post-thumbnail","6":"product_cat-painting-tools","7":"product_cat-painting-tools-paint","8":"product_cat-tools","9":"product_cat-paint","12":"instock","13":"shipping-taxable","14":"purchasable","15":"product-type-simple"},"_links":{"self":[{"href":"https:\/\/newhometr.com\/store\/wp-json\/wp\/v2\/product\/11493","targetHints":{"allow":["GET"]}}],"collection":[{"href":"https:\/\/newhometr.com\/store\/wp-json\/wp\/v2\/product"}],"about":[{"href":"https:\/\/newhometr.com\/store\/wp-json\/wp\/v2\/types\/product"}],"replies":[{"embeddable":true,"href":"https:\/\/newhometr.com\/store\/wp-json\/wp\/v2\/comments?post=11493"}],"version-history":[{"count":2,"href":"https:\/\/newhometr.com\/store\/wp-json\/wp\/v2\/product\/11493\/revisions"}],"predecessor-version":[{"id":11519,"href":"https:\/\/newhometr.com\/store\/wp-json\/wp\/v2\/product\/11493\/revisions\/11519"}],"wp:featuredmedia":[{"embeddable":true,"href":"https:\/\/newhometr.com\/store\/wp-json\/wp\/v2\/media\/11494"}],"wp:attachment":[{"href":"https:\/\/newhometr.com\/store\/wp-json\/wp\/v2\/media?parent=11493"}],"wp:term":[{"taxonomy":"product_brand","embeddable":true,"href":"https:\/\/newhometr.com\/store\/wp-json\/wp\/v2\/product_brand?post=11493"},{"taxonomy":"product_cat","embeddable":true,"href":"https:\/\/newhometr.com\/store\/wp-json\/wp\/v2\/product_cat?post=11493"},{"taxonomy":"product_tag","embeddable":true,"href":"https:\/\/newhometr.com\/store\/wp-json\/wp\/v2\/product_tag?post=11493"}],"curies":[{"name":"wp","href":"https:\/\/api.w.org\/{rel}","templated":true}]}}