{"id":11489,"date":"2025-08-02T05:05:45","date_gmt":"2025-08-02T05:05:45","guid":{"rendered":"https:\/\/newhometr.com\/store\/?post_type=product&#038;p=11489"},"modified":"2025-08-03T05:55:10","modified_gmt":"2025-08-03T05:55:10","slug":"rich-ekonomik-set-firca-beyaz-kil","status":"publish","type":"product","link":"https:\/\/newhometr.com\/store\/product\/rich-ekonomik-set-firca-beyaz-kil\/","title":{"rendered":"Rich Ekonomik Set F\u0131r\u00e7a Beyaz K\u0131l"},"content":{"rendered":"<ul>\n<li>ah\u015fap sapl\u0131.<\/li>\n<li>hobby uygulamalar\u0131nda kullan\u0131lan yard\u0131mc\u0131 yan \u00fcr\u00fcnlerdir.<\/li>\n<li>rich su bazl\u0131 boya, vernik grubu \u00fcr\u00fcnlerin istenilen y\u00fczeylere uygulanmas\u0131nda kullan\u0131lan \u00fcr\u00fcnlerdir.<\/li>\n<li>2 cm,2,5 cm,3 cm a\u011f\u0131z geni\u015fli\u011fi bulunmaktad\u0131r.<\/li>\n<\/ul>\n","protected":false},"excerpt":{"rendered":"<p>ekonomik set f\u0131r\u00e7a beyaz k\u0131l olduka kullan\u0131\u015fl\u0131 prtaik bir \u00fcr\u00fcnd\u00fcr.<\/p>\n","protected":false},"featured_media":11490,"comment_status":"open","ping_status":"closed","template":"","meta":[],"product_brand":[],"product_cat":[474,473,38,57],"product_tag":[],"class_list":{"0":"post-11489","1":"product","2":"type-product","3":"status-publish","4":"has-post-thumbnail","6":"product_cat-painting-tools-paint","7":"product_cat-painting-tools","8":"product_cat-tools","9":"product_cat-paint","12":"instock","13":"shipping-taxable","14":"purchasable","15":"product-type-simple"},"_links":{"self":[{"href":"https:\/\/newhometr.com\/store\/wp-json\/wp\/v2\/product\/11489","targetHints":{"allow":["GET"]}}],"collection":[{"href":"https:\/\/newhometr.com\/store\/wp-json\/wp\/v2\/product"}],"about":[{"href":"https:\/\/newhometr.com\/store\/wp-json\/wp\/v2\/types\/product"}],"replies":[{"embeddable":true,"href":"https:\/\/newhometr.com\/store\/wp-json\/wp\/v2\/comments?post=11489"}],"version-history":[{"count":3,"href":"https:\/\/newhometr.com\/store\/wp-json\/wp\/v2\/product\/11489\/revisions"}],"predecessor-version":[{"id":11518,"href":"https:\/\/newhometr.com\/store\/wp-json\/wp\/v2\/product\/11489\/revisions\/11518"}],"wp:featuredmedia":[{"embeddable":true,"href":"https:\/\/newhometr.com\/store\/wp-json\/wp\/v2\/media\/11490"}],"wp:attachment":[{"href":"https:\/\/newhometr.com\/store\/wp-json\/wp\/v2\/media?parent=11489"}],"wp:term":[{"taxonomy":"product_brand","embeddable":true,"href":"https:\/\/newhometr.com\/store\/wp-json\/wp\/v2\/product_brand?post=11489"},{"taxonomy":"product_cat","embeddable":true,"href":"https:\/\/newhometr.com\/store\/wp-json\/wp\/v2\/product_cat?post=11489"},{"taxonomy":"product_tag","embeddable":true,"href":"https:\/\/newhometr.com\/store\/wp-json\/wp\/v2\/product_tag?post=11489"}],"curies":[{"name":"wp","href":"https:\/\/api.w.org\/{rel}","templated":true}]}}