{"id":11484,"date":"2025-07-30T22:45:36","date_gmt":"2025-07-30T22:45:36","guid":{"rendered":"https:\/\/newhometr.com\/store\/?post_type=product&#038;p=11484"},"modified":"2025-07-30T22:46:51","modified_gmt":"2025-07-30T22:46:51","slug":"altus-alk1840-18000-btu-a-inverter-klima","status":"publish","type":"product","link":"https:\/\/newhometr.com\/store\/product\/altus-alk1840-18000-btu-a-inverter-klima\/","title":{"rendered":"Altus Alk1840 18000 Btu A++ I\u0307nverter Klima"},"content":{"rendered":"<p>altus (ar\u00e7elik &#8211; montaj dahil) alk1840 18.000 btu dc a++ inverter klima i\u0307le i\u0307lgili s\u0131k sorulan sorular<\/p>\n<ul>\n<li>montaj dahil mi? evet, inceledi\u011finiz bu \u00fcr\u00fcn\u00fcm\u00fczde 4 metre i\u00e7-d\u0131\u015f \u00fcnite aras\u0131 mesafeye kadar montaj \u00fccretsizdir.<\/li>\n<li>bu kliman\u0131n enerji s\u0131n\u0131f\u0131 nedir? altus alk1840 18.000 btu klima so\u011futmada a++, \u0131s\u0131tmada a+ enerji s\u0131n\u0131f\u0131ndad\u0131r.<\/li>\n<li>kargo dahil mi? evet, t\u00fcm klima al\u0131\u015fveri\u015flerinizde fiyatlar\u0131m\u0131za kargo dahildir.<\/li>\n<li>garanti s\u00fcresi ne kadar? i\u00e7 ve d\u0131\u015f \u00fcnite 3 y\u0131l garantilidir<\/li>\n<li>klima montaj\u0131 ve garanti i\u015flemleri ile ilgili bilgiler sayfan\u0131n en alt k\u0131sm\u0131ndad\u0131r&#8230;<\/li>\n<\/ul>\n","protected":false},"excerpt":{"rendered":"<p>altus (ar\u00e7elik &#8211; montaj dahil) alk1840 18.000 btu dc a++ inverter klima i\u0307le i\u0307lgili s\u0131k sorulan sorular montaj dahil mi? evet, inceledi\u011finiz bu \u00fcr\u00fcn\u00fcm\u00fczde 4 metre i\u00e7-d\u0131\u015f \u00fcnite aras\u0131 mesafeye kadar montaj \u00fccretsizdir. bu kliman\u0131n enerji s\u0131n\u0131f\u0131 nedir? altus alk1840 18.000 btu klima so\u011futmada a++, \u0131s\u0131tmada a+ enerji s\u0131n\u0131f\u0131ndad\u0131r. kargo dahil mi? evet, t\u00fcm klima &hellip; <a href=\"https:\/\/newhometr.com\/store\/product\/altus-alk1840-18000-btu-a-inverter-klima\/\" class=\"more-link\">Continue reading <span class=\"screen-reader-text\">Altus Alk1840 18000 Btu A++ I\u0307nverter Klima<\/span><\/a><\/p>\n","protected":false},"featured_media":11485,"comment_status":"open","ping_status":"closed","template":"","meta":[],"product_brand":[],"product_cat":[529,38,43],"product_tag":[],"class_list":{"0":"post-11484","1":"product","2":"type-product","3":"status-publish","4":"has-post-thumbnail","6":"product_cat-home","7":"product_cat-tools","8":"product_cat-electrical","11":"instock","12":"shipping-taxable","13":"purchasable","14":"product-type-simple"},"_links":{"self":[{"href":"https:\/\/newhometr.com\/store\/wp-json\/wp\/v2\/product\/11484","targetHints":{"allow":["GET"]}}],"collection":[{"href":"https:\/\/newhometr.com\/store\/wp-json\/wp\/v2\/product"}],"about":[{"href":"https:\/\/newhometr.com\/store\/wp-json\/wp\/v2\/types\/product"}],"replies":[{"embeddable":true,"href":"https:\/\/newhometr.com\/store\/wp-json\/wp\/v2\/comments?post=11484"}],"version-history":[{"count":1,"href":"https:\/\/newhometr.com\/store\/wp-json\/wp\/v2\/product\/11484\/revisions"}],"predecessor-version":[{"id":11488,"href":"https:\/\/newhometr.com\/store\/wp-json\/wp\/v2\/product\/11484\/revisions\/11488"}],"wp:featuredmedia":[{"embeddable":true,"href":"https:\/\/newhometr.com\/store\/wp-json\/wp\/v2\/media\/11485"}],"wp:attachment":[{"href":"https:\/\/newhometr.com\/store\/wp-json\/wp\/v2\/media?parent=11484"}],"wp:term":[{"taxonomy":"product_brand","embeddable":true,"href":"https:\/\/newhometr.com\/store\/wp-json\/wp\/v2\/product_brand?post=11484"},{"taxonomy":"product_cat","embeddable":true,"href":"https:\/\/newhometr.com\/store\/wp-json\/wp\/v2\/product_cat?post=11484"},{"taxonomy":"product_tag","embeddable":true,"href":"https:\/\/newhometr.com\/store\/wp-json\/wp\/v2\/product_tag?post=11484"}],"curies":[{"name":"wp","href":"https:\/\/api.w.org\/{rel}","templated":true}]}}