{"id":11467,"date":"2025-07-30T22:34:10","date_gmt":"2025-07-30T22:34:10","guid":{"rendered":"https:\/\/newhometr.com\/store\/?post_type=product&#038;p=11467"},"modified":"2025-07-30T22:34:11","modified_gmt":"2025-07-30T22:34:11","slug":"devecioglu-harbinger-yeni-nesil-strongboard-utu-masasi-mm149","status":"publish","type":"product","link":"https:\/\/newhometr.com\/store\/product\/devecioglu-harbinger-yeni-nesil-strongboard-utu-masasi-mm149\/","title":{"rendered":"Devecio\u011flu Harbinger Yeni Nesil Strongboard \u00dct\u00fc Masas\u0131 Mm149"},"content":{"rendered":"<p>Harbinger Yeni Nesil MM149 StrongBoard \u00dct\u00fc Masas\u0131<\/p>\n<p>40*140 cm \u00dct\u00fcleme Alan\u0131<\/p>\n<p>Ergonomik tasar\u0131m\u0131 sayesinde normal \u00fct\u00fc ve kazanl\u0131 \u00fct\u00fcleriniz i\u00e7in \u00fct\u00fc park yeri<\/p>\n<p>Ayarlanabilir masa y\u00fcksekli\u011fi ( 68 &#8211; 90 cm)<\/p>\n<p>Buhar\u0131 ge\u00e7iren delikli monoblok g\u00f6vde<\/p>\n<p>Nano teknolojisi uygulamas\u0131yla boya \u00f6ncesi\u00f6zel spreyle temizleme<\/p>\n<p>Tamam\u0131 elektrostatik f\u0131r\u0131nlanm\u0131\u015f toz boya<\/p>\n<p>Is\u0131ya Dayan\u0131kl\u0131 %100 pamuklu \u00fct\u00fc masas\u0131 k\u0131l\u0131f\u0131 ve s\u00fcngeri Buhara dayan\u0131kl\u0131 \u00f6zel ke\u00e7e<\/p>\n<p><strong><em>\u00dcr\u00fcnde Uzatma Fi\u015fi Yoktur<\/em> <\/strong>.<\/p>\n<p>Kapal\u0131 Halde Boy En : 156 * 45 cm \u00dcr\u00fcn\u00fcm\u00fcz Kazanl\u0131 ve normal \u00fct\u00fcleriniz i\u00e7in uygundur .<\/p>\n<p>Bu \u0130lan ENTEGRA Entegrasyon Sistemleri ile Listelenmi\u015ftir<\/p>\n","protected":false},"excerpt":{"rendered":"<p>Harbinger Yeni Nesil MM149 StrongBoard \u00dct\u00fc Masas\u0131 40*140 cm \u00dct\u00fcleme Alan\u0131 Ergonomik tasar\u0131m\u0131 sayesinde normal \u00fct\u00fc ve kazanl\u0131 \u00fct\u00fcleriniz i\u00e7in \u00fct\u00fc park yeri Ayarlanabilir masa y\u00fcksekli\u011fi ( 68 &#8211; 90 cm) Buhar\u0131 ge\u00e7iren delikli monoblok g\u00f6vde Nano teknolojisi uygulamas\u0131yla boya \u00f6ncesi\u00f6zel spreyle temizleme Tamam\u0131 elektrostatik f\u0131r\u0131nlanm\u0131\u015f toz boya Is\u0131ya Dayan\u0131kl\u0131 %100 pamuklu \u00fct\u00fc masas\u0131 k\u0131l\u0131f\u0131 &hellip; <a href=\"https:\/\/newhometr.com\/store\/product\/devecioglu-harbinger-yeni-nesil-strongboard-utu-masasi-mm149\/\" class=\"more-link\">Continue reading <span class=\"screen-reader-text\">Devecio\u011flu Harbinger Yeni Nesil Strongboard \u00dct\u00fc Masas\u0131 Mm149<\/span><\/a><\/p>\n","protected":false},"featured_media":11468,"comment_status":"open","ping_status":"closed","template":"","meta":[],"product_brand":[],"product_cat":[528,38,52],"product_tag":[],"class_list":{"0":"post-11467","1":"product","2":"type-product","3":"status-publish","4":"has-post-thumbnail","6":"product_cat-home-foundation-materials","7":"product_cat-tools","8":"product_cat-building-materials","11":"instock","12":"shipping-taxable","13":"purchasable","14":"product-type-simple"},"_links":{"self":[{"href":"https:\/\/newhometr.com\/store\/wp-json\/wp\/v2\/product\/11467","targetHints":{"allow":["GET"]}}],"collection":[{"href":"https:\/\/newhometr.com\/store\/wp-json\/wp\/v2\/product"}],"about":[{"href":"https:\/\/newhometr.com\/store\/wp-json\/wp\/v2\/types\/product"}],"replies":[{"embeddable":true,"href":"https:\/\/newhometr.com\/store\/wp-json\/wp\/v2\/comments?post=11467"}],"version-history":[{"count":3,"href":"https:\/\/newhometr.com\/store\/wp-json\/wp\/v2\/product\/11467\/revisions"}],"predecessor-version":[{"id":11476,"href":"https:\/\/newhometr.com\/store\/wp-json\/wp\/v2\/product\/11467\/revisions\/11476"}],"wp:featuredmedia":[{"embeddable":true,"href":"https:\/\/newhometr.com\/store\/wp-json\/wp\/v2\/media\/11468"}],"wp:attachment":[{"href":"https:\/\/newhometr.com\/store\/wp-json\/wp\/v2\/media?parent=11467"}],"wp:term":[{"taxonomy":"product_brand","embeddable":true,"href":"https:\/\/newhometr.com\/store\/wp-json\/wp\/v2\/product_brand?post=11467"},{"taxonomy":"product_cat","embeddable":true,"href":"https:\/\/newhometr.com\/store\/wp-json\/wp\/v2\/product_cat?post=11467"},{"taxonomy":"product_tag","embeddable":true,"href":"https:\/\/newhometr.com\/store\/wp-json\/wp\/v2\/product_tag?post=11467"}],"curies":[{"name":"wp","href":"https:\/\/api.w.org\/{rel}","templated":true}]}}