{"id":11459,"date":"2025-07-30T22:28:45","date_gmt":"2025-07-30T22:28:45","guid":{"rendered":"https:\/\/newhometr.com\/store\/?post_type=product&#038;p=11459"},"modified":"2025-07-30T22:29:32","modified_gmt":"2025-07-30T22:29:32","slug":"lotus-tech-premium-13-fonksi%cc%87yonlu-selale-ayarli-yeni%cc%87-nesi%cc%87l-akilli-evi%cc%87ye","status":"publish","type":"product","link":"https:\/\/newhometr.com\/store\/product\/lotus-tech-premium-13-fonksi%cc%87yonlu-selale-ayarli-yeni%cc%87-nesi%cc%87l-akilli-evi%cc%87ye\/","title":{"rendered":"Lotus Tech Premium 13 Fonksi\u0307yonlu \u015eelale Ayarli Yeni\u0307 Nesi\u0307l Akilli Evi\u0307ye"},"content":{"rendered":"<p>AKILLI TEKNOLOJ\u0130K EV\u0130YE SET\u0130, \u015eELALE AYARLI<\/p>\n","protected":false},"excerpt":{"rendered":"<p>AKILLI TEKNOLOJ\u0130K EV\u0130YE SET\u0130, \u015eELALE AYARLI<\/p>\n","protected":false},"featured_media":11460,"comment_status":"open","ping_status":"closed","template":"","meta":[],"product_brand":[],"product_cat":[528,38,53],"product_tag":[],"class_list":{"0":"post-11459","1":"product","2":"type-product","3":"status-publish","4":"has-post-thumbnail","6":"product_cat-home-foundation-materials","7":"product_cat-tools","8":"product_cat-plumbing","11":"instock","12":"shipping-taxable","13":"purchasable","14":"product-type-simple"},"_links":{"self":[{"href":"https:\/\/newhometr.com\/store\/wp-json\/wp\/v2\/product\/11459","targetHints":{"allow":["GET"]}}],"collection":[{"href":"https:\/\/newhometr.com\/store\/wp-json\/wp\/v2\/product"}],"about":[{"href":"https:\/\/newhometr.com\/store\/wp-json\/wp\/v2\/types\/product"}],"replies":[{"embeddable":true,"href":"https:\/\/newhometr.com\/store\/wp-json\/wp\/v2\/comments?post=11459"}],"version-history":[{"count":1,"href":"https:\/\/newhometr.com\/store\/wp-json\/wp\/v2\/product\/11459\/revisions"}],"predecessor-version":[{"id":11466,"href":"https:\/\/newhometr.com\/store\/wp-json\/wp\/v2\/product\/11459\/revisions\/11466"}],"wp:featuredmedia":[{"embeddable":true,"href":"https:\/\/newhometr.com\/store\/wp-json\/wp\/v2\/media\/11460"}],"wp:attachment":[{"href":"https:\/\/newhometr.com\/store\/wp-json\/wp\/v2\/media?parent=11459"}],"wp:term":[{"taxonomy":"product_brand","embeddable":true,"href":"https:\/\/newhometr.com\/store\/wp-json\/wp\/v2\/product_brand?post=11459"},{"taxonomy":"product_cat","embeddable":true,"href":"https:\/\/newhometr.com\/store\/wp-json\/wp\/v2\/product_cat?post=11459"},{"taxonomy":"product_tag","embeddable":true,"href":"https:\/\/newhometr.com\/store\/wp-json\/wp\/v2\/product_tag?post=11459"}],"curies":[{"name":"wp","href":"https:\/\/api.w.org\/{rel}","templated":true}]}}