{"id":11452,"date":"2025-07-30T17:53:39","date_gmt":"2025-07-30T17:53:39","guid":{"rendered":"https:\/\/newhometr.com\/store\/?post_type=product&#038;p=11452"},"modified":"2025-07-30T17:53:40","modified_gmt":"2025-07-30T17:53:40","slug":"vitra-vitra-integra-asma-klozet-yanlari-kapali-vitra-yavas-kapanir-kapak","status":"publish","type":"product","link":"https:\/\/newhometr.com\/store\/product\/vitra-vitra-integra-asma-klozet-yanlari-kapali-vitra-yavas-kapanir-kapak\/","title":{"rendered":"VitrA Vitra I\u0307ntegra Asma Klozet (yanlar\u0131 Kapal\u0131) + Vitra Yava\u015f Kapan\u0131r Kapak"},"content":{"rendered":"<p>VitrA \u0130ntegra Asma Klozet (Yanlar\u0131 Kapal\u0131) + VitrA Yava\u015f Kapan\u0131r Kapak<\/p>\n<p>VitrA \u0130ntegra Asma Klozet (Yanlar\u0131 Kapal\u0131)<\/p>\n<p>\u00dcr\u00fcn Kodu: 7060L003-0090<br \/>\nSeri: Integra<br \/>\nRenk: Beyaz<br \/>\nKlozet Kapa\u011f\u0131: Yava\u015f Kapan\u0131r Su Tasarrufu: 3-6 litre<br \/>\nTaharet Borusu Giri\u015f: S\u0131va alt\u0131<br \/>\nTaharet Borusu: Var<br \/>\nGaranti S\u00fcresi: 10 y\u0131l<br \/>\n\u00d6l\u00e7\u00fcler: 540&#215;355 mm<\/p>\n<p>VitrA 121-003-909<br \/>\n-Model 1-Oval form.<br \/>\n-Nuvoplast.<br \/>\n-Yava\u015f kapan\u0131r, \u00e7\u0131kabilir plastik mente\u015fe, metal \u00fcstten s\u0131kmal\u0131.<\/p>\n<p>Bu \u0130lan ENTEGRA Entegrasyon Sistemleri ile Listelenmi\u015ftir<\/p>\n","protected":false},"excerpt":{"rendered":"<p>VitrA \u0130ntegra Asma Klozet (Yanlar\u0131 Kapal\u0131) + VitrA Yava\u015f Kapan\u0131r Kapak VitrA \u0130ntegra Asma Klozet (Yanlar\u0131 Kapal\u0131) \u00dcr\u00fcn Kodu: 7060L003-0090 Seri: Integra Renk: Beyaz Klozet Kapa\u011f\u0131: Yava\u015f Kapan\u0131r Su Tasarrufu: 3-6 litre Taharet Borusu Giri\u015f: S\u0131va alt\u0131 Taharet Borusu: Var Garanti S\u00fcresi: 10 y\u0131l \u00d6l\u00e7\u00fcler: 540&#215;355 mm VitrA 121-003-909 -Model 1-Oval form. -Nuvoplast. -Yava\u015f kapan\u0131r, &hellip; <a href=\"https:\/\/newhometr.com\/store\/product\/vitra-vitra-integra-asma-klozet-yanlari-kapali-vitra-yavas-kapanir-kapak\/\" class=\"more-link\">Continue reading <span class=\"screen-reader-text\">VitrA Vitra I\u0307ntegra Asma Klozet (yanlar\u0131 Kapal\u0131) + Vitra Yava\u015f Kapan\u0131r Kapak<\/span><\/a><\/p>\n","protected":false},"featured_media":11453,"comment_status":"open","ping_status":"closed","template":"","meta":[],"product_brand":[],"product_cat":[527,52,53],"product_tag":[],"class_list":{"0":"post-11452","1":"product","2":"type-product","3":"status-publish","4":"has-post-thumbnail","6":"product_cat-establishment-materials","7":"product_cat-building-materials","8":"product_cat-plumbing","11":"instock","12":"shipping-taxable","13":"purchasable","14":"product-type-simple"},"_links":{"self":[{"href":"https:\/\/newhometr.com\/store\/wp-json\/wp\/v2\/product\/11452","targetHints":{"allow":["GET"]}}],"collection":[{"href":"https:\/\/newhometr.com\/store\/wp-json\/wp\/v2\/product"}],"about":[{"href":"https:\/\/newhometr.com\/store\/wp-json\/wp\/v2\/types\/product"}],"replies":[{"embeddable":true,"href":"https:\/\/newhometr.com\/store\/wp-json\/wp\/v2\/comments?post=11452"}],"version-history":[{"count":1,"href":"https:\/\/newhometr.com\/store\/wp-json\/wp\/v2\/product\/11452\/revisions"}],"predecessor-version":[{"id":11458,"href":"https:\/\/newhometr.com\/store\/wp-json\/wp\/v2\/product\/11452\/revisions\/11458"}],"wp:featuredmedia":[{"embeddable":true,"href":"https:\/\/newhometr.com\/store\/wp-json\/wp\/v2\/media\/11453"}],"wp:attachment":[{"href":"https:\/\/newhometr.com\/store\/wp-json\/wp\/v2\/media?parent=11452"}],"wp:term":[{"taxonomy":"product_brand","embeddable":true,"href":"https:\/\/newhometr.com\/store\/wp-json\/wp\/v2\/product_brand?post=11452"},{"taxonomy":"product_cat","embeddable":true,"href":"https:\/\/newhometr.com\/store\/wp-json\/wp\/v2\/product_cat?post=11452"},{"taxonomy":"product_tag","embeddable":true,"href":"https:\/\/newhometr.com\/store\/wp-json\/wp\/v2\/product_tag?post=11452"}],"curies":[{"name":"wp","href":"https:\/\/api.w.org\/{rel}","templated":true}]}}