{"id":11443,"date":"2025-07-30T17:41:00","date_gmt":"2025-07-30T17:41:00","guid":{"rendered":"https:\/\/newhometr.com\/store\/?post_type=product&#038;p=11443"},"modified":"2025-07-30T17:41:01","modified_gmt":"2025-07-30T17:41:01","slug":"vitra-vitra-s50-asma-klozetvitra-yavas-kapak","status":"publish","type":"product","link":"https:\/\/newhometr.com\/store\/product\/vitra-vitra-s50-asma-klozetvitra-yavas-kapak\/","title":{"rendered":"VitrA Vitra S50 Asma Klozet+vitra Yava\u015f Kapak"},"content":{"rendered":"<p>\u015e\u0131k ve Su Tasarruflu Klozet<\/p>\n<p>VitrA S50 Asma Klozet ve Yava\u015f Kapak, beyaz rengiyle modern banyolara uyum sa\u011flar.<\/p>\n<p><strong>\u00d6zellikler<\/strong><\/p>\n<ul>\n<li>Boyutlar: 355&#215;520 mm<\/li>\n<li>Malzeme: Seramik<\/li>\n<li>Renk: Beyaz<\/li>\n<li>Garanti: 10 y\u0131l<\/li>\n<li>\u00d6zellikler: 3-6 litre su tasarrufu, yava\u015f kapanan kapak<br \/>\n<strong>Kullan\u0131m<\/strong><\/li>\n<li>Hijyenik ve \u00e7evre dostu<br \/>\n<strong>Kurulum<\/strong><\/li>\n<li>Standart montaj, kurulum m\u00fc\u015fteriye aittir<br \/>\nS50 Klozet, estetik ve dayan\u0131kl\u0131l\u0131k sunar.<\/li>\n<\/ul>\n","protected":false},"excerpt":{"rendered":"<p>\u015e\u0131k ve Su Tasarruflu Klozet VitrA S50 Asma Klozet ve Yava\u015f Kapak, beyaz rengiyle modern banyolara uyum sa\u011flar. \u00d6zellikler Boyutlar: 355&#215;520 mm Malzeme: Seramik Renk: Beyaz Garanti: 10 y\u0131l \u00d6zellikler: 3-6 litre su tasarrufu, yava\u015f kapanan kapak Kullan\u0131m Hijyenik ve \u00e7evre dostu Kurulum Standart montaj, kurulum m\u00fc\u015fteriye aittir S50 Klozet, estetik ve dayan\u0131kl\u0131l\u0131k sunar.<\/p>\n","protected":false},"featured_media":11444,"comment_status":"open","ping_status":"closed","template":"","meta":[],"product_brand":[],"product_cat":[527,52,53],"product_tag":[],"class_list":{"0":"post-11443","1":"product","2":"type-product","3":"status-publish","4":"has-post-thumbnail","6":"product_cat-establishment-materials","7":"product_cat-building-materials","8":"product_cat-plumbing","11":"instock","12":"shipping-taxable","13":"purchasable","14":"product-type-simple"},"_links":{"self":[{"href":"https:\/\/newhometr.com\/store\/wp-json\/wp\/v2\/product\/11443","targetHints":{"allow":["GET"]}}],"collection":[{"href":"https:\/\/newhometr.com\/store\/wp-json\/wp\/v2\/product"}],"about":[{"href":"https:\/\/newhometr.com\/store\/wp-json\/wp\/v2\/types\/product"}],"replies":[{"embeddable":true,"href":"https:\/\/newhometr.com\/store\/wp-json\/wp\/v2\/comments?post=11443"}],"version-history":[{"count":2,"href":"https:\/\/newhometr.com\/store\/wp-json\/wp\/v2\/product\/11443\/revisions"}],"predecessor-version":[{"id":11451,"href":"https:\/\/newhometr.com\/store\/wp-json\/wp\/v2\/product\/11443\/revisions\/11451"}],"wp:featuredmedia":[{"embeddable":true,"href":"https:\/\/newhometr.com\/store\/wp-json\/wp\/v2\/media\/11444"}],"wp:attachment":[{"href":"https:\/\/newhometr.com\/store\/wp-json\/wp\/v2\/media?parent=11443"}],"wp:term":[{"taxonomy":"product_brand","embeddable":true,"href":"https:\/\/newhometr.com\/store\/wp-json\/wp\/v2\/product_brand?post=11443"},{"taxonomy":"product_cat","embeddable":true,"href":"https:\/\/newhometr.com\/store\/wp-json\/wp\/v2\/product_cat?post=11443"},{"taxonomy":"product_tag","embeddable":true,"href":"https:\/\/newhometr.com\/store\/wp-json\/wp\/v2\/product_tag?post=11443"}],"curies":[{"name":"wp","href":"https:\/\/api.w.org\/{rel}","templated":true}]}}