{"id":11431,"date":"2025-07-30T01:08:33","date_gmt":"2025-07-30T01:08:33","guid":{"rendered":"https:\/\/newhometr.com\/store\/?post_type=product&#038;p=11431"},"modified":"2025-07-30T01:11:26","modified_gmt":"2025-07-30T01:11:26","slug":"vitra-110-003-009-ince-klozet-kapagi","status":"publish","type":"product","link":"https:\/\/newhometr.com\/store\/product\/vitra-110-003-009-ince-klozet-kapagi\/","title":{"rendered":"VitrA 110-003-009 \u0130nce Klozet Kapa\u011f\u0131"},"content":{"rendered":"<p><strong>Estetik ve Konforun Bulu\u015ftu\u011fu Tasar\u0131m: VitrA \u0130nce Klozet Kapa\u011f\u0131<\/strong><\/p>\n<p>VitrA\u2019n\u0131n estetik ve fonksiyonel \u00f6zellikleri bir araya getiren ince klozet kapa\u011f\u0131, her banyoya uyum sa\u011flayacak \u00e7e\u015fitlilikte. Duroplast malzemesi sayesinde hijyenik bir kullan\u0131m sunan bu klozet kapa\u011f\u0131, \u00fcstten s\u0131kmal\u0131 metal mente\u015feleri ile kullan\u0131c\u0131 dostu montaj ve uzun \u00f6m\u00fcrl\u00fc kullan\u0131m vaat ediyor.<\/p>\n<p><strong>Yava\u015f Kapanma \u00d6zelli\u011fi ile Konforlu Kullan\u0131m<\/strong><\/p>\n<p>Integra yava\u015f kapan\u0131r klozet kapa\u011f\u0131, g\u00fcr\u00fclt\u00fcs\u00fcz ve g\u00fcvenli bir kullan\u0131m i\u00e7in tasarlanm\u0131\u015ft\u0131r. Beyaz rengiyle banyonuzun \u015f\u0131kl\u0131\u011f\u0131n\u0131 tamamlayacak olan bu klozet kapa\u011f\u0131, VitrA tasar\u0131m ekibinin zarif \u00e7izgilerini yans\u0131t\u0131yor.<\/p>\n<p><strong>Teknik \u00d6zellikler<\/strong><\/p>\n<ul>\n<li>Y\u00fckseklik: 5 cm<\/li>\n<li>Geni\u015flik: 36.5 cm<\/li>\n<li>Derinlik: 44.5 cm<\/li>\n<li>Adet: 1 Adet<\/li>\n<li>Modeli: \u00d6rtme Gala<\/li>\n<li>Kapanma Tipi: Standart<\/li>\n<li>Desenli: Evet<\/li>\n<li>\u015eekil: Kare<\/li>\n<li>Montaj T\u00fcr\u00fc: \u00dcstten S\u0131kmal\u0131<\/li>\n<li>Mente\u015fe T\u00fcr\u00fc: \u00c7\u0131kabilir Metal Mente\u015fe<\/li>\n<li>Renk: Beyaz<\/li>\n<li>Malzeme: Melamin<br \/>\n<strong>Kullan\u0131c\u0131 Dostu Kurulum ve \u00d6zel \u0130ade Ko\u015fullar\u0131<\/strong><\/li>\n<\/ul>\n<p>Demonte olarak g\u00f6nderilen VitrA ince klozet kapa\u011f\u0131, m\u00fc\u015fteri taraf\u0131ndan kullan\u0131c\u0131 dostu bir \u015fekilde kurulabilir. \u00d6zel iade ko\u015fullar\u0131 bulunan bu \u00fcr\u00fcn, kalitesi ve kullan\u0131m kolayl\u0131\u011f\u0131 ile banyolar\u0131n\u0131zda fark yaratmaya haz\u0131r.<\/p>\n<p>Banyonuzda \u015f\u0131kl\u0131\u011f\u0131 ve konforu bir arada ar\u0131yorsan\u0131z, VitrA\u2019n\u0131n ince klozet kapa\u011f\u0131n\u0131 tercih ederek, banyonuza modern bir dokunu\u015f kat\u0131n.<\/p>\n","protected":false},"excerpt":{"rendered":"<p>duroplast, \u00fcstten s\u0131kmal\u0131 metal mente\u015feli vitra, estetik ve fonksiyonel \u00f6zellikleri birle\u015ftiren, her banyo i\u00e7in farkl\u0131 ihtiya\u00e7lara y\u00f6nelik klozet se\u00e7enekleri sunuyor. farkl\u0131 klozetler ile uyumlu kapaklar duroplast malzemesi sayesinde \u00e7ok daha hijyenik..<\/p>\n","protected":false},"featured_media":11432,"comment_status":"open","ping_status":"closed","template":"","meta":[],"product_brand":[],"product_cat":[527,52,53],"product_tag":[],"class_list":{"0":"post-11431","1":"product","2":"type-product","3":"status-publish","4":"has-post-thumbnail","6":"product_cat-establishment-materials","7":"product_cat-building-materials","8":"product_cat-plumbing","11":"instock","12":"shipping-taxable","13":"purchasable","14":"product-type-simple"},"_links":{"self":[{"href":"https:\/\/newhometr.com\/store\/wp-json\/wp\/v2\/product\/11431","targetHints":{"allow":["GET"]}}],"collection":[{"href":"https:\/\/newhometr.com\/store\/wp-json\/wp\/v2\/product"}],"about":[{"href":"https:\/\/newhometr.com\/store\/wp-json\/wp\/v2\/types\/product"}],"replies":[{"embeddable":true,"href":"https:\/\/newhometr.com\/store\/wp-json\/wp\/v2\/comments?post=11431"}],"version-history":[{"count":3,"href":"https:\/\/newhometr.com\/store\/wp-json\/wp\/v2\/product\/11431\/revisions"}],"predecessor-version":[{"id":11435,"href":"https:\/\/newhometr.com\/store\/wp-json\/wp\/v2\/product\/11431\/revisions\/11435"}],"wp:featuredmedia":[{"embeddable":true,"href":"https:\/\/newhometr.com\/store\/wp-json\/wp\/v2\/media\/11432"}],"wp:attachment":[{"href":"https:\/\/newhometr.com\/store\/wp-json\/wp\/v2\/media?parent=11431"}],"wp:term":[{"taxonomy":"product_brand","embeddable":true,"href":"https:\/\/newhometr.com\/store\/wp-json\/wp\/v2\/product_brand?post=11431"},{"taxonomy":"product_cat","embeddable":true,"href":"https:\/\/newhometr.com\/store\/wp-json\/wp\/v2\/product_cat?post=11431"},{"taxonomy":"product_tag","embeddable":true,"href":"https:\/\/newhometr.com\/store\/wp-json\/wp\/v2\/product_tag?post=11431"}],"curies":[{"name":"wp","href":"https:\/\/api.w.org\/{rel}","templated":true}]}}