{"id":11425,"date":"2025-07-30T01:05:58","date_gmt":"2025-07-30T01:05:58","guid":{"rendered":"https:\/\/newhometr.com\/store\/?post_type=product&#038;p=11425"},"modified":"2025-07-30T01:06:00","modified_gmt":"2025-07-30T01:06:00","slug":"vitra-vitra-s20-square-asma-klozet-48cm-s20-klozet-kapagi","status":"publish","type":"product","link":"https:\/\/newhometr.com\/store\/product\/vitra-vitra-s20-square-asma-klozet-48cm-s20-klozet-kapagi\/","title":{"rendered":"VitrA Vitra S20 Square Asma Klozet 48cm + S20 Klozet Kapa\u011f\u0131"},"content":{"rendered":"<p>vitra s20 square asma klozet 48cm 5505l003-0868<br \/>\n+ s20 klozet kapa\u011f\u0131 147-003-909<\/p>\n<p><strong>vitra 5505l003-0868 klozet<\/strong><\/p>\n<p>y\u00fckseklik (mm)350geni\u015flik (mm)360derinlik (mm)480renkbeyaztasar\u0131mc\u0131noamarkavitrakaplamahijyentaharet borusu giri\u015fiborulu<br \/>\n<strong>vitra 147-003-909 klozet kapa\u011f\u0131<\/strong><\/p>\n<ul>\n<li>seri :s20 square<\/li>\n<li>kaplama:hijyen<\/li>\n<li>geni\u015flik (mm):360<\/li>\n<li>y\u00fckseklik (mm):60<\/li>\n<li>yava\u015f kapan\u0131r:evet<\/li>\n<li>mente\u015fe tipi:eksantrik<\/li>\n<li>ambalaj tipi:vitra kutulu<\/li>\n<\/ul>\n","protected":false},"excerpt":{"rendered":"<p>vitra s20 square asma klozet 48cm 5505l003-0868 + s20 klozet kapa\u011f\u0131 147-003-909 vitra 5505l003-0868 klozet y\u00fckseklik (mm)350geni\u015flik (mm)360derinlik (mm)480renkbeyaztasar\u0131mc\u0131noamarkavitrakaplamahijyentaharet borusu giri\u015fiborulu vitra 147-003-909 klozet kapa\u011f\u0131 seri :s20 square kaplama:hijyen geni\u015flik (mm):360 y\u00fckseklik (mm):60 yava\u015f kapan\u0131r:evet mente\u015fe tipi:eksantrik ambalaj tipi:vitra kutulu<\/p>\n","protected":false},"featured_media":11426,"comment_status":"open","ping_status":"closed","template":"","meta":[],"product_brand":[],"product_cat":[527,52,53],"product_tag":[],"class_list":{"0":"post-11425","1":"product","2":"type-product","3":"status-publish","4":"has-post-thumbnail","6":"product_cat-establishment-materials","7":"product_cat-building-materials","8":"product_cat-plumbing","11":"instock","12":"shipping-taxable","13":"purchasable","14":"product-type-simple"},"_links":{"self":[{"href":"https:\/\/newhometr.com\/store\/wp-json\/wp\/v2\/product\/11425","targetHints":{"allow":["GET"]}}],"collection":[{"href":"https:\/\/newhometr.com\/store\/wp-json\/wp\/v2\/product"}],"about":[{"href":"https:\/\/newhometr.com\/store\/wp-json\/wp\/v2\/types\/product"}],"replies":[{"embeddable":true,"href":"https:\/\/newhometr.com\/store\/wp-json\/wp\/v2\/comments?post=11425"}],"version-history":[{"count":1,"href":"https:\/\/newhometr.com\/store\/wp-json\/wp\/v2\/product\/11425\/revisions"}],"predecessor-version":[{"id":11430,"href":"https:\/\/newhometr.com\/store\/wp-json\/wp\/v2\/product\/11425\/revisions\/11430"}],"wp:featuredmedia":[{"embeddable":true,"href":"https:\/\/newhometr.com\/store\/wp-json\/wp\/v2\/media\/11426"}],"wp:attachment":[{"href":"https:\/\/newhometr.com\/store\/wp-json\/wp\/v2\/media?parent=11425"}],"wp:term":[{"taxonomy":"product_brand","embeddable":true,"href":"https:\/\/newhometr.com\/store\/wp-json\/wp\/v2\/product_brand?post=11425"},{"taxonomy":"product_cat","embeddable":true,"href":"https:\/\/newhometr.com\/store\/wp-json\/wp\/v2\/product_cat?post=11425"},{"taxonomy":"product_tag","embeddable":true,"href":"https:\/\/newhometr.com\/store\/wp-json\/wp\/v2\/product_tag?post=11425"}],"curies":[{"name":"wp","href":"https:\/\/api.w.org\/{rel}","templated":true}]}}