{"id":11416,"date":"2025-07-30T00:57:21","date_gmt":"2025-07-30T00:57:21","guid":{"rendered":"https:\/\/newhometr.com\/store\/?post_type=product&#038;p=11416"},"modified":"2025-07-30T00:57:22","modified_gmt":"2025-07-30T00:57:22","slug":"kalde-75x50-32-pvc-u-reduksi%cc%87yon","status":"publish","type":"product","link":"https:\/\/newhometr.com\/store\/product\/kalde-75x50-32-pvc-u-reduksi%cc%87yon\/","title":{"rendered":"Kalde 75&#215;50 3,2 Pvc-u Red\u00fcksi\u0307yon"},"content":{"rendered":"<p>KALDE 75X50 3,2 PVC-U RED\u00dcKS\u0130YON<\/p>\n<p>KALDE 75X50 3,2 PVC-U RED\u00dcKS\u0130YON, y\u00fcksek kaliteli PVC malzemeden \u00fcretilmi\u015f, dayan\u0131kl\u0131 ve g\u00fcvenilir bir red\u00fcksiyon par\u00e7as\u0131d\u0131r. 75 mm \u00e7ap\u0131ndan 50 mm \u00e7ap\u0131na indirilmi\u015f olup, su tesisat sistemlerinde kullan\u0131lmak \u00fczere tasarlanm\u0131\u015ft\u0131r.<\/p>\n<p><strong>KALDE 75X50 3,2 PVC-U RED\u00dcKS\u0130YON Kullan\u0131m Alanlar\u0131:<\/strong><br \/>\nKALDE 75X50 3,2 PVC-U RED\u00dcKS\u0130YON, su tesisat sistemlerinde, end\u00fcstriyel tesislerde ve in\u015faat projelerinde yayg\u0131n olarak kullan\u0131l\u0131r. Boru \u00e7aplar\u0131n\u0131 de\u011fi\u015ftirmek ve farkl\u0131 boyutlarda borular aras\u0131nda ge\u00e7i\u015f yapmak i\u00e7in idealdir.<\/p>\n<p><strong>KALDE 75X50 3,2 PVC-U RED\u00dcKS\u0130YON Teknik \u00d6zellikleri:<\/strong><\/p>\n<ul>\n<li>Malzeme: PVC<\/li>\n<li>Boyut: 75 mm &#8211; 50 mm (\u00e7ap)<\/li>\n<li>Duvar Kal\u0131nl\u0131\u011f\u0131: 3,2 mm<\/li>\n<\/ul>\n","protected":false},"excerpt":{"rendered":"<p>KALDE 75X50 3,2 PVC-U RED\u00dcKS\u0130YON KALDE 75X50 3,2 PVC-U RED\u00dcKS\u0130YON, y\u00fcksek kaliteli PVC malzemeden \u00fcretilmi\u015f, dayan\u0131kl\u0131 ve g\u00fcvenilir bir red\u00fcksiyon par\u00e7as\u0131d\u0131r. 75 mm \u00e7ap\u0131ndan 50 mm \u00e7ap\u0131na indirilmi\u015f olup, su tesisat sistemlerinde kullan\u0131lmak \u00fczere tasarlanm\u0131\u015ft\u0131r. KALDE 75X50 3,2 PVC-U RED\u00dcKS\u0130YON Kullan\u0131m Alanlar\u0131: KALDE 75X50 3,2 PVC-U RED\u00dcKS\u0130YON, su tesisat sistemlerinde, end\u00fcstriyel tesislerde ve in\u015faat projelerinde &hellip; <a href=\"https:\/\/newhometr.com\/store\/product\/kalde-75x50-32-pvc-u-reduksi%cc%87yon\/\" class=\"more-link\">Continue reading <span class=\"screen-reader-text\">Kalde 75&#215;50 3,2 Pvc-u Red\u00fcksi\u0307yon<\/span><\/a><\/p>\n","protected":false},"featured_media":11417,"comment_status":"open","ping_status":"closed","template":"","meta":[],"product_brand":[],"product_cat":[527,52,53],"product_tag":[],"class_list":{"0":"post-11416","1":"product","2":"type-product","3":"status-publish","4":"has-post-thumbnail","6":"product_cat-establishment-materials","7":"product_cat-building-materials","8":"product_cat-plumbing","11":"instock","12":"shipping-taxable","13":"purchasable","14":"product-type-simple"},"_links":{"self":[{"href":"https:\/\/newhometr.com\/store\/wp-json\/wp\/v2\/product\/11416","targetHints":{"allow":["GET"]}}],"collection":[{"href":"https:\/\/newhometr.com\/store\/wp-json\/wp\/v2\/product"}],"about":[{"href":"https:\/\/newhometr.com\/store\/wp-json\/wp\/v2\/types\/product"}],"replies":[{"embeddable":true,"href":"https:\/\/newhometr.com\/store\/wp-json\/wp\/v2\/comments?post=11416"}],"version-history":[{"count":2,"href":"https:\/\/newhometr.com\/store\/wp-json\/wp\/v2\/product\/11416\/revisions"}],"predecessor-version":[{"id":11419,"href":"https:\/\/newhometr.com\/store\/wp-json\/wp\/v2\/product\/11416\/revisions\/11419"}],"wp:featuredmedia":[{"embeddable":true,"href":"https:\/\/newhometr.com\/store\/wp-json\/wp\/v2\/media\/11417"}],"wp:attachment":[{"href":"https:\/\/newhometr.com\/store\/wp-json\/wp\/v2\/media?parent=11416"}],"wp:term":[{"taxonomy":"product_brand","embeddable":true,"href":"https:\/\/newhometr.com\/store\/wp-json\/wp\/v2\/product_brand?post=11416"},{"taxonomy":"product_cat","embeddable":true,"href":"https:\/\/newhometr.com\/store\/wp-json\/wp\/v2\/product_cat?post=11416"},{"taxonomy":"product_tag","embeddable":true,"href":"https:\/\/newhometr.com\/store\/wp-json\/wp\/v2\/product_tag?post=11416"}],"curies":[{"name":"wp","href":"https:\/\/api.w.org\/{rel}","templated":true}]}}