{"id":11386,"date":"2025-07-30T00:27:47","date_gmt":"2025-07-30T00:27:47","guid":{"rendered":"https:\/\/newhometr.com\/store\/?post_type=product&#038;p=11386"},"modified":"2025-07-30T00:27:49","modified_gmt":"2025-07-30T00:27:49","slug":"kalde-20-mm-pp-fi%cc%87berli%cc%87-boru-q20-pn-20-beyaz-boy-4m","status":"publish","type":"product","link":"https:\/\/newhometr.com\/store\/product\/kalde-20-mm-pp-fi%cc%87berli%cc%87-boru-q20-pn-20-beyaz-boy-4m\/","title":{"rendered":"Kalde 20 Mm Pp Fi\u0307berli\u0307 Boru Q20\/pn 20 Beyaz Boy\/4m"},"content":{"rendered":"<p>PP- Orange BORU 20PN20 Beyaz<\/p>\n<p>En iyi \u00e7\u00f6z\u00fcm\u00fc sunan PP-Orange BORU 20PN20, dayan\u0131kl\u0131l\u0131\u011f\u0131 ve i\u015flevselli\u011fi ile \u00f6ne \u00e7\u0131k\u0131yor. Beyaz renk se\u00e7ene\u011fi sayesinde her t\u00fcrl\u00fc mekana m\u00fckemmel \u015fekilde uyum sa\u011flar. \u00dcst\u00fcn tasar\u0131m ve \u00fcretim kalitesi ile uzun \u00f6m\u00fcrl\u00fc kullan\u0131m sunar.<\/p>\n<p>\u00d6zellikler:<\/p>\n<ul>\n<li>Y\u00fcksek kaliteli polipropilen malzeme<\/li>\n<li>20PN20 \u00f6l\u00e7\u00fcleri ile ideal performans<\/li>\n<li>Dayan\u0131kl\u0131 yap\u0131s\u0131 sayesinde uzun \u00f6m\u00fcrl\u00fc kullan\u0131m<\/li>\n<li>\u00c7e\u015fitli uygulamalar i\u00e7in uygu<\/li>\n<\/ul>\n","protected":false},"excerpt":{"rendered":"<p>PP- Orange BORU 20PN20 Beyaz En iyi \u00e7\u00f6z\u00fcm\u00fc sunan PP-Orange BORU 20PN20, dayan\u0131kl\u0131l\u0131\u011f\u0131 ve i\u015flevselli\u011fi ile \u00f6ne \u00e7\u0131k\u0131yor. Beyaz renk se\u00e7ene\u011fi sayesinde her t\u00fcrl\u00fc mekana m\u00fckemmel \u015fekilde uyum sa\u011flar. \u00dcst\u00fcn tasar\u0131m ve \u00fcretim kalitesi ile uzun \u00f6m\u00fcrl\u00fc kullan\u0131m sunar. \u00d6zellikler: Y\u00fcksek kaliteli polipropilen malzeme 20PN20 \u00f6l\u00e7\u00fcleri ile ideal performans Dayan\u0131kl\u0131 yap\u0131s\u0131 sayesinde uzun \u00f6m\u00fcrl\u00fc kullan\u0131m &hellip; <a href=\"https:\/\/newhometr.com\/store\/product\/kalde-20-mm-pp-fi%cc%87berli%cc%87-boru-q20-pn-20-beyaz-boy-4m\/\" class=\"more-link\">Continue reading <span class=\"screen-reader-text\">Kalde 20 Mm Pp Fi\u0307berli\u0307 Boru Q20\/pn 20 Beyaz Boy\/4m<\/span><\/a><\/p>\n","protected":false},"featured_media":11387,"comment_status":"open","ping_status":"closed","template":"","meta":[],"product_brand":[],"product_cat":[527,52,53],"product_tag":[],"class_list":{"0":"post-11386","1":"product","2":"type-product","3":"status-publish","4":"has-post-thumbnail","6":"product_cat-establishment-materials","7":"product_cat-building-materials","8":"product_cat-plumbing","11":"instock","12":"shipping-taxable","13":"purchasable","14":"product-type-simple"},"_links":{"self":[{"href":"https:\/\/newhometr.com\/store\/wp-json\/wp\/v2\/product\/11386","targetHints":{"allow":["GET"]}}],"collection":[{"href":"https:\/\/newhometr.com\/store\/wp-json\/wp\/v2\/product"}],"about":[{"href":"https:\/\/newhometr.com\/store\/wp-json\/wp\/v2\/types\/product"}],"replies":[{"embeddable":true,"href":"https:\/\/newhometr.com\/store\/wp-json\/wp\/v2\/comments?post=11386"}],"version-history":[{"count":1,"href":"https:\/\/newhometr.com\/store\/wp-json\/wp\/v2\/product\/11386\/revisions"}],"predecessor-version":[{"id":11388,"href":"https:\/\/newhometr.com\/store\/wp-json\/wp\/v2\/product\/11386\/revisions\/11388"}],"wp:featuredmedia":[{"embeddable":true,"href":"https:\/\/newhometr.com\/store\/wp-json\/wp\/v2\/media\/11387"}],"wp:attachment":[{"href":"https:\/\/newhometr.com\/store\/wp-json\/wp\/v2\/media?parent=11386"}],"wp:term":[{"taxonomy":"product_brand","embeddable":true,"href":"https:\/\/newhometr.com\/store\/wp-json\/wp\/v2\/product_brand?post=11386"},{"taxonomy":"product_cat","embeddable":true,"href":"https:\/\/newhometr.com\/store\/wp-json\/wp\/v2\/product_cat?post=11386"},{"taxonomy":"product_tag","embeddable":true,"href":"https:\/\/newhometr.com\/store\/wp-json\/wp\/v2\/product_tag?post=11386"}],"curies":[{"name":"wp","href":"https:\/\/api.w.org\/{rel}","templated":true}]}}