{"id":11377,"date":"2025-07-30T00:19:04","date_gmt":"2025-07-30T00:19:04","guid":{"rendered":"https:\/\/newhometr.com\/store\/?post_type=product&#038;p=11377"},"modified":"2025-07-30T00:19:05","modified_gmt":"2025-07-30T00:19:05","slug":"gpa-kurtagzi-ni%cc%87pel-ekleme-16x16mm","status":"publish","type":"product","link":"https:\/\/newhometr.com\/store\/product\/gpa-kurtagzi-ni%cc%87pel-ekleme-16x16mm\/","title":{"rendered":"GPA Kurta\u011fzi Ni\u0307pel Ekleme 16x16mm"},"content":{"rendered":"<p>KURTA\u011eZI N\u0130PEL EKLEME 16x16mm<\/p>\n<p>Kurta\u011fz\u0131 Nipel, dayan\u0131kl\u0131 ve pratik kullan\u0131m sa\u011flayan y\u00fcksek kaliteli malzemeden \u00fcretilmi\u015ftir.<\/p>\n<p>Kurta\u011fz\u0131 Nipel Eklemesi 16x16mm Kullan\u0131m Alanlar\u0131:<br \/>\nEnd\u00fcstriyel boru hatlar\u0131 ve su tesisat\u0131 i\u00e7in idealdir.<\/p>\n<p>Kurta\u011fz\u0131 Nipel Eklemesi 16x16mm S\u0131k Sorulan Sorular:<\/p>\n<p>1- Kurta\u011fz\u0131 Nipel Eklemesi 16x16mm \u00d6zellikleri nelerdir?<br \/>\nDayan\u0131kl\u0131 ve uzun \u00f6m\u00fcrl\u00fc malzemeden \u00fcretilmi\u015ftir.<\/p>\n<p>2- Kurta\u011fz\u0131 Nipel Eklemesi 16x16mm Hangi alanlarda kullan\u0131labilir?<br \/>\nEnd\u00fcstriyel boru hatlar\u0131 ve su tesisat\u0131nda kullan\u0131labilir.<\/p>\n<p>3- Kurta\u011fz\u0131 Nipel Eklemesi 16x16mm Nas\u0131l temizlenir ve bak\u0131m\u0131 yap\u0131l\u0131r?<br \/>\nTemiz bir bezle ve hafif bir temizleyici ile kolayca temizlenebilir.<\/p>\n<p>Kurta\u011fz\u0131 Nipel Eklemesi 16x16mm Teknik \u00d6zellikleri:<\/p>\n<ul>\n<li>Malzeme: Y\u00fcksek kaliteli malzeme<\/li>\n<li>Boyutlar: 16x16mm<\/li>\n<\/ul>\n","protected":false},"excerpt":{"rendered":"<p>KURTA\u011eZI N\u0130PEL EKLEME 16x16mm Kurta\u011fz\u0131 Nipel, dayan\u0131kl\u0131 ve pratik kullan\u0131m sa\u011flayan y\u00fcksek kaliteli malzemeden \u00fcretilmi\u015ftir. Kurta\u011fz\u0131 Nipel Eklemesi 16x16mm Kullan\u0131m Alanlar\u0131: End\u00fcstriyel boru hatlar\u0131 ve su tesisat\u0131 i\u00e7in idealdir. Kurta\u011fz\u0131 Nipel Eklemesi 16x16mm S\u0131k Sorulan Sorular: 1- Kurta\u011fz\u0131 Nipel Eklemesi 16x16mm \u00d6zellikleri nelerdir? Dayan\u0131kl\u0131 ve uzun \u00f6m\u00fcrl\u00fc malzemeden \u00fcretilmi\u015ftir. 2- Kurta\u011fz\u0131 Nipel Eklemesi 16x16mm Hangi &hellip; <a href=\"https:\/\/newhometr.com\/store\/product\/gpa-kurtagzi-ni%cc%87pel-ekleme-16x16mm\/\" class=\"more-link\">Continue reading <span class=\"screen-reader-text\">GPA Kurta\u011fzi Ni\u0307pel Ekleme 16x16mm<\/span><\/a><\/p>\n","protected":false},"featured_media":11378,"comment_status":"open","ping_status":"closed","template":"","meta":[],"product_brand":[],"product_cat":[527,52,53],"product_tag":[],"class_list":{"0":"post-11377","1":"product","2":"type-product","3":"status-publish","4":"has-post-thumbnail","6":"product_cat-establishment-materials","7":"product_cat-building-materials","8":"product_cat-plumbing","11":"instock","12":"shipping-taxable","13":"purchasable","14":"product-type-simple"},"_links":{"self":[{"href":"https:\/\/newhometr.com\/store\/wp-json\/wp\/v2\/product\/11377","targetHints":{"allow":["GET"]}}],"collection":[{"href":"https:\/\/newhometr.com\/store\/wp-json\/wp\/v2\/product"}],"about":[{"href":"https:\/\/newhometr.com\/store\/wp-json\/wp\/v2\/types\/product"}],"replies":[{"embeddable":true,"href":"https:\/\/newhometr.com\/store\/wp-json\/wp\/v2\/comments?post=11377"}],"version-history":[{"count":1,"href":"https:\/\/newhometr.com\/store\/wp-json\/wp\/v2\/product\/11377\/revisions"}],"predecessor-version":[{"id":11379,"href":"https:\/\/newhometr.com\/store\/wp-json\/wp\/v2\/product\/11377\/revisions\/11379"}],"wp:featuredmedia":[{"embeddable":true,"href":"https:\/\/newhometr.com\/store\/wp-json\/wp\/v2\/media\/11378"}],"wp:attachment":[{"href":"https:\/\/newhometr.com\/store\/wp-json\/wp\/v2\/media?parent=11377"}],"wp:term":[{"taxonomy":"product_brand","embeddable":true,"href":"https:\/\/newhometr.com\/store\/wp-json\/wp\/v2\/product_brand?post=11377"},{"taxonomy":"product_cat","embeddable":true,"href":"https:\/\/newhometr.com\/store\/wp-json\/wp\/v2\/product_cat?post=11377"},{"taxonomy":"product_tag","embeddable":true,"href":"https:\/\/newhometr.com\/store\/wp-json\/wp\/v2\/product_tag?post=11377"}],"curies":[{"name":"wp","href":"https:\/\/api.w.org\/{rel}","templated":true}]}}