{"id":11349,"date":"2025-07-28T13:32:39","date_gmt":"2025-07-28T13:32:39","guid":{"rendered":"https:\/\/newhometr.com\/store\/?post_type=product&#038;p=11349"},"modified":"2025-07-28T13:32:46","modified_gmt":"2025-07-28T13:32:46","slug":"kalde-q110x250-mm-ti%cc%87p1-pvc-u-boru-b-ti%cc%87pi%cc%87","status":"publish","type":"product","link":"https:\/\/newhometr.com\/store\/product\/kalde-q110x250-mm-ti%cc%87p1-pvc-u-boru-b-ti%cc%87pi%cc%87\/","title":{"rendered":"Kalde Q110x250 Mm Ti\u0307p1 Pvc U Boru B Ti\u0307pi\u0307"},"content":{"rendered":"<p>Kalde 32 PVC-U Boru B Tipi (110X2500)<\/p>\n<p>Kalde 32 PVC-U Boru B Tipi (110X250), g\u00fcvenilir ve dayan\u0131kl\u0131 yap\u0131s\u0131yla \u00fcst\u00fcn performans sa\u011flayan bir boru \u00e7\u00f6z\u00fcm\u00fcd\u00fcr. Kalde&#8217;nin uzun y\u0131llara dayanan deneyimi ve m\u00fckemmeliyet anlay\u0131\u015f\u0131 ile \u00fcretilen bu boru, farkl\u0131 uygulama alanlar\u0131nda geni\u015f bir kullan\u0131m yelpazesi sunar.<\/p>\n<p>\u00d6zellikler:<\/p>\n<ul>\n<li>Boyut: 110X250 mm<\/li>\n<li>Malzeme: Y\u00fcksek kaliteli PVC-U<\/li>\n<li>Tip: B Tipi<\/li>\n<li>Dayan\u0131kl\u0131l\u0131k: Kimyasallara, korozyona ve darbelere kar\u015f\u0131 \u00fcst\u00fcn diren\u00e7Kolay Kurulum: H\u0131zl\u0131 ve sorunsuz montaj i\u00e7in optimize edilmi\u015f tasar\u0131m<\/li>\n<li>\u00c7e\u015fitli Uygulamalar: Su ta\u015f\u0131ma, end\u00fcstriyel kullan\u0131m, evsel ama\u00e7lar ve daha fazlas\u0131<\/li>\n<\/ul>\n","protected":false},"excerpt":{"rendered":"<p>Kalde 32 PVC-U Boru B Tipi (110X2500) Kalde 32 PVC-U Boru B Tipi (110X250), g\u00fcvenilir ve dayan\u0131kl\u0131 yap\u0131s\u0131yla \u00fcst\u00fcn performans sa\u011flayan bir boru \u00e7\u00f6z\u00fcm\u00fcd\u00fcr. Kalde&#8217;nin uzun y\u0131llara dayanan deneyimi ve m\u00fckemmeliyet anlay\u0131\u015f\u0131 ile \u00fcretilen bu boru, farkl\u0131 uygulama alanlar\u0131nda geni\u015f bir kullan\u0131m yelpazesi sunar. \u00d6zellikler: Boyut: 110X250 mm Malzeme: Y\u00fcksek kaliteli PVC-U Tip: B Tipi &hellip; <a href=\"https:\/\/newhometr.com\/store\/product\/kalde-q110x250-mm-ti%cc%87p1-pvc-u-boru-b-ti%cc%87pi%cc%87\/\" class=\"more-link\">Continue reading <span class=\"screen-reader-text\">Kalde Q110x250 Mm Ti\u0307p1 Pvc U Boru B Ti\u0307pi\u0307<\/span><\/a><\/p>\n","protected":false},"featured_media":11350,"comment_status":"open","ping_status":"closed","template":"","meta":[],"product_brand":[],"product_cat":[527,52,53],"product_tag":[],"class_list":{"0":"post-11349","1":"product","2":"type-product","3":"status-publish","4":"has-post-thumbnail","6":"product_cat-establishment-materials","7":"product_cat-building-materials","8":"product_cat-plumbing","11":"instock","12":"shipping-taxable","13":"purchasable","14":"product-type-simple"},"_links":{"self":[{"href":"https:\/\/newhometr.com\/store\/wp-json\/wp\/v2\/product\/11349","targetHints":{"allow":["GET"]}}],"collection":[{"href":"https:\/\/newhometr.com\/store\/wp-json\/wp\/v2\/product"}],"about":[{"href":"https:\/\/newhometr.com\/store\/wp-json\/wp\/v2\/types\/product"}],"replies":[{"embeddable":true,"href":"https:\/\/newhometr.com\/store\/wp-json\/wp\/v2\/comments?post=11349"}],"version-history":[{"count":2,"href":"https:\/\/newhometr.com\/store\/wp-json\/wp\/v2\/product\/11349\/revisions"}],"predecessor-version":[{"id":11352,"href":"https:\/\/newhometr.com\/store\/wp-json\/wp\/v2\/product\/11349\/revisions\/11352"}],"wp:featuredmedia":[{"embeddable":true,"href":"https:\/\/newhometr.com\/store\/wp-json\/wp\/v2\/media\/11350"}],"wp:attachment":[{"href":"https:\/\/newhometr.com\/store\/wp-json\/wp\/v2\/media?parent=11349"}],"wp:term":[{"taxonomy":"product_brand","embeddable":true,"href":"https:\/\/newhometr.com\/store\/wp-json\/wp\/v2\/product_brand?post=11349"},{"taxonomy":"product_cat","embeddable":true,"href":"https:\/\/newhometr.com\/store\/wp-json\/wp\/v2\/product_cat?post=11349"},{"taxonomy":"product_tag","embeddable":true,"href":"https:\/\/newhometr.com\/store\/wp-json\/wp\/v2\/product_tag?post=11349"}],"curies":[{"name":"wp","href":"https:\/\/api.w.org\/{rel}","templated":true}]}}