{"id":11336,"date":"2025-07-28T13:19:18","date_gmt":"2025-07-28T13:19:18","guid":{"rendered":"https:\/\/newhometr.com\/store\/?post_type=product&#038;p=11336"},"modified":"2025-07-28T13:19:20","modified_gmt":"2025-07-28T13:19:20","slug":"fico-home-tavana-sifir-plafonyer-panel-led-avize-6500k-buz-beyazi-i-siyah-govde","status":"publish","type":"product","link":"https:\/\/newhometr.com\/store\/product\/fico-home-tavana-sifir-plafonyer-panel-led-avize-6500k-buz-beyazi-i-siyah-govde\/","title":{"rendered":"Fico Home Tavana S\u0131f\u0131r Plafonyer Panel Led Avize 6500k Buz Beyaz\u0131 I Siyah G\u00f6vde"},"content":{"rendered":"<ul>\n<li>kasa rengi :siyah<\/li>\n<li>\u00fcr\u00fcn ebatlar\u0131 :<\/li>\n<li>kal\u0131nl\u0131k : 3.5 cm<\/li>\n<li>d\u0131\u015f \u00e7ap\u0131 : 30 x 30 cm<\/li>\n<li>enerji tasarrufu : % 80<\/li>\n<li>kullan\u0131lan led tipi : 2835 smd &#8211; y\u00fcksek \u0131\u015f\u0131k g\u00fcc\u00fc<\/li>\n<li>kulan\u0131m \u015fekli : i\u00e7 mekan ( ip20 ) s\u0131va \u00fcst\u00fc kullan\u0131ma uygundur.<\/li>\n<li>i\u015f\u0131k rengi : 6500 k<\/li>\n<li>l\u00fcmen : 1920<\/li>\n<li>voltaj : i\u0307nput ac 90 &#8211; 240v 50\/60 hz<\/li>\n<\/ul>\n","protected":false},"excerpt":{"rendered":"<p>kasa rengi :siyah \u00fcr\u00fcn ebatlar\u0131 : kal\u0131nl\u0131k : 3.5 cm d\u0131\u015f \u00e7ap\u0131 : 30 x 30 cm enerji tasarrufu : % 80 kullan\u0131lan led tipi : 2835 smd &#8211; y\u00fcksek \u0131\u015f\u0131k g\u00fcc\u00fc kulan\u0131m \u015fekli : i\u00e7 mekan ( ip20 ) s\u0131va \u00fcst\u00fc kullan\u0131ma uygundur. i\u015f\u0131k rengi : 6500 k l\u00fcmen : 1920 voltaj : i\u0307nput &hellip; <a href=\"https:\/\/newhometr.com\/store\/product\/fico-home-tavana-sifir-plafonyer-panel-led-avize-6500k-buz-beyazi-i-siyah-govde\/\" class=\"more-link\">Continue reading <span class=\"screen-reader-text\">Fico Home Tavana S\u0131f\u0131r Plafonyer Panel Led Avize 6500k Buz Beyaz\u0131 I Siyah G\u00f6vde<\/span><\/a><\/p>\n","protected":false},"featured_media":11337,"comment_status":"open","ping_status":"closed","template":"","meta":[],"product_brand":[],"product_cat":[460,43],"product_tag":[],"class_list":{"0":"post-11336","1":"product","2":"type-product","3":"status-publish","4":"has-post-thumbnail","6":"product_cat-lighting","7":"product_cat-electrical","10":"instock","11":"shipping-taxable","12":"purchasable","13":"product-type-simple"},"_links":{"self":[{"href":"https:\/\/newhometr.com\/store\/wp-json\/wp\/v2\/product\/11336","targetHints":{"allow":["GET"]}}],"collection":[{"href":"https:\/\/newhometr.com\/store\/wp-json\/wp\/v2\/product"}],"about":[{"href":"https:\/\/newhometr.com\/store\/wp-json\/wp\/v2\/types\/product"}],"replies":[{"embeddable":true,"href":"https:\/\/newhometr.com\/store\/wp-json\/wp\/v2\/comments?post=11336"}],"version-history":[{"count":2,"href":"https:\/\/newhometr.com\/store\/wp-json\/wp\/v2\/product\/11336\/revisions"}],"predecessor-version":[{"id":11340,"href":"https:\/\/newhometr.com\/store\/wp-json\/wp\/v2\/product\/11336\/revisions\/11340"}],"wp:featuredmedia":[{"embeddable":true,"href":"https:\/\/newhometr.com\/store\/wp-json\/wp\/v2\/media\/11337"}],"wp:attachment":[{"href":"https:\/\/newhometr.com\/store\/wp-json\/wp\/v2\/media?parent=11336"}],"wp:term":[{"taxonomy":"product_brand","embeddable":true,"href":"https:\/\/newhometr.com\/store\/wp-json\/wp\/v2\/product_brand?post=11336"},{"taxonomy":"product_cat","embeddable":true,"href":"https:\/\/newhometr.com\/store\/wp-json\/wp\/v2\/product_cat?post=11336"},{"taxonomy":"product_tag","embeddable":true,"href":"https:\/\/newhometr.com\/store\/wp-json\/wp\/v2\/product_tag?post=11336"}],"curies":[{"name":"wp","href":"https:\/\/api.w.org\/{rel}","templated":true}]}}