{"id":11326,"date":"2025-07-28T13:09:32","date_gmt":"2025-07-28T13:09:32","guid":{"rendered":"https:\/\/newhometr.com\/store\/?post_type=product&#038;p=11326"},"modified":"2025-07-28T13:09:34","modified_gmt":"2025-07-28T13:09:34","slug":"pasha-dekor-8-cm-lara-parke-supurgelik","status":"publish","type":"product","link":"https:\/\/newhometr.com\/store\/product\/pasha-dekor-8-cm-lara-parke-supurgelik\/","title":{"rendered":"Pasha Dekor 8 Cm Lara Parke S\u00fcp\u00fcrgelik"},"content":{"rendered":"<p>\u00fcr\u00fcn sat\u0131\u015f fiyat\u0131 1 boy fiyat\u0131d\u0131r 1 boy uzunluk 2.50 mt mdf kal\u0131nl\u0131k 10 mm y\u00fckseklik 8 cm mdf \u00fczeri finish folyo kaplamal\u0131d\u0131r. silikon veya 2&#215;30 \u00e7elik \u00e7ivisi ile montaj\u0131 yap\u0131labilir. parke, seramik , fayans kapl\u0131 zeminlerde sorunsuzca uygulanabilir. sert kimyasal ve g\u00fcne\u015f \u0131\u015f\u0131\u011f\u0131na maruz kalmad\u0131\u011f\u0131 m\u00fcddet\u00e7e sararma solma yapmaz<\/p>\n","protected":false},"excerpt":{"rendered":"<p>\u00fcr\u00fcn sat\u0131\u015f fiyat\u0131 1 boy fiyat\u0131d\u0131r 1 boy uzunluk 2.50 mt mdf kal\u0131nl\u0131k 10 mm y\u00fckseklik 8 cm mdf \u00fczeri finish folyo kaplamal\u0131d\u0131r. silikon veya 2&#215;30 \u00e7elik \u00e7ivisi ile montaj\u0131 yap\u0131labilir. parke, seramik , fayans kapl\u0131 zeminlerde sorunsuzca uygulanabilir. sert kimyasal ve g\u00fcne\u015f \u0131\u015f\u0131\u011f\u0131na maruz kalmad\u0131\u011f\u0131 m\u00fcddet\u00e7e sararma solma yapmaz<\/p>\n","protected":false},"featured_media":11327,"comment_status":"open","ping_status":"closed","template":"","meta":[],"product_brand":[],"product_cat":[526,52],"product_tag":[],"class_list":{"0":"post-11326","1":"product","2":"type-product","3":"status-publish","4":"has-post-thumbnail","6":"product_cat-installation-and-pasting","7":"product_cat-building-materials","10":"instock","11":"shipping-taxable","12":"purchasable","13":"product-type-simple"},"_links":{"self":[{"href":"https:\/\/newhometr.com\/store\/wp-json\/wp\/v2\/product\/11326","targetHints":{"allow":["GET"]}}],"collection":[{"href":"https:\/\/newhometr.com\/store\/wp-json\/wp\/v2\/product"}],"about":[{"href":"https:\/\/newhometr.com\/store\/wp-json\/wp\/v2\/types\/product"}],"replies":[{"embeddable":true,"href":"https:\/\/newhometr.com\/store\/wp-json\/wp\/v2\/comments?post=11326"}],"version-history":[{"count":1,"href":"https:\/\/newhometr.com\/store\/wp-json\/wp\/v2\/product\/11326\/revisions"}],"predecessor-version":[{"id":11329,"href":"https:\/\/newhometr.com\/store\/wp-json\/wp\/v2\/product\/11326\/revisions\/11329"}],"wp:featuredmedia":[{"embeddable":true,"href":"https:\/\/newhometr.com\/store\/wp-json\/wp\/v2\/media\/11327"}],"wp:attachment":[{"href":"https:\/\/newhometr.com\/store\/wp-json\/wp\/v2\/media?parent=11326"}],"wp:term":[{"taxonomy":"product_brand","embeddable":true,"href":"https:\/\/newhometr.com\/store\/wp-json\/wp\/v2\/product_brand?post=11326"},{"taxonomy":"product_cat","embeddable":true,"href":"https:\/\/newhometr.com\/store\/wp-json\/wp\/v2\/product_cat?post=11326"},{"taxonomy":"product_tag","embeddable":true,"href":"https:\/\/newhometr.com\/store\/wp-json\/wp\/v2\/product_tag?post=11326"}],"curies":[{"name":"wp","href":"https:\/\/api.w.org\/{rel}","templated":true}]}}