{"id":11320,"date":"2025-07-28T13:05:05","date_gmt":"2025-07-28T13:05:05","guid":{"rendered":"https:\/\/newhometr.com\/store\/?post_type=product&#038;p=11320"},"modified":"2025-07-28T13:05:06","modified_gmt":"2025-07-28T13:05:06","slug":"pasha-dekor-10-cm-cenova-antrasit-pvc-kaplama-parke-supurgelik","status":"publish","type":"product","link":"https:\/\/newhometr.com\/store\/product\/pasha-dekor-10-cm-cenova-antrasit-pvc-kaplama-parke-supurgelik\/","title":{"rendered":"Pasha Dekor 10 Cm Cenova Antrasit Pvc Kaplama Parke S\u00fcp\u00fcrgelik"},"content":{"rendered":"<p>\u00dcr\u00fcn sat\u0131\u015f fiyat\u0131 1 boy fiyat\u0131d\u0131r. 1 Boy Uzunluk 2.50 mt MDF Kal\u0131nl\u0131k 12 mm Y\u00fckseklik 10 cm \u00dcr\u00fcn\u00fcn arkas\u0131nda kablo kanal\u0131 mevcuttur. 1. S\u0131n\u0131f Mdf \u00fcst\u00fc Pvc kaplanarak \u00fcretilmi\u015ftir. Silikon veya 2X30 \u00e7elik \u00e7ivisi ile montaj\u0131 yap\u0131labilir. Parke, Seramik , Fayans kapl\u0131 zeminlerde sorunsuzca uygulanabilir. Sert kimyasal ve g\u00fcne\u015f \u0131\u015f\u0131\u011f\u0131na maruz kalmad\u0131\u011f\u0131 m\u00fcddet\u00e7e sararma solma yapmaz.<\/p>\n","protected":false},"excerpt":{"rendered":"<p>\u00dcr\u00fcn sat\u0131\u015f fiyat\u0131 1 boy fiyat\u0131d\u0131r. 1 Boy Uzunluk 2.50 mt MDF Kal\u0131nl\u0131k 12 mm Y\u00fckseklik 10 cm \u00dcr\u00fcn\u00fcn arkas\u0131nda kablo kanal\u0131 mevcuttur. 1. S\u0131n\u0131f Mdf \u00fcst\u00fc Pvc kaplanarak \u00fcretilmi\u015ftir. Silikon veya 2X30 \u00e7elik \u00e7ivisi ile montaj\u0131 yap\u0131labilir. Parke, Seramik , Fayans kapl\u0131 zeminlerde sorunsuzca uygulanabilir. Sert kimyasal ve g\u00fcne\u015f \u0131\u015f\u0131\u011f\u0131na maruz kalmad\u0131\u011f\u0131 m\u00fcddet\u00e7e sararma &hellip; <a href=\"https:\/\/newhometr.com\/store\/product\/pasha-dekor-10-cm-cenova-antrasit-pvc-kaplama-parke-supurgelik\/\" class=\"more-link\">Continue reading <span class=\"screen-reader-text\">Pasha Dekor 10 Cm Cenova Antrasit Pvc Kaplama Parke S\u00fcp\u00fcrgelik<\/span><\/a><\/p>\n","protected":false},"featured_media":11321,"comment_status":"open","ping_status":"closed","template":"","meta":[],"product_brand":[],"product_cat":[526,52],"product_tag":[],"class_list":{"0":"post-11320","1":"product","2":"type-product","3":"status-publish","4":"has-post-thumbnail","6":"product_cat-installation-and-pasting","7":"product_cat-building-materials","10":"instock","11":"shipping-taxable","12":"purchasable","13":"product-type-simple"},"_links":{"self":[{"href":"https:\/\/newhometr.com\/store\/wp-json\/wp\/v2\/product\/11320","targetHints":{"allow":["GET"]}}],"collection":[{"href":"https:\/\/newhometr.com\/store\/wp-json\/wp\/v2\/product"}],"about":[{"href":"https:\/\/newhometr.com\/store\/wp-json\/wp\/v2\/types\/product"}],"replies":[{"embeddable":true,"href":"https:\/\/newhometr.com\/store\/wp-json\/wp\/v2\/comments?post=11320"}],"version-history":[{"count":2,"href":"https:\/\/newhometr.com\/store\/wp-json\/wp\/v2\/product\/11320\/revisions"}],"predecessor-version":[{"id":11325,"href":"https:\/\/newhometr.com\/store\/wp-json\/wp\/v2\/product\/11320\/revisions\/11325"}],"wp:featuredmedia":[{"embeddable":true,"href":"https:\/\/newhometr.com\/store\/wp-json\/wp\/v2\/media\/11321"}],"wp:attachment":[{"href":"https:\/\/newhometr.com\/store\/wp-json\/wp\/v2\/media?parent=11320"}],"wp:term":[{"taxonomy":"product_brand","embeddable":true,"href":"https:\/\/newhometr.com\/store\/wp-json\/wp\/v2\/product_brand?post=11320"},{"taxonomy":"product_cat","embeddable":true,"href":"https:\/\/newhometr.com\/store\/wp-json\/wp\/v2\/product_cat?post=11320"},{"taxonomy":"product_tag","embeddable":true,"href":"https:\/\/newhometr.com\/store\/wp-json\/wp\/v2\/product_tag?post=11320"}],"curies":[{"name":"wp","href":"https:\/\/api.w.org\/{rel}","templated":true}]}}