{"id":11299,"date":"2025-07-28T12:40:35","date_gmt":"2025-07-28T12:40:35","guid":{"rendered":"https:\/\/newhometr.com\/store\/?post_type=product&#038;p=11299"},"modified":"2025-07-28T12:40:37","modified_gmt":"2025-07-28T12:40:37","slug":"global-galvani%cc%87z-detay-u-alcipan-bi%cc%87ti%cc%87m-profi%cc%87li%cc%87","status":"publish","type":"product","link":"https:\/\/newhometr.com\/store\/product\/global-galvani%cc%87z-detay-u-alcipan-bi%cc%87ti%cc%87m-profi%cc%87li%cc%87\/","title":{"rendered":"GLOBAL Galvani\u0307z Detay U Al\u00e7ipan Bi\u0307ti\u0307m Profi\u0307li\u0307"},"content":{"rendered":"<p>GALVAN\u0130Z DETAY U AL\u00c7IPAN B\u0130T\u0130M PROF\u0130L\u0130<\/p>\n","protected":false},"excerpt":{"rendered":"<p>GALVAN\u0130Z DETAY U AL\u00c7IPAN B\u0130T\u0130M PROF\u0130L\u0130<\/p>\n","protected":false},"featured_media":11300,"comment_status":"open","ping_status":"closed","template":"","meta":[],"product_brand":[],"product_cat":[526,52],"product_tag":[],"class_list":{"0":"post-11299","1":"product","2":"type-product","3":"status-publish","4":"has-post-thumbnail","6":"product_cat-installation-and-pasting","7":"product_cat-building-materials","10":"instock","11":"shipping-taxable","12":"purchasable","13":"product-type-simple"},"_links":{"self":[{"href":"https:\/\/newhometr.com\/store\/wp-json\/wp\/v2\/product\/11299","targetHints":{"allow":["GET"]}}],"collection":[{"href":"https:\/\/newhometr.com\/store\/wp-json\/wp\/v2\/product"}],"about":[{"href":"https:\/\/newhometr.com\/store\/wp-json\/wp\/v2\/types\/product"}],"replies":[{"embeddable":true,"href":"https:\/\/newhometr.com\/store\/wp-json\/wp\/v2\/comments?post=11299"}],"version-history":[{"count":2,"href":"https:\/\/newhometr.com\/store\/wp-json\/wp\/v2\/product\/11299\/revisions"}],"predecessor-version":[{"id":11302,"href":"https:\/\/newhometr.com\/store\/wp-json\/wp\/v2\/product\/11299\/revisions\/11302"}],"wp:featuredmedia":[{"embeddable":true,"href":"https:\/\/newhometr.com\/store\/wp-json\/wp\/v2\/media\/11300"}],"wp:attachment":[{"href":"https:\/\/newhometr.com\/store\/wp-json\/wp\/v2\/media?parent=11299"}],"wp:term":[{"taxonomy":"product_brand","embeddable":true,"href":"https:\/\/newhometr.com\/store\/wp-json\/wp\/v2\/product_brand?post=11299"},{"taxonomy":"product_cat","embeddable":true,"href":"https:\/\/newhometr.com\/store\/wp-json\/wp\/v2\/product_cat?post=11299"},{"taxonomy":"product_tag","embeddable":true,"href":"https:\/\/newhometr.com\/store\/wp-json\/wp\/v2\/product_tag?post=11299"}],"curies":[{"name":"wp","href":"https:\/\/api.w.org\/{rel}","templated":true}]}}