{"id":11295,"date":"2025-07-28T12:34:45","date_gmt":"2025-07-28T12:34:45","guid":{"rendered":"https:\/\/newhometr.com\/store\/?post_type=product&#038;p=11295"},"modified":"2025-07-28T12:34:49","modified_gmt":"2025-07-28T12:34:49","slug":"kalde-1-2-mi%cc%87ni%cc%87-kureselvana-kirmizi","status":"publish","type":"product","link":"https:\/\/newhometr.com\/store\/product\/kalde-1-2-mi%cc%87ni%cc%87-kureselvana-kirmizi\/","title":{"rendered":"Kalde 1\/2 Mi\u0307ni\u0307 K\u00fcreselvana Kirmizi"},"content":{"rendered":"<p>KALDE 1\/2 M\u0130N\u0130 K\u00dcRESELVANA KIRMIZI<\/p>\n","protected":false},"excerpt":{"rendered":"<p>KALDE 1\/2 M\u0130N\u0130 K\u00dcRESELVANA KIRMIZI<\/p>\n","protected":false},"featured_media":11296,"comment_status":"open","ping_status":"closed","template":"","meta":[],"product_brand":[],"product_cat":[525,53],"product_tag":[],"class_list":{"0":"post-11295","1":"product","2":"type-product","3":"status-publish","4":"has-post-thumbnail","6":"product_cat-heating-accessories","7":"product_cat-plumbing","10":"instock","11":"shipping-taxable","12":"purchasable","13":"product-type-simple"},"_links":{"self":[{"href":"https:\/\/newhometr.com\/store\/wp-json\/wp\/v2\/product\/11295","targetHints":{"allow":["GET"]}}],"collection":[{"href":"https:\/\/newhometr.com\/store\/wp-json\/wp\/v2\/product"}],"about":[{"href":"https:\/\/newhometr.com\/store\/wp-json\/wp\/v2\/types\/product"}],"replies":[{"embeddable":true,"href":"https:\/\/newhometr.com\/store\/wp-json\/wp\/v2\/comments?post=11295"}],"version-history":[{"count":1,"href":"https:\/\/newhometr.com\/store\/wp-json\/wp\/v2\/product\/11295\/revisions"}],"predecessor-version":[{"id":11297,"href":"https:\/\/newhometr.com\/store\/wp-json\/wp\/v2\/product\/11295\/revisions\/11297"}],"wp:featuredmedia":[{"embeddable":true,"href":"https:\/\/newhometr.com\/store\/wp-json\/wp\/v2\/media\/11296"}],"wp:attachment":[{"href":"https:\/\/newhometr.com\/store\/wp-json\/wp\/v2\/media?parent=11295"}],"wp:term":[{"taxonomy":"product_brand","embeddable":true,"href":"https:\/\/newhometr.com\/store\/wp-json\/wp\/v2\/product_brand?post=11295"},{"taxonomy":"product_cat","embeddable":true,"href":"https:\/\/newhometr.com\/store\/wp-json\/wp\/v2\/product_cat?post=11295"},{"taxonomy":"product_tag","embeddable":true,"href":"https:\/\/newhometr.com\/store\/wp-json\/wp\/v2\/product_tag?post=11295"}],"curies":[{"name":"wp","href":"https:\/\/api.w.org\/{rel}","templated":true}]}}